{"id":2937,"date":"2023-05-09T08:32:34","date_gmt":"2023-05-09T06:32:34","guid":{"rendered":"https:\/\/www.parthages.be\/eboutique\/?post_type=product&#038;p=2937"},"modified":"2023-09-12T11:30:07","modified_gmt":"2023-09-12T09:30:07","slug":"soleil-au-ventre-les-chemins-dun-enfant-different","status":"publish","type":"product","link":"https:\/\/www.parthages.be\/eboutique\/produit\/soleil-au-ventre-les-chemins-dun-enfant-different\/","title":{"rendered":"Soleil au ventre. Les chemins d\u2019un enfant diff\u00e9rent"},"content":{"rendered":"<p>Paul se dit des choses \u00e9tranges, souvent et particuli\u00e8rement aujourd\u2019hui, car c\u2019est un jour particulier. Il fait sa rentr\u00e9e scolaire en CM1 et a chang\u00e9 d\u2019\u00e9cole. Comme tout ce qui est nouveau, cet \u00e9v\u00e9nement le paralyse et le fascine. C\u2019est comme une nouvelle naissance, se dit-il. La plupart des enfants naissent une bonne fois en sortant du ventre de leur maman, c\u2019est entendu. Lui, c\u2019est diff\u00e9rent. Il a le sentiment qu\u2019il aura besoin de temps ou de plusieurs essais pour na\u00eetre vraiment, parce que Paul est tr\u00e8s diff\u00e9rent des autres enfants. Il esp\u00e8re seulement que cela ne se verra pas trop vite, mais il sait bien que cela est vain, du fait m\u00eame que Paul n\u2019est pas seulement Paul.<br \/>\nIl est Paul, l\u2019enfant souffrant de ce handicap que l\u2019on appelle d\u2019un nom bien curieux, le syndrome d\u2019Asperger, une forme d\u2019autisme&#8230; (Pr\u00e9sentation de l\u2019\u00e9diteur)<\/p>\n<p>DETHIEUX J-B.<\/p>\n<p>Editeur\u00a0Atelier De La Belle Etoile<\/p>\n<p>2019- 42p.-<\/p>\n<p>134 gr<\/p>\n<p>ISBN\u00a0: 978-2-379-66027-6<\/p>\n<p>Cote doc\u00a0: 11-DET-S<\/p>\n<span class=\"et_bloom_bottom_trigger\"><\/span>","protected":false},"excerpt":{"rendered":"<p>Paul se dit des choses \u00e9tranges, souvent et particuli\u00e8rement aujourd\u2019hui, car c\u2019est un jour particulier. Il fait sa rentr\u00e9e scolaire en CM1 et a chang\u00e9 d\u2019\u00e9cole.<\/p>\n","protected":false},"featured_media":2938,"comment_status":"closed","ping_status":"closed","template":"","meta":{"_et_pb_use_builder":"","_et_pb_old_content":"","_et_gb_content_width":"","spay_email":""},"class_list":["post-2937","product","type-product","status-publish","has-post-thumbnail","hentry","product_cat-livres","product_cat-livres-jeunesse","product_tag-difference","product_tag-ecole","product_tag-enfant","product_tag-personne-handicape","product_tag-syndrome-dasperger"],"jetpack_sharing_enabled":true,"jetpack_likes_enabled":true,"_links":{"self":[{"href":"https:\/\/www.parthages.be\/eboutique\/wp-json\/wp\/v2\/product\/2937","targetHints":{"allow":["GET"]}}],"collection":[{"href":"https:\/\/www.parthages.be\/eboutique\/wp-json\/wp\/v2\/product"}],"about":[{"href":"https:\/\/www.parthages.be\/eboutique\/wp-json\/wp\/v2\/types\/product"}],"replies":[{"embeddable":true,"href":"https:\/\/www.parthages.be\/eboutique\/wp-json\/wp\/v2\/comments?post=2937"}],"wp:featuredmedia":[{"embeddable":true,"href":"https:\/\/www.parthages.be\/eboutique\/wp-json\/wp\/v2\/media\/2938"}],"wp:attachment":[{"href":"https:\/\/www.parthages.be\/eboutique\/wp-json\/wp\/v2\/media?parent=2937"}],"curies":[{"name":"wp","href":"https:\/\/api.w.org\/{rel}","templated":true}]}}