{"id":2969,"date":"2023-09-12T11:14:59","date_gmt":"2023-09-12T09:14:59","guid":{"rendered":"https:\/\/www.parthages.be\/eboutique\/?post_type=product&#038;p=2969"},"modified":"2024-02-19T14:24:22","modified_gmt":"2024-02-19T13:24:22","slug":"aider-son-enfant-a-surmonter-le-mutisme-selectif-guide-pratique-pour-surmonter-la-peur-de-parler","status":"publish","type":"product","link":"https:\/\/www.parthages.be\/eboutique\/produit\/aider-son-enfant-a-surmonter-le-mutisme-selectif-guide-pratique-pour-surmonter-la-peur-de-parler\/","title":{"rendered":"Aider son enfant \u00e0 surmonter le mutisme s\u00e9lectif. Guide pratique pour surmonter la peur de parler"},"content":{"rendered":"<p>Souvent consid\u00e9r\u00e9 comme un trouble li\u00e9 \u00e0 l&rsquo;anxi\u00e9t\u00e9, le mutisme s\u00e9lectif se d\u00e9finit par l&rsquo;incapacit\u00e9 que certains enfants \u00e9prouvent \u00e0 parler dans certaines situations. Environ 2 % des enfants en sont affect\u00e9s. Les signes pr\u00e9curseurs apparaissent en g\u00e9n\u00e9ral avant l&rsquo;\u00e2ge de 5 ans, mais il arrive fr\u00e9quemment que cette difficult\u00e9 ne soit d\u00e9tect\u00e9e que lors de la premi\u00e8re rentr\u00e9e scolaire. Bien que le comportement de chaque enfant soit unique, la plupart des enfants souffrant de mutisme s\u00e9lectif sont \u00e0 l&rsquo;aise pour s&rsquo;exprimer \u00e0 la maison alors qu&rsquo;ils sont incapables de le faire, par exemple, \u00e0 l&rsquo;\u00e9cole ou en collectivit\u00e9 avec d&rsquo;autres enfants. Lorsqu&rsquo;un enfant atteint de mutisme s\u00e9lectif est incit\u00e9 \u00e0 parler dans une situation qui lui procure de l&rsquo;anxi\u00e9t\u00e9, il baissera souvent la t\u00eate, rougira, ou \u00e9vitera d&rsquo;une fa\u00e7on ou d&rsquo;une autre d&rsquo;interagir avec les personnes pr\u00e9sentes. Si vous pensez que votre enfant souffre peut-\u00eatre de mutisme s\u00e9lectif, ce livre est fait pour vous et pourra vous aider. Il comporte une vue d&rsquo;ensemble des points essentiels \u00e0 conna\u00eetre pour mieux comprendre cette condition ainsi que des conseils pour mettre en place et assurer le suivi d&rsquo;un programme d&rsquo;aide. Il explique \u00e9galement les mesures \u00e0 prendre pour encourager votre enfant \u00e0 parler sans g\u00eane dans la salle de classe et avec ses amis. Toutes les strat\u00e9gies du livre se basent sur une approche graduelle qui l&rsquo;aidera \u00e0 avancer par petits pas. Les techniques utilis\u00e9es inciteront tout en douceur votre enfant \u00e0 parler davantage dans des situations sociales, tout en lui permettant de se sentir \u00e0 l&rsquo;aise et en s\u00e9curit\u00e9. (Pr\u00e9sentation de l\u2019\u00e9diteur)<\/p>\n<p>ANGELINA E. MCHOLM &#8211; CHARLES E.CUNNINGHAMM -M\u00c9LANIE K.VANIER<br \/>\nEditions Chronique sociale<br \/>\n2021- 204p.<br \/>\n322gr<br \/>\nISBN\u00a0: 978-2-36717-771-7<br \/>\nCote doc\u00a0: 10-10-MCH-A<\/p>\n<span class=\"et_bloom_bottom_trigger\"><\/span>","protected":false},"excerpt":{"rendered":"<p>Souvent consid\u00e9r\u00e9 comme un trouble li\u00e9 \u00e0 l&rsquo;anxi\u00e9t\u00e9, le mutisme s\u00e9lectif se d\u00e9finit par l&rsquo;incapacit\u00e9 que certains enfants \u00e9prouvent \u00e0 parler dans certaines situations.<\/p>\n","protected":false},"featured_media":2970,"comment_status":"closed","ping_status":"closed","template":"","meta":{"_et_pb_use_builder":"","_et_pb_old_content":"","_et_gb_content_width":"","spay_email":""},"class_list":["post-2969","product","type-product","status-publish","has-post-thumbnail","hentry","product_cat-livres","product_tag-acceptation","product_tag-amour","product_tag-difference","product_tag-empathie","product_tag-enfant","product_tag-outil","product_tag-personne-handicapee","product_tag-resilience","product_tag-temoignage","product_tag-trisomie-21"],"jetpack_sharing_enabled":true,"jetpack_likes_enabled":true,"_links":{"self":[{"href":"https:\/\/www.parthages.be\/eboutique\/wp-json\/wp\/v2\/product\/2969","targetHints":{"allow":["GET"]}}],"collection":[{"href":"https:\/\/www.parthages.be\/eboutique\/wp-json\/wp\/v2\/product"}],"about":[{"href":"https:\/\/www.parthages.be\/eboutique\/wp-json\/wp\/v2\/types\/product"}],"replies":[{"embeddable":true,"href":"https:\/\/www.parthages.be\/eboutique\/wp-json\/wp\/v2\/comments?post=2969"}],"wp:featuredmedia":[{"embeddable":true,"href":"https:\/\/www.parthages.be\/eboutique\/wp-json\/wp\/v2\/media\/2970"}],"wp:attachment":[{"href":"https:\/\/www.parthages.be\/eboutique\/wp-json\/wp\/v2\/media?parent=2969"}],"curies":[{"name":"wp","href":"https:\/\/api.w.org\/{rel}","templated":true}]}}