{"id":2973,"date":"2023-09-12T11:19:16","date_gmt":"2023-09-12T09:19:16","guid":{"rendered":"https:\/\/www.parthages.be\/eboutique\/?post_type=product&#038;p=2973"},"modified":"2024-02-19T14:23:54","modified_gmt":"2024-02-19T13:23:54","slug":"japprends-a-vivre-en-citoyen-libre-heureux-et-solidaire","status":"publish","type":"product","link":"https:\/\/www.parthages.be\/eboutique\/produit\/japprends-a-vivre-en-citoyen-libre-heureux-et-solidaire\/","title":{"rendered":"J\u2019apprends \u00e0 vivre en citoyen libre, heureux et solidaire."},"content":{"rendered":"<p>Ce cahier d&rsquo;exercices,\u00a0destin\u00e9 aux coll\u00e8ges, lyc\u00e9es, mouvements de jeunesse et personnes de 9 \u00e0 99 ans, est une collection de petits jeux de vie, c\u2019est-\u00e0-dire de minuscules d\u00e9fis que nous vous proposons de relever, chaque semaine ou chaque jour.<br \/>\nSi les \u00e9l\u00e9ments en paraissent insignifiants \u00e0 premi\u00e8re vue, en vous entra\u00eenant r\u00e9guli\u00e8rement, \u00e0 un jeu, puis un autre et, peut-\u00eatre enfin, \u00e0 tous \u00e0 la fois, vous finirez par constater que votre vie a r\u00e9ellement beaucoup chang\u00e9, que vous vous sentez mieux dans votre peau et que vos relations sont plus \u00e9panouies.<br \/>\nVoici quelques t\u00e9moignages de jeunes qui vous donneront l\u2019envie de vous lancer dans l\u2019aventure.<br \/>\n\u00ab\u00a0Les jeux de vie, aussi simples qu\u2019ils paraissent, m\u2019ont v\u00e9ritablement aid\u00e9e.\u00a0\u00bb\u00a0Clara<br \/>\n\u00ab\u00a0Les jeux de vie sont des sortes de petits d\u00e9fis \u00e0 r\u00e9aliser chaque semaine et qui nous permettent de\u00a0 nous d\u00e9passer. J\u2019aime penser qu\u2019ils nous apprennent \u00e0 vivre. Avant, je \u201csous-vivais\u201d, maintenant, je VIS, du moins j\u2019apprends.\u00a0\u00bb\u00a0Louise<br \/>\n\u00ab\u00a0Malgr\u00e9 ce que je pensais \u00e0 ce moment-l\u00e0, je me suis dit : Pourquoi ne pas le faire ? Et en le faisant, j\u2019ai ressenti comme quelque chose qui changeait en moi.\u00a0\u00bb\u00a0Antoine<br \/>\n\u00ab\u00a0Les jeux de vie sont s\u00fbrement les\u00a0devoirs\u00a0les plus chouettes que j\u2019aie jamais eu \u00e0 r\u00e9aliser car, pour les r\u00e9ussir, il ne faut pas travailler et r\u00e9fl\u00e9chir des heures, il faut simplement avoir la d\u00e9termination de se d\u00e9passer.\u00a0\u00bb\u00a0S\u00e9bastien (Pr\u00e9sentation de l\u2019\u00e9diteur)<br \/>\nHUBERT D. &#8211; BLOCK F.<br \/>\nEditions Chronique sociale<br \/>\n2018- 64p.-<br \/>\n126gr<br \/>\nISBN\u00a0: 978-2-36717-491-4<br \/>\nCote doc\u00a0: 9-20-HUB-V<\/p>\n<span class=\"et_bloom_bottom_trigger\"><\/span>","protected":false},"excerpt":{"rendered":"<p>Ce cahier d&rsquo;exercices,\u00a0destin\u00e9 aux coll\u00e8ges, lyc\u00e9es, mouvements de jeunesse et personnes de 9 \u00e0 99 ans, est une collection de petits jeux de vie, c\u2019est-\u00e0-dire de minuscules d\u00e9fis que nous vous proposons de relever, chaque semaine ou chaque jour.<\/p>\n","protected":false},"featured_media":2974,"comment_status":"closed","ping_status":"closed","template":"","meta":{"_et_pb_use_builder":"","_et_pb_old_content":"","_et_gb_content_width":"","spay_email":""},"class_list":["post-2973","product","type-product","status-publish","has-post-thumbnail","hentry","product_cat-livres","product_tag-defi","product_tag-developpement-personnel","product_tag-jeu-pedagogique","product_tag-outil","product_tag-temoignage"],"jetpack_sharing_enabled":true,"jetpack_likes_enabled":true,"_links":{"self":[{"href":"https:\/\/www.parthages.be\/eboutique\/wp-json\/wp\/v2\/product\/2973","targetHints":{"allow":["GET"]}}],"collection":[{"href":"https:\/\/www.parthages.be\/eboutique\/wp-json\/wp\/v2\/product"}],"about":[{"href":"https:\/\/www.parthages.be\/eboutique\/wp-json\/wp\/v2\/types\/product"}],"replies":[{"embeddable":true,"href":"https:\/\/www.parthages.be\/eboutique\/wp-json\/wp\/v2\/comments?post=2973"}],"wp:featuredmedia":[{"embeddable":true,"href":"https:\/\/www.parthages.be\/eboutique\/wp-json\/wp\/v2\/media\/2974"}],"wp:attachment":[{"href":"https:\/\/www.parthages.be\/eboutique\/wp-json\/wp\/v2\/media?parent=2973"}],"curies":[{"name":"wp","href":"https:\/\/api.w.org\/{rel}","templated":true}]}}