{"id":2981,"date":"2023-09-12T11:38:46","date_gmt":"2023-09-12T09:38:46","guid":{"rendered":"https:\/\/www.parthages.be\/eboutique\/?post_type=product&#038;p=2981"},"modified":"2024-02-19T14:23:21","modified_gmt":"2024-02-19T13:23:21","slug":"les-tribulations-dun-homme-brise","status":"publish","type":"product","link":"https:\/\/www.parthages.be\/eboutique\/produit\/les-tribulations-dun-homme-brise\/","title":{"rendered":"Les tribulations d\u2019un homme bris\u00e9"},"content":{"rendered":"<p>Il y a des chemins de vie sem\u00e9s d\u2019obstacles et de routes sinueuses. Certains sont plus beaux, plus simples ou beaucoup plus heureux. D\u2019autres sont faits d\u2019\u00e9checs ou sont interminables et ennuyeux. Parfois, ils sont semblables, singuliers, contraires et merveilleux. Beaucoup s\u2019arr\u00eatent trop vite, restent inachev\u00e9s et douloureux.<br \/>\nLe mien est une histoire o\u00f9 je suis mon propre spectateur et acteur. Elle pourrait se terminer par un happy end, mais ce serait tout d\u00e9voiler. Reprenez-la du d\u00e9but, c\u2019est ma confession, authentique et sans filtre. Je l\u2019ai \u00e9crite avec mon c\u0153ur, je ne suis pas \u00e9crivain, ni m\u00eame conteur, Mais certainement grand r\u00eaveur. (Pr\u00e9sentation de l\u2019\u00e9diteur)<br \/>\nPARENT L.<br \/>\nEditions Ma\u00efa<br \/>\n2018- 170p.-<br \/>\n500gr- (VN)<br \/>\nISBN\u00a0: 979-2-37916-004-2<br \/>\nCote doc\u00a0: 1-20-PAR-T<\/p>\n<span class=\"et_bloom_bottom_trigger\"><\/span>","protected":false},"excerpt":{"rendered":"<p>Il y a des chemins de vie sem\u00e9s d\u2019obstacles et de routes sinueuses. Certains sont plus beaux, plus simples ou beaucoup plus heureux. D\u2019autres sont faits d\u2019\u00e9checs ou sont interminables et ennuyeux. Parfois, ils sont semblables, singuliers, contraires et merveilleux. Beaucoup s\u2019arr\u00eatent trop vite, restent inachev\u00e9s et douloureux. Le mien est une histoire o\u00f9 je [&hellip;]<\/p>\n","protected":false},"featured_media":2982,"comment_status":"closed","ping_status":"closed","template":"","meta":{"_et_pb_use_builder":"","_et_pb_old_content":"","_et_gb_content_width":"","spay_email":""},"class_list":["post-2981","product","type-product","status-publish","has-post-thumbnail","hentry","product_cat-livres","product_tag-adulte","product_tag-ecriture","product_tag-personne-handicapee","product_tag-resilience","product_tag-temoignage","product_tag-tetraplegie","product_tag-therapie"],"jetpack_sharing_enabled":true,"jetpack_likes_enabled":true,"_links":{"self":[{"href":"https:\/\/www.parthages.be\/eboutique\/wp-json\/wp\/v2\/product\/2981","targetHints":{"allow":["GET"]}}],"collection":[{"href":"https:\/\/www.parthages.be\/eboutique\/wp-json\/wp\/v2\/product"}],"about":[{"href":"https:\/\/www.parthages.be\/eboutique\/wp-json\/wp\/v2\/types\/product"}],"replies":[{"embeddable":true,"href":"https:\/\/www.parthages.be\/eboutique\/wp-json\/wp\/v2\/comments?post=2981"}],"wp:featuredmedia":[{"embeddable":true,"href":"https:\/\/www.parthages.be\/eboutique\/wp-json\/wp\/v2\/media\/2982"}],"wp:attachment":[{"href":"https:\/\/www.parthages.be\/eboutique\/wp-json\/wp\/v2\/media?parent=2981"}],"curies":[{"name":"wp","href":"https:\/\/api.w.org\/{rel}","templated":true}]}}