{"id":2990,"date":"2023-09-12T12:40:56","date_gmt":"2023-09-12T10:40:56","guid":{"rendered":"https:\/\/www.parthages.be\/eboutique\/?post_type=product&#038;p=2990"},"modified":"2024-02-19T14:21:30","modified_gmt":"2024-02-19T13:21:30","slug":"education-et-societe-inclusives","status":"publish","type":"product","link":"https:\/\/www.parthages.be\/eboutique\/produit\/education-et-societe-inclusives\/","title":{"rendered":"Education et soci\u00e9t\u00e9 inclusives"},"content":{"rendered":"<p>La nouvelle revue &#8211; \u00c9ducation et soci\u00e9t\u00e9 inclusives 2022\/3 (N\u00b0 95)<br \/>\nPour relever les d\u00e9fis de l\u2019\u00e9cole inclusive, continuit\u00e9 et coh\u00e9rence sont n\u00e9cessaires entre les actions des personnels dans des espaces interm\u00e9tiers, o\u00f9 entrent en collaboration les mondes du soin, du travail social, de l\u2019\u00e9ducation, de la gestion des \u00e9tablissements. Comment peuvent s\u2019organiser des projets au service des parcours des \u00e9l\u00e8ves, mais aussi en soutien aux personnels ? Comment les tensions interprofessionnelles peuvent-elles devenir des ressources et \u00e0 quelles conditions l\u2019organisation des services peut-elle contribuer au d\u00e9veloppement de cette communaut\u00e9 inclusive ? Enfin, quelles formes de leadership peuvent en soutenir le d\u00e9veloppement ? (Pr\u00e9sentation de l\u2019\u00e9diteur)<br \/>\nPELLETIER L.- ALLENBACH M.- ST-VINCENT L-A.<br \/>\nEditions de l\u2019INSHEA en partenariat avec Champ Social<br \/>\n2023- 226p.-<br \/>\n500gr<br \/>\nISBN\u00a0: 978-2366161045<br \/>\nCote doc\u00a0: 10-20-PEL-E<\/p>\n<span class=\"et_bloom_bottom_trigger\"><\/span>","protected":false},"excerpt":{"rendered":"<p>Pour relever les d\u00e9fis de l\u2019\u00e9cole inclusive, continuit\u00e9 et coh\u00e9rence sont n\u00e9cessaires entre les actions des personnels dans des espaces interm\u00e9tiers, o\u00f9 entrent en collaboration les mondes du soin, du travail social, de l\u2019\u00e9ducation, de la gestion des \u00e9tablissements.<\/p>\n","protected":false},"featured_media":2991,"comment_status":"closed","ping_status":"closed","template":"","meta":{"_et_pb_use_builder":"","_et_pb_old_content":"","_et_gb_content_width":"","spay_email":""},"class_list":["post-2990","product","type-product","status-publish","has-post-thumbnail","hentry","product_cat-livres","product_tag-adolescent","product_tag-apprentissage","product_tag-besoin","product_tag-difference","product_tag-education-inclusive","product_tag-enseignement-ordinaire","product_tag-nfant","product_tag-outil","product_tag-participation"],"jetpack_sharing_enabled":true,"jetpack_likes_enabled":true,"_links":{"self":[{"href":"https:\/\/www.parthages.be\/eboutique\/wp-json\/wp\/v2\/product\/2990","targetHints":{"allow":["GET"]}}],"collection":[{"href":"https:\/\/www.parthages.be\/eboutique\/wp-json\/wp\/v2\/product"}],"about":[{"href":"https:\/\/www.parthages.be\/eboutique\/wp-json\/wp\/v2\/types\/product"}],"replies":[{"embeddable":true,"href":"https:\/\/www.parthages.be\/eboutique\/wp-json\/wp\/v2\/comments?post=2990"}],"wp:featuredmedia":[{"embeddable":true,"href":"https:\/\/www.parthages.be\/eboutique\/wp-json\/wp\/v2\/media\/2991"}],"wp:attachment":[{"href":"https:\/\/www.parthages.be\/eboutique\/wp-json\/wp\/v2\/media?parent=2990"}],"curies":[{"name":"wp","href":"https:\/\/api.w.org\/{rel}","templated":true}]}}