{"id":2992,"date":"2023-09-12T12:43:18","date_gmt":"2023-09-12T10:43:18","guid":{"rendered":"https:\/\/www.parthages.be\/eboutique\/?post_type=product&#038;p=2992"},"modified":"2024-02-19T14:21:17","modified_gmt":"2024-02-19T13:21:17","slug":"lasperger-au-travail","status":"publish","type":"product","link":"https:\/\/www.parthages.be\/eboutique\/produit\/lasperger-au-travail\/","title":{"rendered":"L\u2019asperger au travail."},"content":{"rendered":"<p>Mieux comprendre une diff\u00e9rence invisible pour \u00eatre plus efficaces ensemble<\/p>\n<p>Contrairement \u00e0 ce que l\u2019on pense, pr\u00e8s de 80 % des handicaps d\u00e9clar\u00e9s sont invisibles. Le syndrome d\u2019Asperger en fait partie. En France, de nombreux efforts ont \u00e9t\u00e9 d\u00e9ploy\u00e9s pour favoriser l\u2019insertion des personnes porteuses de ce syndrome dans le milieu de travail ordinaire. Malgr\u00e9 les bonnes volont\u00e9s, la situation n\u2019est cependant pas toujours simple \u00e0 g\u00e9rer. Comment, en effet, int\u00e9grer au quotidien les diff\u00e9rences de l\u2019Asperger et comment s\u2019int\u00e9grer au quotidien d\u2019une \u00e9quipe quand on est porteur de ce syndrome ? Comment s\u2019adapter ou quelles adaptations mettre en place ? Comment concilier efficacit\u00e9 professionnelle et respect de la personne ? Comment nouer des contacts humains avec quelqu\u2019un qui ne fonctionne pas comme la majorit\u00e9 des gens ?<br \/>\nDans ce livre, Judith Sitruk, forte de son exp\u00e9rience de coach, de ses nombreuses prises en charge de personnes porteuses du syndrome d\u2019Asperger, ainsi que de son v\u00e9cu d\u2019Aspie, propose des r\u00e9ponses \u00e0 toutes ces questions gr\u00e2ce \u00e0 :<br \/>\ndes mod\u00e8les de compr\u00e9hension pour le management et les \u00e9quipes ;<br \/>\ndes pistes d\u2019action \u00e0 mettre en \u0153uvre pour pr\u00e9server la qualit\u00e9 de vie au travail du salari\u00e9, des membres de l\u2019\u00e9quipe et du service dans lequel il \u00e9volue ainsi que la performance de chacun \u00e0 son niveau ;<br \/>\ndes t\u00e9moignages et exemples rencontr\u00e9s dans sa pratique professionnelle ;<br \/>\ndes fiches-outils.<br \/>\n(Pr\u00e9sentation de l\u2019\u00e9diteur)<br \/>\nSITRUK J.<br \/>\nEditions de Boeck sup\u00e9rieur<br \/>\n2023- 240p.-<br \/>\n380gr<br \/>\nISBN\u00a0: 978-2-8073-4179-1<br \/>\nCote doc\u00a0: 1-70-SIT-A<\/p>\n<span class=\"et_bloom_bottom_trigger\"><\/span>","protected":false},"excerpt":{"rendered":"<p>Contrairement \u00e0 ce que l\u2019on pense, pr\u00e8s de 80 % des handicaps d\u00e9clar\u00e9s sont invisibles. Le syndrome d\u2019Asperger en fait partie.<\/p>\n","protected":false},"featured_media":2993,"comment_status":"closed","ping_status":"closed","template":"","meta":{"_et_pb_use_builder":"","_et_pb_old_content":"","_et_gb_content_width":"","spay_email":""},"class_list":["post-2992","product","type-product","status-publish","has-post-thumbnail","hentry","product_cat-livres","product_tag-accompagnement","product_tag-difference","product_tag-emploi","product_tag-inclusion","product_tag-outil","product_tag-personne-handicapee","product_tag-syndrome-dasperger-2","product_tag-temoignage","product_tag-travail"],"jetpack_sharing_enabled":true,"jetpack_likes_enabled":true,"_links":{"self":[{"href":"https:\/\/www.parthages.be\/eboutique\/wp-json\/wp\/v2\/product\/2992","targetHints":{"allow":["GET"]}}],"collection":[{"href":"https:\/\/www.parthages.be\/eboutique\/wp-json\/wp\/v2\/product"}],"about":[{"href":"https:\/\/www.parthages.be\/eboutique\/wp-json\/wp\/v2\/types\/product"}],"replies":[{"embeddable":true,"href":"https:\/\/www.parthages.be\/eboutique\/wp-json\/wp\/v2\/comments?post=2992"}],"wp:featuredmedia":[{"embeddable":true,"href":"https:\/\/www.parthages.be\/eboutique\/wp-json\/wp\/v2\/media\/2993"}],"wp:attachment":[{"href":"https:\/\/www.parthages.be\/eboutique\/wp-json\/wp\/v2\/media?parent=2992"}],"curies":[{"name":"wp","href":"https:\/\/api.w.org\/{rel}","templated":true}]}}