{"id":2994,"date":"2023-09-12T12:47:06","date_gmt":"2023-09-12T10:47:06","guid":{"rendered":"https:\/\/www.parthages.be\/eboutique\/?post_type=product&#038;p=2994"},"modified":"2024-02-19T14:21:05","modified_gmt":"2024-02-19T13:21:05","slug":"le-garcon-qui-ne-voulait-pas-parler","status":"publish","type":"product","link":"https:\/\/www.parthages.be\/eboutique\/produit\/le-garcon-qui-ne-voulait-pas-parler\/","title":{"rendered":"Le gar\u00e7on qui ne voulait pas parler"},"content":{"rendered":"<p>Lorsque Morgane arrive dans son coll\u00e8ge, la vie d&rsquo;Asante bascule. Il est le seul \u00e0 se montrer gentil, alors que les autres \u00e9l\u00e8ves se moquent d&rsquo;elle. Lui qui n&rsquo;a pas prononc\u00e9 un mot depuis trois ans, osera-t-il s&rsquo;exprimer pour prot\u00e9ger son amie ? Apr\u00e8s le succ\u00e8s de La Nouvelle, Cassandra O&rsquo;Donnell revient avec un roman poignant sur le respect de la diff\u00e9rence et la libert\u00e9 d&rsquo;expression. (Pr\u00e9sentation de l\u2019\u00e9diteur)<br \/>\nO\u2019DONNELL C.<br \/>\nEditions Flammarion Jeunesse<br \/>\n2021- 120p.-<br \/>\n140gr<br \/>\nISBN : 978-2-0802-4976-0<\/p>\n<p>Cote doc\u00a0: 11-ODO-G<\/p>\n<span class=\"et_bloom_bottom_trigger\"><\/span>","protected":false},"excerpt":{"rendered":"<p>Lorsque Morgane arrive dans son coll\u00e8ge, la vie d&rsquo;Asante bascule. Il est le seul \u00e0 se montrer gentil, alors que les autres \u00e9l\u00e8ves se moquent d&rsquo;elle.<\/p>\n","protected":false},"featured_media":2995,"comment_status":"closed","ping_status":"closed","template":"","meta":{"_et_pb_use_builder":"","_et_pb_old_content":"","_et_gb_content_width":"","spay_email":""},"class_list":["post-2994","product","type-product","status-publish","has-post-thumbnail","hentry","product_cat-livres","product_cat-livres-jeunesse","product_tag-adolescent","product_tag-amitie","product_tag-difference","product_tag-harcelement","product_tag-mutisme","product_tag-rejet"],"jetpack_sharing_enabled":true,"jetpack_likes_enabled":true,"_links":{"self":[{"href":"https:\/\/www.parthages.be\/eboutique\/wp-json\/wp\/v2\/product\/2994","targetHints":{"allow":["GET"]}}],"collection":[{"href":"https:\/\/www.parthages.be\/eboutique\/wp-json\/wp\/v2\/product"}],"about":[{"href":"https:\/\/www.parthages.be\/eboutique\/wp-json\/wp\/v2\/types\/product"}],"replies":[{"embeddable":true,"href":"https:\/\/www.parthages.be\/eboutique\/wp-json\/wp\/v2\/comments?post=2994"}],"wp:featuredmedia":[{"embeddable":true,"href":"https:\/\/www.parthages.be\/eboutique\/wp-json\/wp\/v2\/media\/2995"}],"wp:attachment":[{"href":"https:\/\/www.parthages.be\/eboutique\/wp-json\/wp\/v2\/media?parent=2994"}],"curies":[{"name":"wp","href":"https:\/\/api.w.org\/{rel}","templated":true}]}}