{"id":2998,"date":"2023-09-12T12:52:31","date_gmt":"2023-09-12T10:52:31","guid":{"rendered":"https:\/\/www.parthages.be\/eboutique\/?post_type=product&#038;p=2998"},"modified":"2024-02-19T14:20:35","modified_gmt":"2024-02-19T13:20:35","slug":"vaincre-la-sclerose-en-plaques","status":"publish","type":"product","link":"https:\/\/www.parthages.be\/eboutique\/produit\/vaincre-la-sclerose-en-plaques\/","title":{"rendered":"Vaincre la scl\u00e9rose en plaques."},"content":{"rendered":"<p>La scl\u00e9rose en plaques (SEP) est r\u00e9put\u00e9e incurable. Les m\u00e9dicaments enrayent les pouss\u00e9es et am\u00e9liorent la qualit\u00e9 de vie, mais n&#8217;emp\u00eachent pas la progression de la maladie. Pourtant ce livre montre qu&rsquo;en changeant radicalement d&rsquo;alimentation et en suivant un programme d&rsquo;exercices cibl\u00e9s, on peut retrouver une vie normale. Touch\u00e9e par la SEP \u00e0 l&rsquo;\u00e2ge de 23 ans, \u00c9milie est r\u00e9sign\u00e9e \u00e0 marcher avec une canne et endurer les handicaps de la maladie quand elle rencontre Julien Venesson, journaliste scientifique que sp\u00e9cialiste de nutrition. Il se penche sur la biologie de la SEP, se plonge dans la litt\u00e9rature scientifique et de l\u00e0 con\u00e7oit un r\u00e9gime riche en vitamines, min\u00e9raux, acides gras essentiels, exempt des facteurs nutritionnels qui favorisent l&rsquo;auto-immunit\u00e9. Peu \u00e0 peu l&rsquo;\u00e9tat d&rsquo;\u00c9milie s&rsquo;am\u00e9liore. L&rsquo;auto-immunit\u00e9 et l&rsquo;inflammation diminuent. Les pouss\u00e9es s&rsquo;espacent et finissent par dispara\u00eetre. Aujourd&rsquo;hui, \u00e0 34 ans, elle n&rsquo;a plus de s\u00e9quelles, plus de trace de handicap, sa vie est redevenue normale. C&rsquo;est ce programme alimentaire, coupl\u00e9 \u00e0 des mesures d&rsquo;hygi\u00e8ne de vie, que Julien et \u00c9milie vous proposent de suivre. Leur message : oui, il est possible de stopper l&rsquo;\u00e9volution de la SEP. Leur livre vous donne les moyens de recouvrer la sant\u00e9 avec : \u2022 Des explications sur les facteurs qui favorisent la maladie. \u2022 Des conseils nutritionnels pr\u00e9cis pour optimiser les nutriments protecteurs et \u00e9liminer les aliments qui posent probl\u00e8me \u00e0 commencer par le sel et les c\u00e9r\u00e9ales \u00e0 gluten. \u2022 Des exemples de recettes simples et savoureuses. \u2022 Un protocole de r\u00e9\u00e9ducation qui va bien au-del\u00e0 de ce que propose la kin\u00e9sith\u00e9rapie, pour r\u00e9cup\u00e9rer compl\u00e8tement les fonctions motrices l\u00e9s\u00e9es. Ce livre offre sans doute l&rsquo;une des meilleures strat\u00e9gies contre la scl\u00e9rose en plaques aujourd&rsquo;hui. (Pr\u00e9sentation de l\u2019\u00e9diteur)<\/p>\n<p>VENESSON E. &amp; J.<br \/>\nEditions Thierry Souccar<br \/>\n2016- 266p.-<br \/>\n350 gr<br \/>\nISBN\u00a0: 978-2-36549-154-9<br \/>\nCote doc\u00a0: 3-30-VEN-V<\/p>\n<span class=\"et_bloom_bottom_trigger\"><\/span>","protected":false},"excerpt":{"rendered":"<p>La scl\u00e9rose en plaques (SEP) est r\u00e9put\u00e9e incurable. Les m\u00e9dicaments enrayent les pouss\u00e9es et am\u00e9liorent la qualit\u00e9 de vie, mais n&#8217;emp\u00eachent pas la progression de la maladie.<\/p>\n","protected":false},"featured_media":2999,"comment_status":"closed","ping_status":"closed","template":"","meta":{"_et_pb_use_builder":"","_et_pb_old_content":"","_et_gb_content_width":"","spay_email":""},"class_list":["post-2998","product","type-product","status-publish","has-post-thumbnail","hentry","product_cat-livres","product_tag-alimentation","product_tag-diagnostic","product_tag-entrainement","product_tag-maladie-auto-immune","product_tag-methode","product_tag-personne-handicapee","product_tag-qualite-de-vie","product_tag-sclerose-en-plaques","product_tag-strategie"],"jetpack_sharing_enabled":true,"jetpack_likes_enabled":true,"_links":{"self":[{"href":"https:\/\/www.parthages.be\/eboutique\/wp-json\/wp\/v2\/product\/2998","targetHints":{"allow":["GET"]}}],"collection":[{"href":"https:\/\/www.parthages.be\/eboutique\/wp-json\/wp\/v2\/product"}],"about":[{"href":"https:\/\/www.parthages.be\/eboutique\/wp-json\/wp\/v2\/types\/product"}],"replies":[{"embeddable":true,"href":"https:\/\/www.parthages.be\/eboutique\/wp-json\/wp\/v2\/comments?post=2998"}],"wp:featuredmedia":[{"embeddable":true,"href":"https:\/\/www.parthages.be\/eboutique\/wp-json\/wp\/v2\/media\/2999"}],"wp:attachment":[{"href":"https:\/\/www.parthages.be\/eboutique\/wp-json\/wp\/v2\/media?parent=2998"}],"curies":[{"name":"wp","href":"https:\/\/api.w.org\/{rel}","templated":true}]}}