{"id":300,"date":"2013-01-31T14:59:59","date_gmt":"2013-01-31T13:59:59","guid":{"rendered":"https:\/\/www.parthages.be\/wordpress\/produit\/je-suis-a-l-est\/"},"modified":"2013-01-31T14:59:59","modified_gmt":"2013-01-31T13:59:59","slug":"je-suis-a-l-est","status":"publish","type":"product","link":"https:\/\/www.parthages.be\/eboutique\/produit\/je-suis-a-l-est\/","title":{"rendered":"Je suis \u00e0 l&rsquo;est!"},"content":{"rendered":"<span class=\"et_bloom_bottom_trigger\"><\/span>","protected":false},"excerpt":{"rendered":"<p>Le premier t\u00e9moignage d\u2019un autiste fran\u00e7ais qui a accept\u00e9 de nous ouvrir les portes de son monde int\u00e9rieur.<\/p>\n","protected":false},"featured_media":299,"comment_status":"open","ping_status":"closed","template":"","meta":{"_et_pb_use_builder":"","_et_pb_old_content":"","_et_gb_content_width":"","spay_email":""},"class_list":["post-300","product","type-product","status-publish","has-post-thumbnail","hentry","product_cat-livres"],"jetpack_sharing_enabled":true,"jetpack_likes_enabled":true,"_links":{"self":[{"href":"https:\/\/www.parthages.be\/eboutique\/wp-json\/wp\/v2\/product\/300","targetHints":{"allow":["GET"]}}],"collection":[{"href":"https:\/\/www.parthages.be\/eboutique\/wp-json\/wp\/v2\/product"}],"about":[{"href":"https:\/\/www.parthages.be\/eboutique\/wp-json\/wp\/v2\/types\/product"}],"replies":[{"embeddable":true,"href":"https:\/\/www.parthages.be\/eboutique\/wp-json\/wp\/v2\/comments?post=300"}],"wp:featuredmedia":[{"embeddable":true,"href":"https:\/\/www.parthages.be\/eboutique\/wp-json\/wp\/v2\/media\/299"}],"wp:attachment":[{"href":"https:\/\/www.parthages.be\/eboutique\/wp-json\/wp\/v2\/media?parent=300"}],"curies":[{"name":"wp","href":"https:\/\/api.w.org\/{rel}","templated":true}]}}