{"id":3018,"date":"2024-02-19T14:31:59","date_gmt":"2024-02-19T13:31:59","guid":{"rendered":"https:\/\/www.parthages.be\/eboutique\/?post_type=product&#038;p=3018"},"modified":"2024-08-16T11:34:43","modified_gmt":"2024-08-16T09:34:43","slug":"lengravement","status":"publish","type":"product","link":"https:\/\/www.parthages.be\/eboutique\/produit\/lengravement\/","title":{"rendered":"L\u2019engravement"},"content":{"rendered":"<p>Une all\u00e9e est au centre de ce texte : une all\u00e9e sur laquelle vont et viennent les familles, les proches, qui rendent visite \u00e0 des patient\u00b7es, dans un h\u00f4pital psychiatrique. Au bout de cette all\u00e9e, se trouvent ces patient\u00b7es, des jeunes qui d\u00e9compensent, comme ces baleines \u00e9chou\u00e9es, \u00e9gar\u00e9es par le bruit du monde. Si ces familles se trouvent confront\u00e9es \u00e0 leur propre douleur, leurs propres difficult\u00e9s, toutes forment n\u00e9anmoins un ensemble, un groupe uni, un \u00ab troupeau \u00bb, lit-on. Sur cette all\u00e9e bord\u00e9e de doutes et d\u2019incompr\u00e9hension, th\u00e9\u00e2tre d\u2019une histoire entre espoir et r\u00e9signation, les allers et retours de chacune, comme un mouvement pendulaire, marquent un rythme propre au texte.\u2028\u00c0 la lecture de ce roman, \u00e9crit \u00e0 la deuxi\u00e8me personne, on va et vient sur cette all\u00e9e, accompagnant les all\u00e9es et venues de celles et ceux qui, au fil de leurs visites, nous d\u00e9livrent des informations clefs de l\u2019histoire des patient.es intern\u00e9.es. Nous sommes confront\u00e9.es \u00e0 diff\u00e9rents points de vue et \u00e0 une succession de sc\u00e8nes fortes qui donnent la mesure de la solitude dans laquelle chacun.e se trouve au quotidien. (Pr\u00e9sentation de l\u2019\u00e9diteur)<br \/>\nKAVIAN E.<br \/>\nLa Contre All\u00e9e<br \/>\nCollection La Sente<br \/>\n2023-192p.<br \/>\n300gr<br \/>\nISBN\u00a0: 978-2-376-651-321<br \/>\nCote doc\u00a0: 1-70-KAV-E<\/p>\n<span class=\"et_bloom_bottom_trigger\"><\/span>","protected":false},"excerpt":{"rendered":"<p>Une all\u00e9e est au centre de ce texte : une all\u00e9e sur laquelle vont et viennent les familles, les proches, qui rendent visite \u00e0 des patient\u00b7es, dans un h\u00f4pital psychiatrique.<\/p>\n","protected":false},"featured_media":3019,"comment_status":"closed","ping_status":"closed","template":"","meta":{"_et_pb_use_builder":"","_et_pb_old_content":"","_et_gb_content_width":"","spay_email":""},"class_list":["post-3018","product","type-product","status-publish","has-post-thumbnail","hentry","product_cat-livres","product_tag-detresse","product_tag-empathie","product_tag-enfant","product_tag-maladie-psychiatrique","product_tag-parent","product_tag-souffrance","product_tag-temoignage"],"jetpack_sharing_enabled":true,"jetpack_likes_enabled":true,"_links":{"self":[{"href":"https:\/\/www.parthages.be\/eboutique\/wp-json\/wp\/v2\/product\/3018","targetHints":{"allow":["GET"]}}],"collection":[{"href":"https:\/\/www.parthages.be\/eboutique\/wp-json\/wp\/v2\/product"}],"about":[{"href":"https:\/\/www.parthages.be\/eboutique\/wp-json\/wp\/v2\/types\/product"}],"replies":[{"embeddable":true,"href":"https:\/\/www.parthages.be\/eboutique\/wp-json\/wp\/v2\/comments?post=3018"}],"wp:featuredmedia":[{"embeddable":true,"href":"https:\/\/www.parthages.be\/eboutique\/wp-json\/wp\/v2\/media\/3019"}],"wp:attachment":[{"href":"https:\/\/www.parthages.be\/eboutique\/wp-json\/wp\/v2\/media?parent=3018"}],"curies":[{"name":"wp","href":"https:\/\/api.w.org\/{rel}","templated":true}]}}