{"id":3024,"date":"2024-02-19T14:41:12","date_gmt":"2024-02-19T13:41:12","guid":{"rendered":"https:\/\/www.parthages.be\/eboutique\/?post_type=product&#038;p=3024"},"modified":"2024-08-16T11:34:13","modified_gmt":"2024-08-16T09:34:13","slug":"etre-parent-dun-adulte-en-situation-de-handicap-grandir-ensemble","status":"publish","type":"product","link":"https:\/\/www.parthages.be\/eboutique\/produit\/etre-parent-dun-adulte-en-situation-de-handicap-grandir-ensemble\/","title":{"rendered":"Etre parent d\u2019un adulte, en situation de handicap. Grandir ensemble"},"content":{"rendered":"<p>\u00ab Dialoguer entre parents, \u00e7a permet d\u2019ouvrir des voies, de r\u00e9fl\u00e9chir ensemble, \u00e7a nous a fait grandir ensemble. \u00bb<br \/>\nVingt ans apr\u00e8s la parution de\u00a0Mon enfant est diff\u00e9rent\u00a0(Fayard, 2000), Marielle Lachenal donne \u00e0 nouveau la parole \u00e0 des parents d\u2019enfants avec un handicap aujourd\u2019hui jeunes adultes, ainsi qu\u2019aux fr\u00e8res et s\u0153urs. Sans \u00e9dulcorer ni dramatiser, ils \u00e9voquent le fil de la vie, les relations avec les indispensables professionnels, avec les m\u00e9decins, leur combat pour changer le regard que pose la soci\u00e9t\u00e9 sur le handicap.<br \/>\nIls racontent l\u2019\u00e9puisement, la col\u00e8re, mais aussi les joies, le respect et l\u2019amour pour leurs enfants. Ils disent l\u2019aide des amis et la solitude, la peur, les difficult\u00e9s, et \u00e9galement la vie possible et la vie belle\u00a0: comment, en affrontant la r\u00e9alit\u00e9, ils ont trouv\u00e9 un sens \u00e0 leur exp\u00e9rience.<br \/>\nClass\u00e9s par th\u00e8mes, les \u00e9changes entre parents sont enrichis de ceux de chercheurs, de sociologues qui viennent souligner l\u2019importance de ces t\u00e9moignages. Les parents veulent expliquer, transmettre, faire comprendre mais surtout donner des pistes pour construire ensemble une soci\u00e9t\u00e9 plus inclusive. (Pr\u00e9sentation de l\u2019\u00e9diteur)<br \/>\nLACHENAL M.<br \/>\nEditions \u00c9r\u00e8s<br \/>\n2023- 376p.-<br \/>\n390 gr<br \/>\nISBN\u00a0: 978-2-7492-7742-4<br \/>\nCote doc\u00a0: 4-10-LAC-E<\/p>\n<span class=\"et_bloom_bottom_trigger\"><\/span>","protected":false},"excerpt":{"rendered":"<p>\u00ab Dialoguer entre parents, \u00e7a permet d\u2019ouvrir des voies, de r\u00e9fl\u00e9chir ensemble, \u00e7a nous a fait grandir ensemble. \u00bb<\/p>\n","protected":false},"featured_media":3025,"comment_status":"closed","ping_status":"closed","template":"","meta":{"_et_pb_use_builder":"","_et_pb_old_content":"","_et_gb_content_width":"","spay_email":""},"class_list":["post-3024","product","type-product","status-publish","has-post-thumbnail","hentry","product_cat-livres","product_tag-dialogue","product_tag-epreuve","product_tag-parent","product_tag-partage","product_tag-personne-handicapee","product_tag-resilience","product_tag-temoignage"],"jetpack_sharing_enabled":true,"jetpack_likes_enabled":true,"_links":{"self":[{"href":"https:\/\/www.parthages.be\/eboutique\/wp-json\/wp\/v2\/product\/3024","targetHints":{"allow":["GET"]}}],"collection":[{"href":"https:\/\/www.parthages.be\/eboutique\/wp-json\/wp\/v2\/product"}],"about":[{"href":"https:\/\/www.parthages.be\/eboutique\/wp-json\/wp\/v2\/types\/product"}],"replies":[{"embeddable":true,"href":"https:\/\/www.parthages.be\/eboutique\/wp-json\/wp\/v2\/comments?post=3024"}],"wp:featuredmedia":[{"embeddable":true,"href":"https:\/\/www.parthages.be\/eboutique\/wp-json\/wp\/v2\/media\/3025"}],"wp:attachment":[{"href":"https:\/\/www.parthages.be\/eboutique\/wp-json\/wp\/v2\/media?parent=3024"}],"curies":[{"name":"wp","href":"https:\/\/api.w.org\/{rel}","templated":true}]}}