{"id":3026,"date":"2024-02-19T14:43:03","date_gmt":"2024-02-19T13:43:03","guid":{"rendered":"https:\/\/www.parthages.be\/eboutique\/?post_type=product&#038;p=3026"},"modified":"2024-02-19T14:43:04","modified_gmt":"2024-02-19T13:43:04","slug":"la-femme-precipice","status":"publish","type":"product","link":"https:\/\/www.parthages.be\/eboutique\/produit\/la-femme-precipice\/","title":{"rendered":"La femme pr\u00e9cipice"},"content":{"rendered":"<p>Cet ouvrage est un recueil de 67 po\u00e8mes<br \/>\nUne force, qui rappelle l&rsquo;\u00e9nergie de la parole de Federico Garc\u00eda Lorca. \u00bbLaurence Breysse-Chanet, laur\u00e9ate du prix de traduction Nelly Sachs. Princesse Inca \u00e9voque la maladie, et en particulier mentale, qui continue d&rsquo;\u00eatre, selon elle, un tabou. Dans une interview du quotidien espagnol El Pa\u00eds, elle d\u00e9nonce une soci\u00e9t\u00e9 normalis\u00e9e o\u00f9 le sujet est \u00e0 peine abord\u00e9. Diagnostiqu\u00e9e bipolaire, elle accuse la soci\u00e9t\u00e9 de lui r\u00e9pondre principalement \u00ab \u00e0 coups de m\u00e9dicaments \u00bb. En ce qui la concerne, son traitement n&rsquo;a pas vari\u00e9 depuis 10ans. Si la voix de Princesse Inca s\u2019\u00e9l\u00e8ve \u00e0 partir d\u2019une exp\u00e9rience personnelle, celle-ci est transcend\u00e9e pour devenir un profond questionnement sur la folie comme sur les r\u00e9ponses de la soci\u00e9t\u00e9. Refus d\u2019un monde homog\u00e9n\u00e9is\u00e9 o\u00f9 tous les individus devraient \u00eatre tous identiques, et former une masse plus facilement maniable? Qui est fou dans notre soci\u00e9t\u00e9? Que penser des instances de pouvoirs comme l\u2019Eglise, l\u2019Arm\u00e9e\u2026 (Pr\u00e9sentation de l\u2019\u00e9diteur)<\/p>\n<p>PRINCESSE INCA alias Cristina Martin<br \/>\nLa Contre All\u00e9e<br \/>\nCollection la sentinelle<br \/>\n2013- 192p.-<br \/>\n220gr<br \/>\nISBN\u00a0: 978-2-917817-21-6<br \/>\nCote doc\u00a0: 1-70-INC-F<\/p>\n<span class=\"et_bloom_bottom_trigger\"><\/span>","protected":false},"excerpt":{"rendered":"<p>Cet ouvrage est un recueil de 67 po\u00e8mes<br \/>\nUne force, qui rappelle l&rsquo;\u00e9nergie de la parole de Federico Garc\u00eda Lorca. \u00bbLaurence Breysse-Chanet, laur\u00e9ate du prix de traduction Nelly Sachs.<\/p>\n","protected":false},"featured_media":3027,"comment_status":"closed","ping_status":"closed","template":"","meta":{"_et_pb_use_builder":"","_et_pb_old_content":"","_et_gb_content_width":"","spay_email":""},"class_list":["post-3026","product","type-product","status-publish","has-post-thumbnail","hentry","product_cat-livres","product_tag-femme","product_tag-maladie-mentale","product_tag-schizophrenie","product_tag-tabou-fragilite","product_tag-trouble-bipolaire"],"jetpack_sharing_enabled":true,"jetpack_likes_enabled":true,"_links":{"self":[{"href":"https:\/\/www.parthages.be\/eboutique\/wp-json\/wp\/v2\/product\/3026","targetHints":{"allow":["GET"]}}],"collection":[{"href":"https:\/\/www.parthages.be\/eboutique\/wp-json\/wp\/v2\/product"}],"about":[{"href":"https:\/\/www.parthages.be\/eboutique\/wp-json\/wp\/v2\/types\/product"}],"replies":[{"embeddable":true,"href":"https:\/\/www.parthages.be\/eboutique\/wp-json\/wp\/v2\/comments?post=3026"}],"wp:featuredmedia":[{"embeddable":true,"href":"https:\/\/www.parthages.be\/eboutique\/wp-json\/wp\/v2\/media\/3027"}],"wp:attachment":[{"href":"https:\/\/www.parthages.be\/eboutique\/wp-json\/wp\/v2\/media?parent=3026"}],"curies":[{"name":"wp","href":"https:\/\/api.w.org\/{rel}","templated":true}]}}