{"id":3028,"date":"2024-02-19T14:44:46","date_gmt":"2024-02-19T13:44:46","guid":{"rendered":"https:\/\/www.parthages.be\/eboutique\/?post_type=product&#038;p=3028"},"modified":"2024-08-16T10:30:07","modified_gmt":"2024-08-16T08:30:07","slug":"le-harcelement-et-pas-moi-lessentiel-pour-y-faire-face","status":"publish","type":"product","link":"https:\/\/www.parthages.be\/eboutique\/produit\/le-harcelement-et-pas-moi-lessentiel-pour-y-faire-face\/","title":{"rendered":"Le harc\u00e8lement et (pas) moi. L\u2019essentiel pour y faire face"},"content":{"rendered":"<p>Tu as sans doute d\u00e9j\u00e0 entendu parler du harc\u00e8lement dans ton coll\u00e8ge, lors de la\u00a0journ\u00e9e nationale contre le harc\u00e8lement \u00e0 l\u2019\u00e9cole, le premier jeudi de novembre. Peut-\u00eatre ta classe a-t-elle particip\u00e9 au\u00a0concours \u00ab\u00a0Non au harc\u00e8lement\u00a0\u00bb\u00a0? Ou peut-\u00eatre as-tu \u00e9t\u00e9\u00a0t\u00e9moin\u00a0ou la\u00a0cible\u00a0de ces\u00a0violences\u00a0? Peut-\u00eatre m\u00eame as-tu \u00e9t\u00e9\u00a0accus\u00e9, un jour, de harc\u00e8lement\u00a0? Ce ph\u00e9nom\u00e8ne existe malheureusement\u00a0dans tous les \u00e9tablissements scolaires. En France, on estime que\u00a05 \u00e0 10 \u00e9l\u00e8ves sur 100\u00a0ont d\u00e9j\u00e0 \u00e9t\u00e9 harcel\u00e9s. Tu trouveras, dans cet ouvrage, des\u00a0explications simples\u00a0pour\u00a0comprendre les m\u00e9canismes du harc\u00e8lement\u00a0et des\u00a0conseils efficaces\u00a0pour t\u2019aider \u00e0 y faire face, que tu sois\u00a0victime,\u00a0t\u00e9moin\u00a0ou\u00a0agresseur.<br \/>\n\u275d Harceler, se moquer, c\u2019est pareil ? \u275e, \u275d Si je suis harcel\u00e9, \u00e7a veut dire que je n\u2019aurai jamais d\u2019amis ? \u275e, \u275d Si j\u2019interviens, on va me traiter de balance ! \u275e<br \/>\nCe livre est l\u00e0 pour\u00a0r\u00e9pondre \u00e0 tes interrogations\u00a0et\u00a0lib\u00e9rer la parole\u00a0car pour mettre fin au harc\u00e8lement,\u00a0le premier pas c\u2019est d\u2019en parler !<br \/>\nVictime, t\u00e9moin ou agresseur, ce livre est pour toi !\u2028Pour lutter ensemble contre le harc\u00e8lement scolaire. (Pr\u00e9sentation de l\u2019\u00e9diteur)<br \/>\nA partir de 6 ans<br \/>\nLABOUCARIE S. &#8211; QUARTIER M.<br \/>\nEditions Hyg\u00e9e<br \/>\nCollection\u00a0 \u00ab\u00a0T\u2019inqui\u00e8te, je g\u00e8re\u00a0!\u00bb<br \/>\n2023- 48p.-<br \/>\n249gr<br \/>\nISBN :\u00a0978-2-8109-1086-1<br \/>\nCote doc\u00a0: 11-LAB-H<\/p>\n<span class=\"et_bloom_bottom_trigger\"><\/span>","protected":false},"excerpt":{"rendered":"<p>Tu as sans doute d\u00e9j\u00e0 entendu parler du harc\u00e8lement dans ton coll\u00e8ge, lors de la\u00a0journ\u00e9e nationale contre le harc\u00e8lement \u00e0 l\u2019\u00e9cole, le premier jeudi de novembre.<\/p>\n","protected":false},"featured_media":3029,"comment_status":"closed","ping_status":"closed","template":"","meta":{"_et_pb_use_builder":"","_et_pb_old_content":"","_et_gb_content_width":"","spay_email":""},"class_list":["post-3028","product","type-product","status-publish","has-post-thumbnail","hentry","product_cat-livres","product_cat-livres-jeunesse","product_tag-conseil","product_tag-enfant","product_tag-harcelement","product_tag-isolemen","product_tag-medisance","product_tag-menace","product_tag-moquerie","product_tag-prevention","product_tag-scolarite","product_tag-vol"],"jetpack_sharing_enabled":true,"jetpack_likes_enabled":true,"_links":{"self":[{"href":"https:\/\/www.parthages.be\/eboutique\/wp-json\/wp\/v2\/product\/3028","targetHints":{"allow":["GET"]}}],"collection":[{"href":"https:\/\/www.parthages.be\/eboutique\/wp-json\/wp\/v2\/product"}],"about":[{"href":"https:\/\/www.parthages.be\/eboutique\/wp-json\/wp\/v2\/types\/product"}],"replies":[{"embeddable":true,"href":"https:\/\/www.parthages.be\/eboutique\/wp-json\/wp\/v2\/comments?post=3028"}],"wp:featuredmedia":[{"embeddable":true,"href":"https:\/\/www.parthages.be\/eboutique\/wp-json\/wp\/v2\/media\/3029"}],"wp:attachment":[{"href":"https:\/\/www.parthages.be\/eboutique\/wp-json\/wp\/v2\/media?parent=3028"}],"curies":[{"name":"wp","href":"https:\/\/api.w.org\/{rel}","templated":true}]}}