{"id":3030,"date":"2024-02-19T14:46:38","date_gmt":"2024-02-19T13:46:38","guid":{"rendered":"https:\/\/www.parthages.be\/eboutique\/?post_type=product&#038;p=3030"},"modified":"2024-08-16T10:29:55","modified_gmt":"2024-08-16T08:29:55","slug":"vivre-et-comprendre-la-dyspraxie-au-quotidien","status":"publish","type":"product","link":"https:\/\/www.parthages.be\/eboutique\/produit\/vivre-et-comprendre-la-dyspraxie-au-quotidien\/","title":{"rendered":"Vivre et comprendre la dyspraxie au quotidien"},"content":{"rendered":"<p>\u00ab\u00a0J&rsquo;ai travaill\u00e9 dur, je me suis concentr\u00e9e et j&rsquo;ai mal aux doigts. Mais je ne sais pas comment les autres enfants travaillent plus que moi, je ne sais pas pourquoi ils ont d\u00e9j\u00e0 termin\u00e9 de d\u00e9couper, de coller et d&rsquo;\u00e9crire&#8230;\u00a0\u00bb Moi c&rsquo;est Rose, j&rsquo;ai presque 8 ans, je suis en CE1 Et je suis dyspraxique. La dyspraxie fait partie de ces troubles ou handicaps \u00ab\u00a0invisibles\u00a0\u00bb. Votre enfant, comme Rose, est intelligent, vif, perspicace&#8230; Mais \u00e9prouve des difficult\u00e9s que peu de personnes comprennent et pardonnent. L&rsquo;enfant dyspraxique souffre, bien s\u00fbr, mais c&rsquo;est toute la famille qui va devoir apprendre \u00e0 vivre avec ce trouble qui rend les gestes si compliqu\u00e9s. Prendre en compte les troubles praxiques suffit pourtant \u00e0 \u00e9viter les situations d&rsquo;\u00e9chec, \u00e0 la maison comme \u00e0 l&rsquo;\u00e9cole. Comment ? En connaissant la dyspraxie et ses cons\u00e9quences sur les apprentissages et la vie de l&rsquo;enfant. Voil\u00e0 l&rsquo;objectif de ce livre : vous aider \u00e0 comprendre la dyspraxie et ainsi proposer \u00e0 votre enfant un environnement adapt\u00e9. Pour cela, deux parties : &#8211; Nous avons d&rsquo;abord imagin\u00e9 un petit roman \u00e0 lire avec votre enfant. Au travers des mots d&rsquo;une petite fille dyspraxique, vous d\u00e9couvrirez, ensemble, le parcours qui m\u00e8ne de la difficult\u00e9 au diagnostic. Il est important que votre enfant reconnaisse ce qui peut l&rsquo;aider \u00e0 gagner en autonomie. &#8211; Et puisque, vous aussi, avez besoin d&rsquo;aide, nous vous proposons ensuite un guide qui explique clairement ce qu&rsquo;est la dyspraxie et donne de vraies pistes, concr\u00e8tes, pour faciliter la vie quotidienne et la scolarit\u00e9. (Pr\u00e9sentation de l\u2019\u00e9diteur)<\/p>\n<p>BELIN J.- DROUET C.- LESPART S.<\/p>\n<p>ENRICK B. EDITIONS<br \/>\ncollection Psycho poche<\/p>\n<p>2019- 102p. \u2013<br \/>\n150gr<br \/>\nISBN\u00a0: 978-235644-387-8<br \/>\nCote doc\u00a0: 2-20-BEL-V<\/p>\n<span class=\"et_bloom_bottom_trigger\"><\/span>","protected":false},"excerpt":{"rendered":"<p>\u00ab\u00a0J&rsquo;ai travaill\u00e9 dur, je me suis concentr\u00e9e et j&rsquo;ai mal aux doigts. Mais je ne sais pas comment les autres enfants travaillent plus que moi, je ne sais pas pourquoi ils ont d\u00e9j\u00e0 termin\u00e9 de d\u00e9couper, de coller et d&rsquo;\u00e9crire&#8230;\u00a0\u00bb<\/p>\n","protected":false},"featured_media":3031,"comment_status":"closed","ping_status":"closed","template":"","meta":{"_et_pb_use_builder":"","_et_pb_old_content":"","_et_gb_content_width":"","spay_email":""},"class_list":["post-3030","product","type-product","status-publish","has-post-thumbnail","hentry","product_cat-livres","product_tag-autonomie","product_tag-dyspraxie","product_tag-enfant","product_tag-guide","product_tag-handicap-invisible","product_tag-personne-handicapee","product_tag-scolarite","product_tag-vie-quotidienne"],"jetpack_sharing_enabled":true,"jetpack_likes_enabled":true,"_links":{"self":[{"href":"https:\/\/www.parthages.be\/eboutique\/wp-json\/wp\/v2\/product\/3030","targetHints":{"allow":["GET"]}}],"collection":[{"href":"https:\/\/www.parthages.be\/eboutique\/wp-json\/wp\/v2\/product"}],"about":[{"href":"https:\/\/www.parthages.be\/eboutique\/wp-json\/wp\/v2\/types\/product"}],"replies":[{"embeddable":true,"href":"https:\/\/www.parthages.be\/eboutique\/wp-json\/wp\/v2\/comments?post=3030"}],"wp:featuredmedia":[{"embeddable":true,"href":"https:\/\/www.parthages.be\/eboutique\/wp-json\/wp\/v2\/media\/3031"}],"wp:attachment":[{"href":"https:\/\/www.parthages.be\/eboutique\/wp-json\/wp\/v2\/media?parent=3030"}],"curies":[{"name":"wp","href":"https:\/\/api.w.org\/{rel}","templated":true}]}}