{"id":3032,"date":"2024-02-19T14:48:57","date_gmt":"2024-02-19T13:48:57","guid":{"rendered":"https:\/\/www.parthages.be\/eboutique\/?post_type=product&#038;p=3032"},"modified":"2024-08-16T10:29:45","modified_gmt":"2024-08-16T08:29:45","slug":"au-dela-de-lopposition-valide-et-handicape","status":"publish","type":"product","link":"https:\/\/www.parthages.be\/eboutique\/produit\/au-dela-de-lopposition-valide-et-handicape\/","title":{"rendered":"Au-del\u00e0 de l\u2019opposition valide et handicap\u00e9"},"content":{"rendered":"<p>Depuis que s\u2019est impos\u00e9e, au cours du XIXe si\u00e8cle, l\u2019id\u00e9e de normalit\u00e9 qui r\u00e9git les conduites et les formes humaines, la validit\u00e9, qui en est une figure, est devenue la r\u00e9f\u00e9rence, fort abstraite du reste, pour toutes les naissances ou les al\u00e9as de la vie. Les corps ou les esprits qui font exception \u00e0 une moyenne d\u00e9clar\u00e9e normale par la soci\u00e9t\u00e9 sont \u00e9valu\u00e9s, class\u00e9s, hi\u00e9rarchis\u00e9s, trait\u00e9s en fonction de leur \u00e9cart \u00e0 cette norme. Le handicap, pour reprendre ce terme inad\u00e9quat mais pratique, se trouve sous la domination de la validit\u00e9. Cette opposition doit \u00eatre subvertie pour ouvrir \u00e0 de nouvelles politiques et formes associatives.\u2028\u2028Cette \u00e9volution se situe dans un vaste mouvement de pens\u00e9e qui remet en cause les oppositions les plus \u00e9tablies\u00a0: la dichotomie nature\/culture du c\u00f4t\u00e9 de l\u2019anthropologie, la s\u00e9paration entre le fixe et l\u2019incertain du c\u00f4t\u00e9 des sciences du langage ou de la logique, le masculin et le f\u00e9minin dans les \u00e9tudes et les th\u00e9ories du genre.\u2028\u2028Ainsi, l\u2019auteur engage \u00e0 renverser \u00e9galement le ruineux binarisme valide\/handicap\u00e9 en consid\u00e9rant chaque personne comme unique dans un continuum vital qui ne comporte que des uniques. Cette perspective change tout\u00a0! (Pr\u00e9sentation de l\u2019\u00e9diteur)<\/p>\n<p>STIKER H.-J.<br \/>\nEdition \u00c9r\u00e8s<br \/>\nCollection connaissances de la diversit\u00e9<br \/>\n2023- 127 p.-<br \/>\n300gr<br \/>\nISBN\u00a0; 978-2-7492-7804-9<br \/>\nCote doc\u00a0: 7-30-STI-A<\/p>\n<span class=\"et_bloom_bottom_trigger\"><\/span>","protected":false},"excerpt":{"rendered":"<p>Depuis que s\u2019est impos\u00e9e, au cours du XIXe si\u00e8cle, l\u2019id\u00e9e de normalit\u00e9 qui r\u00e9git les conduites et les formes humaines, la validit\u00e9, qui en est une figure, est devenue la r\u00e9f\u00e9rence, fort abstraite du reste, pour toutes les naissances ou les al\u00e9as de la vie.<\/p>\n","protected":false},"featured_media":3033,"comment_status":"closed","ping_status":"closed","template":"","meta":{"_et_pb_use_builder":"","_et_pb_old_content":"","_et_gb_content_width":"","spay_email":""},"class_list":["post-3032","product","type-product","status-publish","has-post-thumbnail","hentry","product_cat-livres","product_tag-anthropologie","product_tag-difference","product_tag-evolution","product_tag-historique","product_tag-image-du-handicap","product_tag-normalite","product_tag-opposition","product_tag-personne-handicapee"],"jetpack_sharing_enabled":true,"jetpack_likes_enabled":true,"_links":{"self":[{"href":"https:\/\/www.parthages.be\/eboutique\/wp-json\/wp\/v2\/product\/3032","targetHints":{"allow":["GET"]}}],"collection":[{"href":"https:\/\/www.parthages.be\/eboutique\/wp-json\/wp\/v2\/product"}],"about":[{"href":"https:\/\/www.parthages.be\/eboutique\/wp-json\/wp\/v2\/types\/product"}],"replies":[{"embeddable":true,"href":"https:\/\/www.parthages.be\/eboutique\/wp-json\/wp\/v2\/comments?post=3032"}],"wp:featuredmedia":[{"embeddable":true,"href":"https:\/\/www.parthages.be\/eboutique\/wp-json\/wp\/v2\/media\/3033"}],"wp:attachment":[{"href":"https:\/\/www.parthages.be\/eboutique\/wp-json\/wp\/v2\/media?parent=3032"}],"curies":[{"name":"wp","href":"https:\/\/api.w.org\/{rel}","templated":true}]}}