{"id":3034,"date":"2024-02-19T14:50:38","date_gmt":"2024-02-19T13:50:38","guid":{"rendered":"https:\/\/www.parthages.be\/eboutique\/?post_type=product&#038;p=3034"},"modified":"2024-08-16T10:29:33","modified_gmt":"2024-08-16T08:29:33","slug":"devoir-mourir-digne-et-libre","status":"publish","type":"product","link":"https:\/\/www.parthages.be\/eboutique\/produit\/devoir-mourir-digne-et-libre\/","title":{"rendered":"Devoir mourir, digne et libre"},"content":{"rendered":"<p>L\u2019euthanasie est-elle la seule r\u00e9ponse face \u00e0 la perte d\u2019autonomie, aux maladies chroniques ou aux handicaps \u00e9volutifs ? Au nom du \u00ab droit de mourir dans la dignit\u00e9 et dans la libert\u00e9 \u00bb, devons-nous aller plus loin que les soins palliatifs ? Ne faudrait-il pas plut\u00f4t \u0153uvrer pour le droit de vivre sa vie jusqu\u2019\u00e0 son terme en soci\u00e9t\u00e9, et non de mourir de mani\u00e8re anticip\u00e9e ? Face aux d\u00e9fis pos\u00e9s \u00e0 la soci\u00e9t\u00e9 tout enti\u00e8re par les situations de handicap s\u00e9v\u00e8re ou les d\u00e9pendances li\u00e9es au grand \u00e2ge, l\u2019urgence est-elle de l\u00e9gif\u00e9rer pour faciliter le recours \u00e0 une forme de suicide m\u00e9dicalement assist\u00e9 ?<br \/>\nCertes, on meurt mal en France, souvent sans b\u00e9n\u00e9ficier d\u2019un environnement favorable \u00e0 une fin de vie apais\u00e9e. Pour autant, la volont\u00e9 de ma\u00eetriser sa mort en sollicitant un m\u00e9decin pour mettre un terme \u00e0 une existence estim\u00e9e \u00ab indigne d\u2019\u00eatre v\u00e9cue \u00bb suscite, \u00e0 juste titre, des controverses.<br \/>\nAlors que s\u2019ach\u00e8ve la Convention citoyenne sur la fin de vie et que le Parlement envisage une \u00e9volution de la l\u00e9gislation, Emmanuel Hirsch, s\u2019appuyant sur de nombreux t\u00e9moignages, s\u2019interroge sur notre confrontation \u00e0 la finitude humaine et argumente en faveur d\u2019une d\u00e9marche d\u00e9mocratique exigeante en termes de respect et de justice. De v\u00e9ritable dignit\u00e9.<br \/>\nUn ouvrage salutaire et fondamental pour comprendre les enjeux du d\u00e9bat actuel. (Pr\u00e9sentation de l\u2019\u00e9diteur)<\/p>\n<p>HIRSCH E.<\/p>\n<p>Editions du Cerf<br \/>\n2023- 176p.-<br \/>\n216gr<\/p>\n<p>ISBN\u00a0: 978-2-204-15564-9<br \/>\nCote doc\u00a0: 9-20-HIR-D<\/p>\n<span class=\"et_bloom_bottom_trigger\"><\/span>","protected":false},"excerpt":{"rendered":"<p>L\u2019euthanasie est-elle la seule r\u00e9ponse face \u00e0 la perte d\u2019autonomie, aux maladies chroniques ou aux handicaps \u00e9volutifs ? Au nom du \u00ab droit de mourir dans la dignit\u00e9 et dans la libert\u00e9 \u00bb, devons-nous aller plus loin que les soins palliatifs ?<\/p>\n","protected":false},"featured_media":3035,"comment_status":"closed","ping_status":"closed","template":"","meta":{"_et_pb_use_builder":"","_et_pb_old_content":"","_et_gb_content_width":"","spay_email":""},"class_list":["post-3034","product","type-product","status-publish","has-post-thumbnail","hentry","product_cat-livres","product_tag-dignite","product_tag-droit","product_tag-euthanasie","product_tag-fin-de-vie","product_tag-maladie-chronique","product_tag-mort","product_tag-personne-agee","product_tag-personne-handicapee","product_tag-respect","product_tag-soin-palliatif"],"jetpack_sharing_enabled":true,"jetpack_likes_enabled":true,"_links":{"self":[{"href":"https:\/\/www.parthages.be\/eboutique\/wp-json\/wp\/v2\/product\/3034","targetHints":{"allow":["GET"]}}],"collection":[{"href":"https:\/\/www.parthages.be\/eboutique\/wp-json\/wp\/v2\/product"}],"about":[{"href":"https:\/\/www.parthages.be\/eboutique\/wp-json\/wp\/v2\/types\/product"}],"replies":[{"embeddable":true,"href":"https:\/\/www.parthages.be\/eboutique\/wp-json\/wp\/v2\/comments?post=3034"}],"wp:featuredmedia":[{"embeddable":true,"href":"https:\/\/www.parthages.be\/eboutique\/wp-json\/wp\/v2\/media\/3035"}],"wp:attachment":[{"href":"https:\/\/www.parthages.be\/eboutique\/wp-json\/wp\/v2\/media?parent=3034"}],"curies":[{"name":"wp","href":"https:\/\/api.w.org\/{rel}","templated":true}]}}