{"id":3050,"date":"2024-08-16T10:32:23","date_gmt":"2024-08-16T08:32:23","guid":{"rendered":"https:\/\/www.parthages.be\/eboutique\/?post_type=product&#038;p=3050"},"modified":"2024-08-16T11:32:51","modified_gmt":"2024-08-16T09:32:51","slug":"apprendre-aux-enfants-autistes-a-comprendre-la-pensee-des-autres-2eme-edition-2","status":"publish","type":"product","link":"https:\/\/www.parthages.be\/eboutique\/produit\/apprendre-aux-enfants-autistes-a-comprendre-la-pensee-des-autres-2eme-edition-2\/","title":{"rendered":"Apprendre aux enfants autistes \u00e0 comprendre la pens\u00e9e des autres (2\u00e8me \u00e9dition) &#8211; guide pratique"},"content":{"rendered":"<h3>Comprendre les particularit\u00e9s des personnes avec autisme<\/h3>\n<p>Ce livre permet de mieux conna\u00eetre les particularit\u00e9s des personnes avec autisme dans leur compr\u00e9hension des situations sociales quotidiennes. Il est con\u00e7u pour les aider, ainsi que leur entourage, en facilitant la vie sociale de tous les jours.<\/p>\n<h3>Les d\u00e9fis sociaux des personnes autistes<\/h3>\n<p>Les difficult\u00e9s \u00e0 saisir, comprendre, et exploiter les informations sociales essentielles \u00e0 la vie en soci\u00e9t\u00e9 sont fr\u00e9quentes et peuvent \u00eatre particuli\u00e8rement handicapantes dans les activit\u00e9s quotidiennes. Aider les personnes avec autisme \u00e0 mieux analyser la r\u00e9alit\u00e9 qui les entoure pourrait consid\u00e9rablement am\u00e9liorer leur qualit\u00e9 de vie.<\/p>\n<h3>Un ouvrage pratique et accessible<\/h3>\n<p>Cet ouvrage r\u00e9pond \u00e0 ce besoin en fournissant des informations d\u00e9taill\u00e9es sur les strat\u00e9gies et le mat\u00e9riel d\u2019apprentissage \u00e0 utiliser pour atteindre des objectifs simples mais essentiels pour les personnes du spectre de l\u2019autisme. Support \u00e0 la fois simple et pratique, il permettra d\u2019affronter plus facilement les situations sociales quotidiennes et facilitera ainsi la participation \u00e0 la vie sociale.<\/p>\n<p>Accessible \u00e0 tous les intervenants, y compris les parents, ce livre est un guide pr\u00e9cieux pour am\u00e9liorer la qualit\u00e9 de vie des personnes autistes.<\/p>\n<p><em>Pr\u00e9sentation de l&rsquo;\u00e9diteur<\/em><\/p>\n<hr \/>\n<ul>\n<li><strong>Auteur :<\/strong> HOWLIN P., HADWIN J., BARON-COHEN S.<\/li>\n<li><strong>\u00c9diteur :<\/strong> \u00c9ditions De Boeck Sup\u00e9rieur, 2020<\/li>\n<li><strong>ISBN :<\/strong> 978-2-8073-2941-6<\/li>\n<li><strong>Cote documentaire :<\/strong> 1-70-HOW-A\/2<\/li>\n<li><strong>Poids :<\/strong> 510 g<\/li>\n<li><strong>Pages :<\/strong> 320 pages<\/li>\n<\/ul>\n<span class=\"et_bloom_bottom_trigger\"><\/span>","protected":false},"excerpt":{"rendered":"<p>Ce livre permet de mieux conna\u00eetre les particularit\u00e9s des personnes avec autisme dans leur compr\u00e9hension des situations sociales quotidiennes. Il les aidera ainsi que leur entourage en facilitant la vie sociale de tous les jours.<\/p>\n","protected":false},"featured_media":3052,"comment_status":"closed","ping_status":"closed","template":"","meta":{"_et_pb_use_builder":"","_et_pb_old_content":"","_et_gb_content_width":"","spay_email":""},"class_list":["post-3050","product","type-product","status-publish","has-post-thumbnail","hentry","product_cat-livres","product_cat-nouveautes","product_tag-adulte","product_tag-autisme","product_tag-enfant","product_tag-intervenant","product_tag-parent","product_tag-participation","product_tag-qualite-de-vie","product_tag-strategie","product_tag-vie-quotidienne","product_tag-vie-sociale"],"jetpack_sharing_enabled":true,"jetpack_likes_enabled":true,"_links":{"self":[{"href":"https:\/\/www.parthages.be\/eboutique\/wp-json\/wp\/v2\/product\/3050","targetHints":{"allow":["GET"]}}],"collection":[{"href":"https:\/\/www.parthages.be\/eboutique\/wp-json\/wp\/v2\/product"}],"about":[{"href":"https:\/\/www.parthages.be\/eboutique\/wp-json\/wp\/v2\/types\/product"}],"replies":[{"embeddable":true,"href":"https:\/\/www.parthages.be\/eboutique\/wp-json\/wp\/v2\/comments?post=3050"}],"wp:featuredmedia":[{"embeddable":true,"href":"https:\/\/www.parthages.be\/eboutique\/wp-json\/wp\/v2\/media\/3052"}],"wp:attachment":[{"href":"https:\/\/www.parthages.be\/eboutique\/wp-json\/wp\/v2\/media?parent=3050"}],"curies":[{"name":"wp","href":"https:\/\/api.w.org\/{rel}","templated":true}]}}