{"id":3053,"date":"2024-08-16T10:35:41","date_gmt":"2024-08-16T08:35:41","guid":{"rendered":"https:\/\/www.parthages.be\/eboutique\/?post_type=product&#038;p=3053"},"modified":"2024-08-16T11:17:32","modified_gmt":"2024-08-16T09:17:32","slug":"avec-ou-sans-autisme","status":"publish","type":"product","link":"https:\/\/www.parthages.be\/eboutique\/produit\/avec-ou-sans-autisme\/","title":{"rendered":"Avec ou sans Autisme\u00a0?"},"content":{"rendered":"<h3>L&rsquo;arriv\u00e9e d&rsquo;un enfant diff\u00e9rent : Un voyage int\u00e9rieur<\/h3>\n<p>L&rsquo;arriv\u00e9e d&rsquo;un enfant diff\u00e9rent apporte souvent le trouble au c\u0153ur d&rsquo;une famille. Les r\u00eaves et projets se d\u00e9sagr\u00e8gent, laissant place \u00e0 une nouvelle destin\u00e9e. Il devient n\u00e9cessaire d&rsquo;accepter cet enfant, cet Autre diff\u00e9rent, tout en sachant que le fantasme de l&rsquo;enfant id\u00e9al persistera.<\/p>\n<h3>Le dilemme d&rsquo;une m\u00e8re<\/h3>\n<p>Liane, maman de Sacha, se pose une question d\u00e9chirante : et si son fils \u00e9tait n\u00e9 \u00ab normal \u00bb et non autiste, comment auraient \u00e9t\u00e9 leurs vies ? Si elle en avait le choix, \u00e9changerait-elle son fils particulier pour un autre, plus conforme \u00e0 ses souhaits ? L&rsquo;enfant diff\u00e9rent est-il vraiment une richesse pour ses parents ?<\/p>\n<h3>Un voyage transformateur<\/h3>\n<p>Le d\u00e9sir de Liane de choisir le fils r\u00eav\u00e9 est si fort que son souhait se r\u00e9alise : elle se r\u00e9veille en compagnie d&rsquo;un nouveau fils. Dans un voyage \u00e0 deux au Maroc, entre Agadir et Taroudant, Liane explore cette nouvelle r\u00e9alit\u00e9. Comment r\u00e9agira-t-elle face \u00e0 cette aventure, peut-\u00eatre illusoire ? Que d\u00e9cidera-t-elle au retour ? Quel enfant choisira-t-elle si elle ob\u00e9it \u00e0 La Voix ?<\/p>\n<p><em>Pr\u00e9sentation de l&rsquo;\u00e9diteur<\/em><\/p>\n<hr \/>\n<ul>\n<li><strong>Auteur :<\/strong> BAUWENS C.<\/li>\n<li><strong>\u00c9diteur :<\/strong> \u00c9ditions Le Livre en Papier, 2021<\/li>\n<li><strong>ISBN :<\/strong> 978-2-8083-1258-5<\/li>\n<li><strong>Cote documentaire :<\/strong> 1-70-BAU-A\/2<\/li>\n<li><strong>Poids :<\/strong> 200 g<\/li>\n<li><strong>Pages :<\/strong> 138 pages<\/li>\n<\/ul>\n<span class=\"et_bloom_bottom_trigger\"><\/span>","protected":false},"excerpt":{"rendered":"<p>L&rsquo;arriv\u00e9e d&rsquo;un enfant diff\u00e9rent apporte le trouble au c\u0153ur d&rsquo;une famille. R\u00eaves et projets se d\u00e9sagr\u00e8gent, une autre destin\u00e9e se profile.<\/p>\n","protected":false},"featured_media":3054,"comment_status":"closed","ping_status":"closed","template":"","meta":{"_et_pb_use_builder":"","_et_pb_old_content":"","_et_gb_content_width":"","spay_email":""},"class_list":["post-3053","product","type-product","status-publish","has-post-thumbnail","hentry","product_cat-livres","product_cat-nouveautes","product_tag-acceptation","product_tag-autisme","product_tag-deuil","product_tag-difference","product_tag-enfant","product_tag-roman"],"jetpack_sharing_enabled":true,"jetpack_likes_enabled":true,"_links":{"self":[{"href":"https:\/\/www.parthages.be\/eboutique\/wp-json\/wp\/v2\/product\/3053","targetHints":{"allow":["GET"]}}],"collection":[{"href":"https:\/\/www.parthages.be\/eboutique\/wp-json\/wp\/v2\/product"}],"about":[{"href":"https:\/\/www.parthages.be\/eboutique\/wp-json\/wp\/v2\/types\/product"}],"replies":[{"embeddable":true,"href":"https:\/\/www.parthages.be\/eboutique\/wp-json\/wp\/v2\/comments?post=3053"}],"wp:featuredmedia":[{"embeddable":true,"href":"https:\/\/www.parthages.be\/eboutique\/wp-json\/wp\/v2\/media\/3054"}],"wp:attachment":[{"href":"https:\/\/www.parthages.be\/eboutique\/wp-json\/wp\/v2\/media?parent=3053"}],"curies":[{"name":"wp","href":"https:\/\/api.w.org\/{rel}","templated":true}]}}