{"id":3078,"date":"2024-09-24T11:37:19","date_gmt":"2024-09-24T09:37:19","guid":{"rendered":"https:\/\/www.parthages.be\/eboutique\/?post_type=product&#038;p=3078"},"modified":"2024-09-24T11:37:20","modified_gmt":"2024-09-24T09:37:20","slug":"les-intelligences-a-haut-potentiel","status":"publish","type":"product","link":"https:\/\/www.parthages.be\/eboutique\/produit\/les-intelligences-a-haut-potentiel\/","title":{"rendered":"Les intelligences \u00e0 haut potentiel"},"content":{"rendered":"<p><em>Les intelligences \u00e0 haut potentiel<\/em> se caract\u00e9risent par une puissance mentale et un don potentiel pouvant se transformer en talent. Le haut potentiel intellectuel (HPI) est \u00e9valu\u00e9 scientifiquement par un test de QI, \u00e0 partir d&rsquo;un seuil de 130.<\/p>\n<h3>Un guide sous forme de questions\/r\u00e9ponses<\/h3>\n<p>Cet ouvrage, pr\u00e9sent\u00e9 sous la forme d&rsquo;une s\u00e9rie de questions\/r\u00e9ponses, tente d&rsquo;expliquer comment ces intelligences se d\u00e9veloppent et se manifestent. Il aborde le fonctionnement des personnes HPI, leurs difficult\u00e9s, ainsi que les am\u00e9nagements possibles pour favoriser leur \u00e9panouissement.<\/p>\n<p><em>Pr\u00e9sentation de l&rsquo;\u00e9diteur<\/em><\/p>\n<hr \/>\n<ul>\n<li><strong>Auteur :<\/strong> CALONNE C.<\/li>\n<li><strong>\u00c9diteur :<\/strong> ELLIPSES, 2024<\/li>\n<li><strong>ISBN :<\/strong> 9782340-085343<\/li>\n<li><strong>Cote documentaire :<\/strong> 1-20-CAL-I<\/li>\n<li><strong>Poids :<\/strong> 254 g<\/li>\n<li><strong>Pages :<\/strong> 200 pages<\/li>\n<\/ul>\n<span class=\"et_bloom_bottom_trigger\"><\/span>","protected":false},"excerpt":{"rendered":"<p><em>Les intelligences \u00e0 haut potentiel<\/em> se caract\u00e9risent par une puissance mentale et un don potentiel pouvant se transformer en talent. Le haut potentiel intellectuel (HPI) est \u00e9valu\u00e9 scientifiquement par un test de QI, \u00e0 partir d&rsquo;un seuil de 130.<\/p>\n","protected":false},"featured_media":3079,"comment_status":"closed","ping_status":"closed","template":"","meta":{"_et_pb_use_builder":"","_et_pb_old_content":"","_et_gb_content_width":"","spay_email":""},"class_list":["post-3078","product","type-product","status-publish","has-post-thumbnail","hentry","product_cat-livres","product_cat-nouveautes"],"jetpack_sharing_enabled":true,"jetpack_likes_enabled":true,"_links":{"self":[{"href":"https:\/\/www.parthages.be\/eboutique\/wp-json\/wp\/v2\/product\/3078","targetHints":{"allow":["GET"]}}],"collection":[{"href":"https:\/\/www.parthages.be\/eboutique\/wp-json\/wp\/v2\/product"}],"about":[{"href":"https:\/\/www.parthages.be\/eboutique\/wp-json\/wp\/v2\/types\/product"}],"replies":[{"embeddable":true,"href":"https:\/\/www.parthages.be\/eboutique\/wp-json\/wp\/v2\/comments?post=3078"}],"wp:featuredmedia":[{"embeddable":true,"href":"https:\/\/www.parthages.be\/eboutique\/wp-json\/wp\/v2\/media\/3079"}],"wp:attachment":[{"href":"https:\/\/www.parthages.be\/eboutique\/wp-json\/wp\/v2\/media?parent=3078"}],"curies":[{"name":"wp","href":"https:\/\/api.w.org\/{rel}","templated":true}]}}