{"id":308,"date":"2013-04-04T14:24:49","date_gmt":"2013-04-04T12:24:49","guid":{"rendered":"https:\/\/www.parthages.be\/wordpress\/produit\/l-autisme-une-autre-intelligence\/"},"modified":"2022-06-03T08:33:29","modified_gmt":"2022-06-03T06:33:29","slug":"l-autisme-une-autre-intelligence","status":"publish","type":"product","link":"https:\/\/www.parthages.be\/eboutique\/produit\/l-autisme-une-autre-intelligence\/","title":{"rendered":"L&rsquo;autisme : une autre intelligence"},"content":{"rendered":"<p>Ce livre pr\u00e9sente l\u2019essentiel de ce que les chercheurs, les professionnels et les parents doivent conna\u00eetre sur les personnes porteuses d\u2019un trouble envahissant du d\u00e9veloppement sans d\u00e9ficience intellectuelle : l\u2019autisme \u00ab de haut niveau \u00bb et le syndrome d\u2019Asperger. De mani\u00e8re accessible et technique \u00e0 la fois, les aspects diagnostiques positifs et diff\u00e9rentiels et le support qu\u2019on peut apporter \u00e0 ces personnes y sont expos\u00e9s de fa\u00e7on approfondie. L\u2019originalit\u00e9 de ce livre tient \u00e0 son<\/p>\n<p>objet, une population presque encore inconnue en France, et \u00e0 sa m\u00e9thode, associant la psychologie exp\u00e9rimentale \u00e0 l\u2019expertise clinique.<\/p>\n<p>MOTTRON L.<\/p>\n<p>Editions Mardaga<\/p>\n<p>2004-240p.-385gr<\/p>\n<p>ISBN\u00a0: 978-2-87009-869-3<\/p>\n<p>Cote doc: 1-70-MOT-A<\/p>\n<span class=\"et_bloom_bottom_trigger\"><\/span>","protected":false},"excerpt":{"rendered":"<p>Ce livre pr\u00e9sente l\u2019essentiel de ce que les chercheurs, les professionnels et les parents doivent conna\u00eetre sur les personnes porteuses d\u2019un trouble envahissant du d\u00e9veloppement sans d\u00e9ficience intellectuelle : l\u2019autisme \u00ab de haut niveau \u00bb et le syndrome d\u2019Asperger.<\/p>\n","protected":false},"featured_media":307,"comment_status":"open","ping_status":"closed","template":"","meta":{"_et_pb_use_builder":"","_et_pb_old_content":"","_et_gb_content_width":"","spay_email":""},"class_list":["post-308","product","type-product","status-publish","has-post-thumbnail","hentry","product_cat-livres","product_tag-autisme","product_tag-diagnostic","product_tag-methodologie","product_tag-outil","product_tag-suivi-du-patient","product_tag-syndrome-dasperger"],"jetpack_sharing_enabled":true,"jetpack_likes_enabled":true,"_links":{"self":[{"href":"https:\/\/www.parthages.be\/eboutique\/wp-json\/wp\/v2\/product\/308","targetHints":{"allow":["GET"]}}],"collection":[{"href":"https:\/\/www.parthages.be\/eboutique\/wp-json\/wp\/v2\/product"}],"about":[{"href":"https:\/\/www.parthages.be\/eboutique\/wp-json\/wp\/v2\/types\/product"}],"replies":[{"embeddable":true,"href":"https:\/\/www.parthages.be\/eboutique\/wp-json\/wp\/v2\/comments?post=308"}],"wp:featuredmedia":[{"embeddable":true,"href":"https:\/\/www.parthages.be\/eboutique\/wp-json\/wp\/v2\/media\/307"}],"wp:attachment":[{"href":"https:\/\/www.parthages.be\/eboutique\/wp-json\/wp\/v2\/media?parent=308"}],"curies":[{"name":"wp","href":"https:\/\/api.w.org\/{rel}","templated":true}]}}