{"id":3082,"date":"2024-09-24T11:42:44","date_gmt":"2024-09-24T09:42:44","guid":{"rendered":"https:\/\/www.parthages.be\/eboutique\/?post_type=product&#038;p=3082"},"modified":"2024-10-07T10:47:58","modified_gmt":"2024-10-07T08:47:58","slug":"jojo-le-super-heros-livret-pedagogique-cle-en-main","status":"publish","type":"product","link":"https:\/\/www.parthages.be\/eboutique\/produit\/jojo-le-super-heros-livret-pedagogique-cle-en-main\/","title":{"rendered":"Jojo le super h\u00e9ros &#8211; Livret P\u00e9dagogique cl\u00e9 en main"},"content":{"rendered":"<p>Pour accompagner l&rsquo;album <em>Jojo le super-h\u00e9ros<\/em>, d\u00e9couvrez ce livret p\u00e9dagogique en couleur. Vos enfants ou vos \u00e9l\u00e8ves pourront travailler de mani\u00e8re ludique en r\u00e9pondant \u00e0 des questions, dessinant, cr\u00e9ant, \u00e9crivant des histoires, jouant des sc\u00e8nes de th\u00e9\u00e2tre, et en travaillant seul ou en groupe.<\/p>\n<p><em>Pr\u00e9sentation de l&rsquo;\u00e9diteur<\/em><\/p>\n<hr \/>\n<ul>\n<li><strong>Auteur :<\/strong> VANDA\u00cbLE G.<\/li>\n<li><strong>Illustrations :<\/strong> \u00c1LVAREZ S\u00c1NCHEZ Ana B.<\/li>\n<li><strong>\u00c9diteur :<\/strong> PANTHERE ED, Collection Sucre d\u2019Orge, 2022<\/li>\n<li><strong>ISBN :<\/strong> 978-2-931212-00-4<\/li>\n<li><strong>Cote documentaire :<\/strong> 11-VAN-J\/1<\/li>\n<li><strong>Poids :<\/strong> 163 g<\/li>\n<li><strong>Pages :<\/strong> 44 pages<\/li>\n<\/ul>\n<span class=\"et_bloom_bottom_trigger\"><\/span>","protected":false},"excerpt":{"rendered":"<p>Pour accompagner l&rsquo;album <em>Jojo le super-h\u00e9ros<\/em>, d\u00e9couvrez ce livret p\u00e9dagogique en couleur.<\/p>\n","protected":false},"featured_media":3105,"comment_status":"closed","ping_status":"closed","template":"","meta":{"_et_pb_use_builder":"","_et_pb_old_content":"","_et_gb_content_width":"","spay_email":""},"class_list":["post-3082","product","type-product","status-publish","has-post-thumbnail","hentry","product_cat-livres-jeunesse","product_cat-nouveautes","product_tag-appareil-auditif","product_tag-ecole","product_tag-empathie","product_tag-enfant","product_tag-inclusion","product_tag-langue-des-signes","product_tag-surdite"],"jetpack_sharing_enabled":true,"jetpack_likes_enabled":true,"_links":{"self":[{"href":"https:\/\/www.parthages.be\/eboutique\/wp-json\/wp\/v2\/product\/3082","targetHints":{"allow":["GET"]}}],"collection":[{"href":"https:\/\/www.parthages.be\/eboutique\/wp-json\/wp\/v2\/product"}],"about":[{"href":"https:\/\/www.parthages.be\/eboutique\/wp-json\/wp\/v2\/types\/product"}],"replies":[{"embeddable":true,"href":"https:\/\/www.parthages.be\/eboutique\/wp-json\/wp\/v2\/comments?post=3082"}],"wp:featuredmedia":[{"embeddable":true,"href":"https:\/\/www.parthages.be\/eboutique\/wp-json\/wp\/v2\/media\/3105"}],"wp:attachment":[{"href":"https:\/\/www.parthages.be\/eboutique\/wp-json\/wp\/v2\/media?parent=3082"}],"curies":[{"name":"wp","href":"https:\/\/api.w.org\/{rel}","templated":true}]}}