{"id":3091,"date":"2024-09-24T12:02:07","date_gmt":"2024-09-24T10:02:07","guid":{"rendered":"https:\/\/www.parthages.be\/eboutique\/?post_type=product&#038;p=3091"},"modified":"2024-09-24T12:02:08","modified_gmt":"2024-09-24T10:02:08","slug":"le-profil-asperger-au-feminin","status":"publish","type":"product","link":"https:\/\/www.parthages.be\/eboutique\/produit\/le-profil-asperger-au-feminin\/","title":{"rendered":"Le profil Asperger au f\u00e9minin"},"content":{"rendered":"<p>Cet ouvrage a pour principal objectif de d\u00e9mystifier le syndrome d\u2019Asperger chez les femmes. Il vise \u00e0 \u00e9viter les diagnostics souvent erron\u00e9s pos\u00e9s par les sp\u00e9cialistes qui m\u00e9connaissent les particularit\u00e9s du profil f\u00e9minin. Il permet \u00e9galement aux filles et aux femmes Asperger d&rsquo;acc\u00e9der \u00e0 une qualit\u00e9 de vie en ad\u00e9quation avec leur potentiel.<\/p>\n<h3>Structure de l&rsquo;ouvrage<\/h3>\n<ul>\n<li><strong>Premi\u00e8re partie<\/strong> : Isabelle H\u00e9nault d\u00e9finit le syndrome d\u2019Asperger au f\u00e9minin, en s\u2019appuyant sur les derni\u00e8res recherches et donn\u00e9es cliniques. Elle pr\u00e9sente les caract\u00e9ristiques cliniques et les th\u00e8mes importants associ\u00e9s \u00e0 ce profil.<\/li>\n<li><strong>Deuxi\u00e8me partie<\/strong> : Le t\u00e9moignage d\u2019Annyck Martin, qui partage son cheminement personnel et la d\u00e9couverte de son syndrome. Au-del\u00e0 de son r\u00e9cit, elle offre un ensemble d\u2019informations et de ressources.<\/li>\n<li><strong>Troisi\u00e8me partie<\/strong> : Un guide d\u2019\u00e9valuation clinique du syndrome d\u2019Asperger au f\u00e9minin, \u00e9labor\u00e9 en collaboration avec trois experts internationaux. Ce guide r\u00e9pond au besoin d\u2019un protocole clinique coh\u00e9rent et complet pour le diagnostic.<\/li>\n<\/ul>\n<p><em>Pr\u00e9sentation de l&rsquo;\u00e9diteur<\/em><\/p>\n<hr \/>\n<ul>\n<li><strong>Auteurs :<\/strong> H\u00c9NAULT I., MARTIN A.<\/li>\n<li><strong>\u00c9diteur :<\/strong> Cheneli\u00e8re \u00c9ducation, 2021<\/li>\n<li><strong>ISBN :<\/strong> 978-2-7650-7592-9<\/li>\n<li><strong>Cote documentaire :<\/strong> 1-70-HEN-P<\/li>\n<li><strong>Poids :<\/strong> 250 g<\/li>\n<li><strong>Pages :<\/strong> 158 pages<\/li>\n<\/ul>\n<span class=\"et_bloom_bottom_trigger\"><\/span>","protected":false},"excerpt":{"rendered":"<p>Cet ouvrage a pour principal objectif de d\u00e9mystifier le syndrome d\u2019Asperger chez les femmes. Il vise \u00e0 \u00e9viter les diagnostics souvent erron\u00e9s pos\u00e9s par les sp\u00e9cialistes qui m\u00e9connaissent les particularit\u00e9s du profil f\u00e9minin. Il permet \u00e9galement aux filles et aux femmes Asperger d&rsquo;acc\u00e9der \u00e0 une qualit\u00e9 de vie en ad\u00e9quation avec leur potentiel.<\/p>\n","protected":false},"featured_media":3092,"comment_status":"closed","ping_status":"closed","template":"","meta":{"_et_pb_use_builder":"","_et_pb_old_content":"","_et_gb_content_width":"","spay_email":""},"class_list":["post-3091","product","type-product","status-publish","has-post-thumbnail","hentry","product_cat-livres","product_cat-nouveautes","product_tag-adulte","product_tag-diagnostic","product_tag-enfant","product_tag-evaluation","product_tag-femme","product_tag-relation-sociale","product_tag-sexualite","product_tag-syndrome-dasperger-2","product_tag-temoignage","product_tag-tsa","product_tag-vie-professionnelle"],"jetpack_sharing_enabled":true,"jetpack_likes_enabled":true,"_links":{"self":[{"href":"https:\/\/www.parthages.be\/eboutique\/wp-json\/wp\/v2\/product\/3091","targetHints":{"allow":["GET"]}}],"collection":[{"href":"https:\/\/www.parthages.be\/eboutique\/wp-json\/wp\/v2\/product"}],"about":[{"href":"https:\/\/www.parthages.be\/eboutique\/wp-json\/wp\/v2\/types\/product"}],"replies":[{"embeddable":true,"href":"https:\/\/www.parthages.be\/eboutique\/wp-json\/wp\/v2\/comments?post=3091"}],"wp:featuredmedia":[{"embeddable":true,"href":"https:\/\/www.parthages.be\/eboutique\/wp-json\/wp\/v2\/media\/3092"}],"wp:attachment":[{"href":"https:\/\/www.parthages.be\/eboutique\/wp-json\/wp\/v2\/media?parent=3091"}],"curies":[{"name":"wp","href":"https:\/\/api.w.org\/{rel}","templated":true}]}}