{"id":3093,"date":"2024-09-24T12:04:55","date_gmt":"2024-09-24T10:04:55","guid":{"rendered":"https:\/\/www.parthages.be\/eboutique\/?post_type=product&#038;p=3093"},"modified":"2024-09-24T12:04:57","modified_gmt":"2024-09-24T10:04:57","slug":"lenseignement-face-aux-desordres-en-classe","status":"publish","type":"product","link":"https:\/\/www.parthages.be\/eboutique\/produit\/lenseignement-face-aux-desordres-en-classe\/","title":{"rendered":"L\u2019enseignement face aux d\u00e9sordres en classe"},"content":{"rendered":"<p><strong>Appropriation de dispositifs \u00e0 l\u2019\u00e9cole primaire <\/strong>Confront\u00e9s \u00e0 des comportements d\u2019\u00e9l\u00e8ves qu\u2019ils jugent inappropri\u00e9s, les enseignants de l\u2019\u00e9cole primaire mettent en place des dispositifs pour r\u00e9guler ces d\u00e9sordres. Au-del\u00e0 du simple r\u00e9tablissement de l\u2019ordre, ces dispositifs ont des enjeux \u00e9ducatifs : les enseignants tentent d\u2019impliquer les \u00e9l\u00e8ves dans la r\u00e9solution des probl\u00e8mes, d\u2019encourager une posture r\u00e9flexive et d\u2019enseigner des comp\u00e9tences sociales.<\/p>\n<h3>Dispositifs \u00e9ducatifs et enjeux p\u00e9dagogiques<\/h3>\n<p>Certains dispositifs, comme le conseil d\u2019\u00e9l\u00e8ves, sont valoris\u00e9s socialement. D\u2019autres, plus discrets, sont parfois per\u00e7us comme ill\u00e9gitimes malgr\u00e9 leur efficacit\u00e9 \u00e9ducative. Cette \u00e9tude se concentre sur l\u2019appropriation de ces dispositifs par les enseignants, en analysant leur activit\u00e9 en classe et les ressources ou contraintes qu\u2019ils rencontrent dans leur travail quotidien.<\/p>\n<h3>Une approche exp\u00e9rimentale<\/h3>\n<p>\u00c0 partir de ces observations, une exp\u00e9rimentation est cocon\u00e7ue entre enseignants et chercheurs. La r\u00e9gulation des d\u00e9sordres est envisag\u00e9e comme une d\u00e9marche d\u2019enqu\u00eate avec les \u00e9l\u00e8ves, transformant ces moments de d\u00e9sordre en opportunit\u00e9s d\u2019apprentissage.<\/p>\n<p><em>Pr\u00e9sentation de l&rsquo;\u00e9diteur<\/em><\/p>\n<hr \/>\n<ul>\n<li><strong>Auteurs :<\/strong> FONDEVILLE B., LEFEUVRE G.<\/li>\n<li><strong>\u00c9diteur :<\/strong> \u00c9ditions PUR, 2024<\/li>\n<li><strong>ISBN :<\/strong> 978-2-7535-9418-0<\/li>\n<li><strong>Cote documentaire :<\/strong> 10-10-FON-E<\/li>\n<li><strong>Poids :<\/strong> 400 g<\/li>\n<li><strong>Pages :<\/strong> 210 pages<\/li>\n<\/ul>\n<span class=\"et_bloom_bottom_trigger\"><\/span>","protected":false},"excerpt":{"rendered":"<p><strong>Appropriation de dispositifs \u00e0 l\u2019\u00e9cole primaire <\/strong>Confront\u00e9s \u00e0 des comportements d\u2019\u00e9l\u00e8ves qu\u2019ils jugent inappropri\u00e9s, les enseignants de l\u2019\u00e9cole primaire mettent en place des dispositifs pour r\u00e9guler ces d\u00e9sordres.<\/p>\n","protected":false},"featured_media":3094,"comment_status":"closed","ping_status":"closed","template":"","meta":{"_et_pb_use_builder":"","_et_pb_old_content":"","_et_gb_content_width":"","spay_email":""},"class_list":["post-3093","product","type-product","status-publish","has-post-thumbnail","hentry","product_cat-livres","product_cat-nouveautes","product_tag-desordre-scolaire","product_tag-ecole-primaire","product_tag-gestion-de-classe","product_tag-pratique-enseignante","product_tag-relation-eleve-enseignant","product_tag-temoignage"],"jetpack_sharing_enabled":true,"jetpack_likes_enabled":true,"_links":{"self":[{"href":"https:\/\/www.parthages.be\/eboutique\/wp-json\/wp\/v2\/product\/3093","targetHints":{"allow":["GET"]}}],"collection":[{"href":"https:\/\/www.parthages.be\/eboutique\/wp-json\/wp\/v2\/product"}],"about":[{"href":"https:\/\/www.parthages.be\/eboutique\/wp-json\/wp\/v2\/types\/product"}],"replies":[{"embeddable":true,"href":"https:\/\/www.parthages.be\/eboutique\/wp-json\/wp\/v2\/comments?post=3093"}],"wp:featuredmedia":[{"embeddable":true,"href":"https:\/\/www.parthages.be\/eboutique\/wp-json\/wp\/v2\/media\/3094"}],"wp:attachment":[{"href":"https:\/\/www.parthages.be\/eboutique\/wp-json\/wp\/v2\/media?parent=3093"}],"curies":[{"name":"wp","href":"https:\/\/api.w.org\/{rel}","templated":true}]}}