{"id":3095,"date":"2024-09-24T12:08:11","date_gmt":"2024-09-24T10:08:11","guid":{"rendered":"https:\/\/www.parthages.be\/eboutique\/?post_type=product&#038;p=3095"},"modified":"2024-09-24T12:08:12","modified_gmt":"2024-09-24T10:08:12","slug":"les-moqueries-non-merci","status":"publish","type":"product","link":"https:\/\/www.parthages.be\/eboutique\/produit\/les-moqueries-non-merci\/","title":{"rendered":"Les Moqueries, non merci"},"content":{"rendered":"<p>Beaucoup, <strong>BEAUCOUP<\/strong> de jeunes se font taquiner dans une journ\u00e9e. Est-ce que \u00e7a t\u2019est d\u00e9j\u00e0 arriv\u00e9 ? Souvent, les gens nous agacent gentiment, mais se faire taquiner peut rapidement devenir blessant. Si c\u2019est ton cas, tu n\u2019as pas \u00e0 endurer \u00e7a !<\/p>\n<p>Quelle est la diff\u00e9rence entre les taquineries amusantes et les moqueries malveillantes ? Quels sont les dix meilleurs trucs pour affronter les jeunes qui se moquent de toi ? Lis ce livre ! Tu d\u00e9couvriras comment avoir le courage de dire : <em>Les moqueries, non merci !<\/em><\/p>\n<p>Destin\u00e9 aux jeunes de 6 ans et plus, <em>Les moqueries, non merci !<\/em> est un guide rempli d\u2019humour, d\u2019illustrations rigolotes et de trucs pratiques pour leur donner le courage de s\u2019affirmer et pour \u00e9viter de se faire intimider. \u00c0 la fin du livre sont propos\u00e9es des activit\u00e9s compl\u00e9mentaires pour apprendre aux jeunes \u00e0 contr\u00f4ler leurs r\u00e9actions, \u00e0 reprendre le contr\u00f4le des situations difficiles et \u00e0 mettre fin aux moqueries dans leur vie.<\/p>\n<ul>\n<li>Dans ce livre, tu d\u00e9couvriras comment mettre fin aux moqueries gr\u00e2ce :<br \/>\n\u2022 \u00c0 ta force int\u00e9rieure fascinante<br \/>\n\u2022 \u00c0 ton imagination d\u00e9bordante<br \/>\n\u2022 \u00c0 ta r\u00e9partie flamboyante<br \/>\n\u2022 \u00c0 la communication non violente<br \/>\n\u2022 Et \u00e0 une foule d\u2019astuces \u00e9patantes !<\/li>\n<\/ul>\n<p><em>Pr\u00e9sentation de l&rsquo;\u00e9diteur<\/em><\/p>\n<hr \/>\n<ul>\n<li><strong>Auteurs :<\/strong> FREEDMAN J., BLACK P.<\/li>\n<li><strong>\u00c9diteur :<\/strong> \u00c9ditions Midi Trente, 2022<\/li>\n<li><strong>ISBN :<\/strong> 978-2-203-28202-5<\/li>\n<li><strong>Cote documentaire :<\/strong> 11-FRE-M<\/li>\n<li><strong>Poids :<\/strong> 200 g<\/li>\n<li><strong>Pages :<\/strong> 96 pages<\/li>\n<\/ul>\n<span class=\"et_bloom_bottom_trigger\"><\/span>","protected":false},"excerpt":{"rendered":"<p>Beaucoup, <strong>BEAUCOUP<\/strong> de jeunes se font taquiner dans une journ\u00e9e. Est-ce que \u00e7a t\u2019est d\u00e9j\u00e0 arriv\u00e9 ? Souvent, les gens nous agacent gentiment, mais se faire taquiner peut rapidement devenir blessant. Si c\u2019est ton cas, tu n\u2019as pas \u00e0 endurer \u00e7a !<\/p>\n","protected":false},"featured_media":3096,"comment_status":"closed","ping_status":"closed","template":"","meta":{"_et_pb_use_builder":"","_et_pb_old_content":"","_et_gb_content_width":"","spay_email":""},"class_list":["post-3095","product","type-product","status-publish","has-post-thumbnail","hentry","product_cat-livres-jeunesse","product_cat-nouveautes","product_tag-communication","product_tag-discrimination","product_tag-enfant","product_tag-gestion","product_tag-moquerie","product_tag-outils"],"jetpack_sharing_enabled":true,"jetpack_likes_enabled":true,"_links":{"self":[{"href":"https:\/\/www.parthages.be\/eboutique\/wp-json\/wp\/v2\/product\/3095","targetHints":{"allow":["GET"]}}],"collection":[{"href":"https:\/\/www.parthages.be\/eboutique\/wp-json\/wp\/v2\/product"}],"about":[{"href":"https:\/\/www.parthages.be\/eboutique\/wp-json\/wp\/v2\/types\/product"}],"replies":[{"embeddable":true,"href":"https:\/\/www.parthages.be\/eboutique\/wp-json\/wp\/v2\/comments?post=3095"}],"wp:featuredmedia":[{"embeddable":true,"href":"https:\/\/www.parthages.be\/eboutique\/wp-json\/wp\/v2\/media\/3096"}],"wp:attachment":[{"href":"https:\/\/www.parthages.be\/eboutique\/wp-json\/wp\/v2\/media?parent=3095"}],"curies":[{"name":"wp","href":"https:\/\/api.w.org\/{rel}","templated":true}]}}