{"id":310,"date":"2013-04-04T14:26:23","date_gmt":"2013-04-04T12:26:23","guid":{"rendered":"https:\/\/www.parthages.be\/wordpress\/produit\/la-remediation-cognitive-dans-la-schizophrenie\/"},"modified":"2013-04-04T14:26:23","modified_gmt":"2013-04-04T12:26:23","slug":"la-remediation-cognitive-dans-la-schizophrenie","status":"publish","type":"product","link":"https:\/\/www.parthages.be\/eboutique\/produit\/la-remediation-cognitive-dans-la-schizophrenie\/","title":{"rendered":"La rem\u00e9diation cognitive dans la schizophr\u00e9nie"},"content":{"rendered":"<p>La rem\u00e9diation cognitive est devenue en quelques ann\u00e9es un outil th\u00e9rapeutique important dans le domaine des maladies psychiatriques, et plus particuli\u00e8rement dans celui des troubles schizophr\u00e9niques.<\/p>\n<p>Parmi les programmes utilis\u00e9s, RECOS est l\u2019un des seuls \u00e0 proposer un entra\u00eenement qui tient compte du profil cognitif individuel, permettant ainsi de r\u00e9pondre de mani\u00e8re cibl\u00e9e \u00e0 la grande h\u00e9t\u00e9rog\u00e9n\u00e9it\u00e9 des d\u00e9ficits observ\u00e9s.<\/p>\n<p>Cet ouvrage constitue le support de base indispensable \u00e0 la formation d\u00e9livr\u00e9e aux futurs th\u00e9rapeutes RECOS. Il se divise en deux parties. La premi\u00e8re partie pr\u00e9sente les donn\u00e9es scientifiques actuelles sur les troubles cognitifs de la schizophr\u00e9nie et les moyens d\u2019y rem\u00e9dier. Le lien entre les performances cognitives et les capacit\u00e9s fonctionnelles permet de comprendre comment et pourquoi la rem\u00e9diation cognitive favorise la r\u00e9insertion sociale et professionnelle. La deuxi\u00e8me partie fait office de manuel d\u2019utilisation pour tous les th\u00e9rapeutes (psychologues, psychiatres, infirmiers, ergoth\u00e9rapeutes) souhaitant utiliser RECOS. L\u2019ouvrage d\u00e9crit les pathologies psychiatriques vis\u00e9es par le programme, la schizophr\u00e9nie n\u2019\u00e9tant pas la seule concern\u00e9e. Il aborde ensuite les diff\u00e9rentes \u00e9tapes du traitement, en consacrant une place importante \u00e0 l\u2019\u00e9valuation cognitive et clinique ainsi qu\u2019aux exercices de rem\u00e9diation. Des cas cliniques illustrent la mani\u00e8re d\u2019adapter le travail th\u00e9rapeutique au profil cognitif de chaque participant.<\/p>\n<p>Afin que le lecteur puisse b\u00e9n\u00e9ficier d\u2019un maximum d\u2019informations et de documents pratiques, plusieurs outils n\u00e9cessaires \u00e0 l\u2019utilisation du programme figurent en annexe de l\u2019ouvrage.<\/p>\n<p>\u00a0<\/p>\n<p>VIANIN P.<\/p>\n<p>Editions Mardaga<\/p>\n<p>2013- 356p-570gr-32\u20ac<\/p>\n<p>ISBN\u00a0: 978-2-8047-0152-9<\/p>\n<span class=\"et_bloom_bottom_trigger\"><\/span>","protected":false},"excerpt":{"rendered":"<p>La rem\u00e9diation cognitive est devenue en quelques ann\u00e9es un outil th\u00e9rapeutique important dans le domaine des maladies psychiatriques, et plus particuli\u00e8rement dans celui des troubles schizophr\u00e9niques.<\/p>\n","protected":false},"featured_media":309,"comment_status":"open","ping_status":"closed","template":"","meta":{"_et_pb_use_builder":"","_et_pb_old_content":"","_et_gb_content_width":"","spay_email":""},"class_list":["post-310","product","type-product","status-publish","has-post-thumbnail","hentry","product_cat-livres","product_tag-nevrose","product_tag-programme-de-sante","product_tag-programme-recos","product_tag-psychiatrie","product_tag-psychose","product_tag-schizophrenie","product_tag-trouble-de-la-personnalite","product_tag-trouble-neurologique"],"jetpack_sharing_enabled":true,"jetpack_likes_enabled":true,"_links":{"self":[{"href":"https:\/\/www.parthages.be\/eboutique\/wp-json\/wp\/v2\/product\/310","targetHints":{"allow":["GET"]}}],"collection":[{"href":"https:\/\/www.parthages.be\/eboutique\/wp-json\/wp\/v2\/product"}],"about":[{"href":"https:\/\/www.parthages.be\/eboutique\/wp-json\/wp\/v2\/types\/product"}],"replies":[{"embeddable":true,"href":"https:\/\/www.parthages.be\/eboutique\/wp-json\/wp\/v2\/comments?post=310"}],"wp:featuredmedia":[{"embeddable":true,"href":"https:\/\/www.parthages.be\/eboutique\/wp-json\/wp\/v2\/media\/309"}],"wp:attachment":[{"href":"https:\/\/www.parthages.be\/eboutique\/wp-json\/wp\/v2\/media?parent=310"}],"curies":[{"name":"wp","href":"https:\/\/api.w.org\/{rel}","templated":true}]}}