{"id":3112,"date":"2025-03-19T17:40:55","date_gmt":"2025-03-19T16:40:55","guid":{"rendered":"https:\/\/www.parthages.be\/eboutique\/?post_type=product&#038;p=3112"},"modified":"2025-03-20T15:45:39","modified_gmt":"2025-03-20T14:45:39","slug":"acouphenes-sen-debarrasser-definitivement-grace-aux-methodes-naturelles","status":"publish","type":"product","link":"https:\/\/www.parthages.be\/eboutique\/produit\/acouphenes-sen-debarrasser-definitivement-grace-aux-methodes-naturelles\/","title":{"rendered":"Acouph\u00e8nes : s\u2019en d\u00e9barrasser d\u00e9finitivement gr\u00e2ce aux m\u00e9thodes naturelles"},"content":{"rendered":"<p data-start=\"82\" data-end=\"573\">Les acouph\u00e8nes (bourdonnements, sifflements, bruits r\u00e9p\u00e9titifs, tintements d&rsquo;oreilles, etc.) touchent actuellement plus de 10 % de nos concitoyens. Les graves perturbations caus\u00e9es par cette maladie entra\u00eenent un stress quasi permanent chez les malades, accentu\u00e9 par un \u00e9tat de fatigue (troubles du sommeil, difficult\u00e9s de concentration, impact sur la vie quotidienne) et des r\u00e9percussions sur le caract\u00e8re, avec tout ce que cela implique dans les relations familiales et professionnelles.<\/p>\n<h3 data-start=\"575\" data-end=\"605\">Rompre le cercle vicieux<\/h3>\n<p data-start=\"607\" data-end=\"874\">Vivre avec des acouph\u00e8nes est source de stress, or le stress ne fait qu\u2019empirer les sympt\u00f4mes. Pour aller mieux, il est conseill\u00e9 de d\u00e9velopper des techniques de relaxation permettant de se d\u00e9tendre et de ne plus focaliser sur les bourdonnements et les sifflements.<\/p>\n<h3 data-start=\"876\" data-end=\"919\">Des solutions naturelles et efficaces<\/h3>\n<p data-start=\"921\" data-end=\"1371\">Longtemps laiss\u00e9es de c\u00f4t\u00e9, les m\u00e9thodes naturelles offrent aujourd\u2019hui aux malades une gamme de solutions adapt\u00e9es \u00e0 chaque cas pr\u00e9cis. Ce livre, avant tout p\u00e9dagogique, a pour but d\u2019aider ceux qui souffrent, parfois depuis longtemps, et qui se croient condamn\u00e9s \u00e0 ne jamais gu\u00e9rir. Cl\u00e9mence Lef\u00e8vre propose des conseils et des explications convaincantes pour engager imm\u00e9diatement le combat contre cette maladie, qui n\u2019a plus rien d\u2019irr\u00e9m\u00e9diable.<\/p>\n<p data-start=\"1373\" data-end=\"1402\"><em data-start=\"1373\" data-end=\"1400\">Pr\u00e9sentation de l&rsquo;\u00e9diteur<\/em><\/p>\n<hr data-start=\"1404\" data-end=\"1409\" \/>\n<ul data-start=\"1411\" data-end=\"1726\" data-is-last-node=\"\" data-is-only-node=\"\">\n<li data-start=\"1411\" data-end=\"1438\"><strong data-start=\"1413\" data-end=\"1425\">Auteur :<\/strong> LEF\u00c8VRE C.<\/li>\n<li data-start=\"1439\" data-end=\"1480\"><strong data-start=\"1441\" data-end=\"1454\">\u00c9diteur :<\/strong> \u00c9ditions Exclusif, 2009<\/li>\n<li data-start=\"1481\" data-end=\"1513\"><strong data-start=\"1483\" data-end=\"1493\">ISBN :<\/strong> 978-2-8489-1082-6<\/li>\n<li data-start=\"1514\" data-end=\"1552\"><strong data-start=\"1516\" data-end=\"1539\">Cote documentaire :<\/strong> 1-10-LEF-A<\/li>\n<li data-start=\"1553\" data-end=\"1574\"><strong data-start=\"1555\" data-end=\"1566\">Poids :<\/strong> 200 g<\/li>\n<li data-start=\"1575\" data-end=\"1600\"><strong data-start=\"1577\" data-end=\"1588\">Pages :<\/strong> 185 pages<\/li>\n<\/ul>\n<span class=\"et_bloom_bottom_trigger\"><\/span>","protected":false},"excerpt":{"rendered":"<p>D\u00e9couvrez des m\u00e9thodes naturelles pour soulager les acouph\u00e8nes et briser le cercle du stress. Des solutions efficaces pour retrouver calme et bien-\u00eatre au quotidien.<\/p>\n","protected":false},"featured_media":3138,"comment_status":"closed","ping_status":"closed","template":"","meta":{"_et_pb_use_builder":"","_et_pb_old_content":"","_et_gb_content_width":"","spay_email":""},"class_list":["post-3112","product","type-product","status-publish","has-post-thumbnail","hentry","product_cat-livres","product_tag-acouphene","product_tag-combat","product_tag-depression","product_tag-maladie","product_tag-outil-pedagogique","product_tag-repli-sur-soi","product_tag-stress","product_tag-technique-de-relaxation"],"jetpack_sharing_enabled":true,"jetpack_likes_enabled":true,"_links":{"self":[{"href":"https:\/\/www.parthages.be\/eboutique\/wp-json\/wp\/v2\/product\/3112","targetHints":{"allow":["GET"]}}],"collection":[{"href":"https:\/\/www.parthages.be\/eboutique\/wp-json\/wp\/v2\/product"}],"about":[{"href":"https:\/\/www.parthages.be\/eboutique\/wp-json\/wp\/v2\/types\/product"}],"replies":[{"embeddable":true,"href":"https:\/\/www.parthages.be\/eboutique\/wp-json\/wp\/v2\/comments?post=3112"}],"wp:featuredmedia":[{"embeddable":true,"href":"https:\/\/www.parthages.be\/eboutique\/wp-json\/wp\/v2\/media\/3138"}],"wp:attachment":[{"href":"https:\/\/www.parthages.be\/eboutique\/wp-json\/wp\/v2\/media?parent=3112"}],"curies":[{"name":"wp","href":"https:\/\/api.w.org\/{rel}","templated":true}]}}