{"id":3116,"date":"2025-03-19T17:49:00","date_gmt":"2025-03-19T16:49:00","guid":{"rendered":"https:\/\/www.parthages.be\/eboutique\/?post_type=product&#038;p=3116"},"modified":"2025-03-19T17:50:04","modified_gmt":"2025-03-19T16:50:04","slug":"le-pouvoir-du-pardon","status":"publish","type":"product","link":"https:\/\/www.parthages.be\/eboutique\/produit\/le-pouvoir-du-pardon\/","title":{"rendered":"Le pouvoir du pardon"},"content":{"rendered":"<p data-start=\"27\" data-end=\"61\"><strong data-start=\"27\" data-end=\"59\">Chemin de la paix int\u00e9rieure<\/strong><\/p>\n<p data-start=\"63\" data-end=\"243\">Marie-Camille a travers\u00e9 de nombreuses \u00e9preuves : rejet, violence, inceste, tentatives de viol, trahison\u2026 Son corps a tant manifest\u00e9 son d\u00e9sespoir qu\u2019elle est devenue handicap\u00e9e.<\/p>\n<p data-start=\"245\" data-end=\"495\">Apr\u00e8s des ann\u00e9es de souffrance, elle a finalement r\u00e9ussi \u00e0 se lib\u00e9rer de son pass\u00e9. Dans cet ouvrage, elle retrace son parcours tumultueux et t\u00e9moigne de son cheminement vers la r\u00e9silience en partageant les m\u00e9thodes de gu\u00e9rison qu\u2019elle a employ\u00e9es.<\/p>\n<p data-start=\"497\" data-end=\"571\">Un message d\u2019espoir pour toutes les personnes souffrant de traumatismes.<\/p>\n<p data-start=\"573\" data-end=\"602\"><em data-start=\"573\" data-end=\"600\">Pr\u00e9sentation de l&rsquo;\u00e9diteur<\/em><\/p>\n<hr data-start=\"604\" data-end=\"609\" \/>\n<ul data-start=\"611\" data-end=\"984\" data-is-only-node=\"\" data-is-last-node=\"\">\n<li data-start=\"611\" data-end=\"648\"><strong data-start=\"613\" data-end=\"625\">Auteur :<\/strong> Marie-Camille Dorine<\/li>\n<li data-start=\"649\" data-end=\"677\"><strong data-start=\"651\" data-end=\"664\">\u00c9diteur :<\/strong> MAIA, 2024<\/li>\n<li data-start=\"678\" data-end=\"708\"><strong data-start=\"680\" data-end=\"690\">ISBN :<\/strong> 979-104250749-7<\/li>\n<li data-start=\"709\" data-end=\"747\"><strong data-start=\"711\" data-end=\"734\">Cote documentaire :<\/strong> 1-20-DOR-P<\/li>\n<li data-start=\"748\" data-end=\"769\"><strong data-start=\"750\" data-end=\"761\">Poids :<\/strong> 350 g<\/li>\n<li data-start=\"770\" data-end=\"795\"><strong data-start=\"772\" data-end=\"783\">Pages :<\/strong> 120 pages<\/li>\n<li data-start=\"770\" data-end=\"795\">\n<article class=\"group\/turn w-full text-token-text-primary focus-visible:outline-2 focus-visible:outline-offset-[-4px]\" dir=\"auto\" tabindex=\"-1\" data-testid=\"conversation-turn-58\" data-scroll-anchor=\"true\">\n<div class=\"text-base my-auto mx-auto py-[18px] px-6\">\n<div class=\"mx-auto flex flex-1 text-base gap-4 md:gap-5 lg:gap-6 md:max-w-3xl lg:max-w-[40rem] xl:max-w-[48rem]\">\n<div class=\"group\/conversation-turn relative flex w-full min-w-0 flex-col agent-turn @xs\/thread:px-0 @sm\/thread:px-1.5 @md\/thread:px-4\">\n<div class=\"flex-col gap-1 md:gap-3\">\n<div class=\"flex max-w-full flex-col flex-grow\">\n<div class=\"min-h-8 text-message relative flex w-full flex-col items-end gap-2 whitespace-normal break-words text-start [.text-message+&amp;]:mt-5\" dir=\"auto\" data-message-author-role=\"assistant\" data-message-id=\"8c80a000-97a6-47dc-8bcb-d57c37d7a4e5\" data-message-model-slug=\"gpt-4o\">\n<div class=\"flex w-full flex-col gap-1 empty:hidden first:pt-[3px]\">\n<div class=\"markdown prose w-full break-words dark:prose-invert light\"><\/div>\n<\/div>\n<\/div>\n<\/div>\n<div class=\"mt-3 w-full empty:hidden\">\n<div class=\"text-center\">Uniquement \u00e0 la vente<\/div>\n<\/div>\n<\/div>\n<div class=\"absolute\">\n<div class=\"flex items-center justify-center\"><\/div>\n<\/div>\n<\/div>\n<\/div>\n<\/div>\n<\/article>\n<div class=\"pointer-events-none h-px w-px\" aria-hidden=\"true\" data-edge=\"true\"><\/div>\n<\/li>\n<\/ul>\n<span class=\"et_bloom_bottom_trigger\"><\/span>","protected":false},"excerpt":{"rendered":"<p data-start=\"154\" data-end=\"316\">Marie-Camille Dorine partage son parcours de r\u00e9silience apr\u00e8s des traumatismes et d\u00e9voile ses m\u00e9thodes de gu\u00e9rison pour retrouver paix int\u00e9rieure et espoir.<\/p>\n<h3 data-start=\"318\" data-end=\"343\"><\/h3>\n","protected":false},"featured_media":3117,"comment_status":"closed","ping_status":"closed","template":"","meta":{"_et_pb_use_builder":"","_et_pb_old_content":"","_et_gb_content_width":"","spay_email":""},"class_list":["post-3116","product","type-product","status-publish","has-post-thumbnail","hentry","product_cat-livres","product_tag-abus","product_tag-developpement-personnel","product_tag-handicap","product_tag-inceste","product_tag-maladie-orpheline","product_tag-maltraitance","product_tag-methode","product_tag-resilience","product_tag-souffrance","product_tag-traumatisme"],"jetpack_sharing_enabled":true,"jetpack_likes_enabled":true,"_links":{"self":[{"href":"https:\/\/www.parthages.be\/eboutique\/wp-json\/wp\/v2\/product\/3116","targetHints":{"allow":["GET"]}}],"collection":[{"href":"https:\/\/www.parthages.be\/eboutique\/wp-json\/wp\/v2\/product"}],"about":[{"href":"https:\/\/www.parthages.be\/eboutique\/wp-json\/wp\/v2\/types\/product"}],"replies":[{"embeddable":true,"href":"https:\/\/www.parthages.be\/eboutique\/wp-json\/wp\/v2\/comments?post=3116"}],"wp:featuredmedia":[{"embeddable":true,"href":"https:\/\/www.parthages.be\/eboutique\/wp-json\/wp\/v2\/media\/3117"}],"wp:attachment":[{"href":"https:\/\/www.parthages.be\/eboutique\/wp-json\/wp\/v2\/media?parent=3116"}],"curies":[{"name":"wp","href":"https:\/\/api.w.org\/{rel}","templated":true}]}}