{"id":3118,"date":"2025-03-19T17:52:50","date_gmt":"2025-03-19T16:52:50","guid":{"rendered":"https:\/\/www.parthages.be\/eboutique\/?post_type=product&#038;p=3118"},"modified":"2025-03-19T17:52:51","modified_gmt":"2025-03-19T16:52:51","slug":"mon-ami-hors-du-commun","status":"publish","type":"product","link":"https:\/\/www.parthages.be\/eboutique\/produit\/mon-ami-hors-du-commun\/","title":{"rendered":"Mon ami hors du commun"},"content":{"rendered":"<p data-start=\"30\" data-end=\"288\">Dans la cour de l&rsquo;\u00e9cole, Arno ne parle \u00e0 personne et passe souvent les r\u00e9cr\u00e9ations seul, jusqu&rsquo;au jour o\u00f9 un \u00e9l\u00e8ve plus jeune le remarque et lui propose de l&rsquo;inviter \u00e0 son anniversaire. Avoir un grand comme copain, hors du commun, ce n&rsquo;est pas si fr\u00e9quent.<\/p>\n<p data-start=\"290\" data-end=\"596\">\u00ab Dans la voiture, je parle d&rsquo;Arno \u00e0 papa.<br data-start=\"332\" data-end=\"335\" \/>\u2013 Tu sais, j&rsquo;ai un nouvel ami. C&rsquo;est un CM2. Il s&rsquo;appelle Arno. Tu crois que je pourrais l&rsquo;inviter \u00e0 mon anniversaire mercredi ?<br data-start=\"463\" data-end=\"466\" \/>\u2013 Un CM2 ? s\u2019\u00e9tonne papa. Mais, euh\u2026 bien s\u00fbr que tu peux l&rsquo;inviter. Il ne va pas s&rsquo;ennuyer ?<br data-start=\"559\" data-end=\"562\" \/>Je regarde papa, un peu f\u00e2ch\u00e9. \u00bb<\/p>\n<h3 data-start=\"598\" data-end=\"646\">Une histoire pour sensibiliser \u00e0 l&rsquo;autisme<\/h3>\n<p data-start=\"648\" data-end=\"968\">Ce livre aborde avec douceur et finesse le th\u00e8me de l&rsquo;autisme. V\u00e9ritable outil de m\u00e9diation \u00e0 destination des enfants, des familles, des associations et des professionnels de sant\u00e9, il invite \u00e0 r\u00e9fl\u00e9chir sur ce trouble qui peut toucher un proche, en encourageant un regard bienveillant sur la maladie et la diff\u00e9rence.<\/p>\n<h3 data-start=\"970\" data-end=\"1002\">Un ouvrage en deux parties<\/h3>\n<p data-start=\"1004\" data-end=\"1043\">Cet ouvrage illustr\u00e9 est compos\u00e9 de :<\/p>\n<ul data-start=\"1044\" data-end=\"1319\">\n<li data-start=\"1044\" data-end=\"1155\">Une histoire racontant avec humour et d\u00e9licatesse le quotidien d&rsquo;un enfant atteint de troubles autistiques.<\/li>\n<li data-start=\"1156\" data-end=\"1319\">Six pages documentaires expliquant la maladie : comment et pourquoi elle se manifeste, les difficult\u00e9s qu&rsquo;elle entra\u00eene et l&rsquo;attitude \u00e0 adopter envers l&rsquo;autre.<\/li>\n<\/ul>\n<p data-start=\"1321\" data-end=\"1564\">\u00c9crit et illustr\u00e9 par des auteurs reconnus dans le domaine de la jeunesse (<em data-start=\"1396\" data-end=\"1447\">Milan, Seuil Jeunesse, Talents Hauts, Gulf Stream<\/em>), ce livre a b\u00e9n\u00e9fici\u00e9 de l&rsquo;expertise d&rsquo;un psychologue sp\u00e9cialis\u00e9 dans l&rsquo;accompagnement des enfants en difficult\u00e9.<\/p>\n<p data-start=\"1566\" data-end=\"1595\"><em data-start=\"1566\" data-end=\"1593\">Pr\u00e9sentation de l&rsquo;\u00e9diteur<\/em><\/p>\n<hr data-start=\"1597\" data-end=\"1602\" \/>\n<ul data-start=\"1604\" data-end=\"1904\" data-is-only-node=\"\" data-is-last-node=\"\">\n<li data-start=\"1604\" data-end=\"1646\"><strong data-start=\"1606\" data-end=\"1619\">Auteurs :<\/strong> BROYART B., STRICKLER B.<\/li>\n<li data-start=\"1647\" data-end=\"1685\"><strong data-start=\"1649\" data-end=\"1662\">\u00c9diteur :<\/strong> \u00c9ditions Hyg\u00e9e, 2020<\/li>\n<li data-start=\"1686\" data-end=\"1718\"><strong data-start=\"1688\" data-end=\"1698\">ISBN :<\/strong> 978-2-8109-0858-5<\/li>\n<li data-start=\"1719\" data-end=\"1755\"><strong data-start=\"1721\" data-end=\"1744\">Cote documentaire :<\/strong> 11-BRO-M<\/li>\n<li data-start=\"1756\" data-end=\"1777\"><strong data-start=\"1758\" data-end=\"1769\">Poids :<\/strong> 340 g<\/li>\n<li data-start=\"1778\" data-end=\"1802\"><strong data-start=\"1780\" data-end=\"1791\">Pages :<\/strong> 32 pages<\/li>\n<\/ul>\n<span class=\"et_bloom_bottom_trigger\"><\/span>","protected":false},"excerpt":{"rendered":"<p data-start=\"168\" data-end=\"322\">Un livre illustr\u00e9 sur l\u2019amiti\u00e9 et l\u2019autisme, invitant enfants et familles \u00e0 mieux comprendre et accepter la diff\u00e9rence avec bienveillance et humour.<\/p>\n<h3 data-start=\"324\" data-end=\"349\"><\/h3>\n","protected":false},"featured_media":3119,"comment_status":"closed","ping_status":"closed","template":"","meta":{"_et_pb_use_builder":"","_et_pb_old_content":"","_et_gb_content_width":"","spay_email":""},"class_list":["post-3118","product","type-product","status-publish","has-post-thumbnail","hentry","product_cat-livres-jeunesse","product_tag-accompagnement","product_tag-autisme","product_tag-enfant","product_tag-personne-handicapee","product_tag-trouble-de-la-communication"],"jetpack_sharing_enabled":true,"jetpack_likes_enabled":true,"_links":{"self":[{"href":"https:\/\/www.parthages.be\/eboutique\/wp-json\/wp\/v2\/product\/3118","targetHints":{"allow":["GET"]}}],"collection":[{"href":"https:\/\/www.parthages.be\/eboutique\/wp-json\/wp\/v2\/product"}],"about":[{"href":"https:\/\/www.parthages.be\/eboutique\/wp-json\/wp\/v2\/types\/product"}],"replies":[{"embeddable":true,"href":"https:\/\/www.parthages.be\/eboutique\/wp-json\/wp\/v2\/comments?post=3118"}],"wp:featuredmedia":[{"embeddable":true,"href":"https:\/\/www.parthages.be\/eboutique\/wp-json\/wp\/v2\/media\/3119"}],"wp:attachment":[{"href":"https:\/\/www.parthages.be\/eboutique\/wp-json\/wp\/v2\/media?parent=3118"}],"curies":[{"name":"wp","href":"https:\/\/api.w.org\/{rel}","templated":true}]}}