{"id":312,"date":"2013-04-04T14:27:26","date_gmt":"2013-04-04T12:27:26","guid":{"rendered":"https:\/\/www.parthages.be\/wordpress\/produit\/comment-apprivoiser-son-crocodile\/"},"modified":"2025-04-29T13:34:24","modified_gmt":"2025-04-29T11:34:24","slug":"comment-apprivoiser-son-crocodile","status":"publish","type":"product","link":"https:\/\/www.parthages.be\/eboutique\/produit\/comment-apprivoiser-son-crocodile\/","title":{"rendered":"Comment apprivoiser son crocodile"},"content":{"rendered":"<p>On n&rsquo;\u00e9chappe pas \u00e0 son \u00a0\u00bb crocodile \u00ab\u00a0&#8230; Le \u00ab\u00a0crocodile\u00a0\u00bb, c&rsquo;est notre cerveau reptilien, qui, depuis la nuit des temps, nous dicte notre conduite d\u00e8s que nous nous sentons menac\u00e9s &#8211; et nous permet ainsi de satisfaire nos besoins fondamentaux. Mais le \u00ab\u00a0crocodile\u00a0\u00bb, s&rsquo;il est bavard, emploie un langage tr\u00e8s diff\u00e9rent de celui dans lequel nous raisonnons: le langage des \u00e9motions. Et lorsqu&rsquo;il tente de communiquer, le plus souvent nous ne le comprenons pas. De cette incompr\u00e9hension naissent le stress et le mal-\u00eatre. Nous aider \u00e0 d\u00e9coder les messages du \u00ab\u00a0crocodile\u00a0\u00bb, ce qu&rsquo;il exprime de nos manques et de nos souffrances, voil\u00e0 le pari de ce livre. A nous de l&rsquo;apprivoiser, pour mieux conna\u00eetre notre esprit, et devenir enfin les acteurs-auteurs de nos vies.<\/p>\n<p><a href=\"http:\/\/www.pocket.fr\/site\/catherine_aimelet_perissol_&amp;181&amp;13680.html\">AIMELET-PERISSOL<\/a> C.<\/p>\n<p>Presse-Pocket<\/p>\n<p>2012-288p.-160gr<\/p>\n<p>ISBN\u00a0: 978-2-266-17352-0<\/p>\n<p>Cote doc: 3-10-AIM-C<\/p>\n<span class=\"et_bloom_bottom_trigger\"><\/span>","protected":false},"excerpt":{"rendered":"<p>On n&rsquo;\u00e9chappe pas \u00e0 son \u00a0\u00bb crocodile \u00ab\u00a0&#8230; Le \u00ab\u00a0crocodile\u00a0\u00bb, c&rsquo;est notre cerveau reptilien, qui, depuis la nuit des temps, nous dicte notre conduite d\u00e8s que nous nous sentons menac\u00e9s &#8211; et nous permet ainsi de satisfaire nos besoins fondamentaux.<\/p>\n","protected":false},"featured_media":311,"comment_status":"open","ping_status":"closed","template":"","meta":{"_et_pb_use_builder":"","_et_pb_old_content":"","_et_gb_content_width":"","spay_email":""},"class_list":["post-312","product","type-product","status-publish","has-post-thumbnail","hentry","product_cat-livres","product_tag-bien-etre","product_tag-emotion","product_tag-epanouissement-personnel","product_tag-reflexion","product_tag-technique-de-developpement-perso"],"jetpack_sharing_enabled":true,"jetpack_likes_enabled":true,"_links":{"self":[{"href":"https:\/\/www.parthages.be\/eboutique\/wp-json\/wp\/v2\/product\/312","targetHints":{"allow":["GET"]}}],"collection":[{"href":"https:\/\/www.parthages.be\/eboutique\/wp-json\/wp\/v2\/product"}],"about":[{"href":"https:\/\/www.parthages.be\/eboutique\/wp-json\/wp\/v2\/types\/product"}],"replies":[{"embeddable":true,"href":"https:\/\/www.parthages.be\/eboutique\/wp-json\/wp\/v2\/comments?post=312"}],"wp:featuredmedia":[{"embeddable":true,"href":"https:\/\/www.parthages.be\/eboutique\/wp-json\/wp\/v2\/media\/311"}],"wp:attachment":[{"href":"https:\/\/www.parthages.be\/eboutique\/wp-json\/wp\/v2\/media?parent=312"}],"curies":[{"name":"wp","href":"https:\/\/api.w.org\/{rel}","templated":true}]}}