{"id":3120,"date":"2025-03-19T17:56:35","date_gmt":"2025-03-19T16:56:35","guid":{"rendered":"https:\/\/www.parthages.be\/eboutique\/?post_type=product&#038;p=3120"},"modified":"2025-03-19T17:56:36","modified_gmt":"2025-03-19T16:56:36","slug":"ados-a-haut-potentiel","status":"publish","type":"product","link":"https:\/\/www.parthages.be\/eboutique\/produit\/ados-a-haut-potentiel\/","title":{"rendered":"Ados \u00e0 haut potentiel"},"content":{"rendered":"<p data-start=\"28\" data-end=\"107\"><strong data-start=\"28\" data-end=\"105\">Double chance ou double peine ? Les comprendre pour mieux les accompagner<\/strong><\/p>\n<p data-start=\"109\" data-end=\"433\">La p\u00e9riode de l\u2019adolescence est tr\u00e8s souvent v\u00e9cue par les parents comme un moment de tensions familiales. Pour l\u2019adolescent, c\u2019est le temps o\u00f9 surviennent de nombreux questionnements identitaires. Faire face \u00e0 cette p\u00e9riode est d\u00e9j\u00e0 un d\u00e9fi pour tous, qui ne fait que s\u2019amplifier lorsque l\u2019ado pr\u00e9sente un haut potentiel.<\/p>\n<h3 data-start=\"435\" data-end=\"480\">Une double chance ou une double peine ?<\/h3>\n<p data-start=\"482\" data-end=\"835\">\u00catre adolescent \u00e0 haut potentiel, est-ce un avantage ou un fardeau ? B\u00e9atrice Mill\u00eatre explore cette question en identifiant les forces et les faiblesses des ados HP. Elle nous donne les cl\u00e9s pour mieux les comprendre, partage son exp\u00e9rience et propose de nombreux t\u00e9moignages, exercices et conseils pour traverser cette p\u00e9riode avec plus de s\u00e9r\u00e9nit\u00e9.<\/p>\n<h3 data-start=\"837\" data-end=\"869\">Un guide complet et actuel<\/h3>\n<p data-start=\"871\" data-end=\"1143\">Cet ouvrage aborde toutes les th\u00e9matiques essentielles de l\u2019adolescence : scolarit\u00e9, famille, soci\u00e9t\u00e9, addictions, connaissance de soi, identit\u00e9, genre, etc. Chaque sujet est accompagn\u00e9 d\u2019encarts facilitant la compr\u00e9hension des notions et des probl\u00e9matiques rencontr\u00e9es.<\/p>\n<p data-start=\"1145\" data-end=\"1174\"><em data-start=\"1145\" data-end=\"1172\">Pr\u00e9sentation de l&rsquo;\u00e9diteur<\/em><\/p>\n<hr data-start=\"1176\" data-end=\"1181\" \/>\n<ul data-start=\"1183\" data-end=\"1505\" data-is-only-node=\"\" data-is-last-node=\"\">\n<li data-start=\"1183\" data-end=\"1211\"><strong data-start=\"1185\" data-end=\"1197\">Auteur :<\/strong> MILL\u00caTRE B.<\/li>\n<li data-start=\"1212\" data-end=\"1252\"><strong data-start=\"1214\" data-end=\"1227\">\u00c9diteur :<\/strong> \u00c9ditions Mardaga, 2024<\/li>\n<li data-start=\"1253\" data-end=\"1284\"><strong data-start=\"1255\" data-end=\"1265\">ISBN :<\/strong> 978-2804-73492-3<\/li>\n<li data-start=\"1285\" data-end=\"1323\"><strong data-start=\"1287\" data-end=\"1310\">Cote documentaire :<\/strong> 1-20-MIL-A<\/li>\n<li data-start=\"1324\" data-end=\"1345\"><strong data-start=\"1326\" data-end=\"1337\">Poids :<\/strong> 182 g<\/li>\n<li data-start=\"1346\" data-end=\"1370\"><strong data-start=\"1348\" data-end=\"1359\">Pages :<\/strong> 36 pages<\/li>\n<\/ul>\n<span class=\"et_bloom_bottom_trigger\"><\/span>","protected":false},"excerpt":{"rendered":"<p>Un guide essentiel pour comprendre les adolescents \u00e0 haut potentiel, leurs d\u00e9fis et leurs forces, avec conseils pratiques, t\u00e9moignages et exercices.<\/p>\n","protected":false},"featured_media":3121,"comment_status":"closed","ping_status":"closed","template":"","meta":{"_et_pb_use_builder":"","_et_pb_old_content":"","_et_gb_content_width":"","spay_email":""},"class_list":["post-3120","product","type-product","status-publish","has-post-thumbnail","hentry","product_cat-livres","product_tag-adolescence","product_tag-defi","product_tag-famille","product_tag-haut-potentiel","product_tag-identite","product_tag-precocite","product_tag-relation-parent-adolescent","product_tag-scolarite","product_tag-temoignage"],"jetpack_sharing_enabled":true,"jetpack_likes_enabled":true,"_links":{"self":[{"href":"https:\/\/www.parthages.be\/eboutique\/wp-json\/wp\/v2\/product\/3120","targetHints":{"allow":["GET"]}}],"collection":[{"href":"https:\/\/www.parthages.be\/eboutique\/wp-json\/wp\/v2\/product"}],"about":[{"href":"https:\/\/www.parthages.be\/eboutique\/wp-json\/wp\/v2\/types\/product"}],"replies":[{"embeddable":true,"href":"https:\/\/www.parthages.be\/eboutique\/wp-json\/wp\/v2\/comments?post=3120"}],"wp:featuredmedia":[{"embeddable":true,"href":"https:\/\/www.parthages.be\/eboutique\/wp-json\/wp\/v2\/media\/3121"}],"wp:attachment":[{"href":"https:\/\/www.parthages.be\/eboutique\/wp-json\/wp\/v2\/media?parent=3120"}],"curies":[{"name":"wp","href":"https:\/\/api.w.org\/{rel}","templated":true}]}}