{"id":3124,"date":"2025-03-19T18:02:24","date_gmt":"2025-03-19T17:02:24","guid":{"rendered":"https:\/\/www.parthages.be\/eboutique\/?post_type=product&#038;p=3124"},"modified":"2025-03-19T18:02:25","modified_gmt":"2025-03-19T17:02:25","slug":"tda-h-chez-la-femme","status":"publish","type":"product","link":"https:\/\/www.parthages.be\/eboutique\/produit\/tda-h-chez-la-femme\/","title":{"rendered":"TDA\/H chez la femme"},"content":{"rendered":"<p data-start=\"26\" data-end=\"111\"><strong data-start=\"26\" data-end=\"109\">Bien vivre avec le trouble du d\u00e9ficit de l\u2019attention avec ou sans hyperactivit\u00e9<\/strong><\/p>\n<p data-start=\"113\" data-end=\"432\">Les femmes atteintes de TDAH font face \u00e0 des d\u00e9fis sp\u00e9cifiques, que ce soit pour g\u00e9rer leurs sympt\u00f4mes, \u00e9voluer dans le monde professionnel ou s\u2019\u00e9panouir dans leurs relations humaines. Les impacts de ce trouble sur leur estime personnelle, leur sant\u00e9 mentale et leur bien-\u00eatre sont profonds, mais encore peu reconnus.<\/p>\n<h3 data-start=\"434\" data-end=\"484\">Comprendre et apprivoiser le TDAH au f\u00e9minin<\/h3>\n<p data-start=\"486\" data-end=\"870\">Quels sont les sympt\u00f4mes sp\u00e9cifiques du TDAH chez les femmes ? Comment le diagnostiquer, l\u2019apprivoiser et l\u2019expliquer \u00e0 son entourage ? Et surtout, comment en faire un atout ? Pascale De Coster, fondatrice de l\u2019association TDAH Belgique, aborde ces questions en mettant en lumi\u00e8re les difficult\u00e9s rencontr\u00e9es et en apportant des solutions concr\u00e8tes pour mieux vivre avec ce trouble.<\/p>\n<h3 data-start=\"872\" data-end=\"927\">Un guide bas\u00e9 sur l&rsquo;exp\u00e9rience et les t\u00e9moignages<\/h3>\n<p data-start=\"929\" data-end=\"1252\">Elle-m\u00eame concern\u00e9e par le TDAH, Pascale De Coster propose une approche concr\u00e8te des besoins des femmes touch\u00e9es. \u00c0 travers des t\u00e9moignages, elle explore toutes les facettes de leur vie : l\u2019enfance, l\u2019adolescence, le diagnostic, l\u2019incompr\u00e9hension, les jugements, mais aussi le quotidien de femme, de conjointe et de m\u00e8re.<\/p>\n<p data-start=\"1254\" data-end=\"1375\">Un guide essentiel qui met en lumi\u00e8re la lutte invisible des femmes atteintes de TDAH et les aide \u00e0 en faire une force.<\/p>\n<p data-start=\"1377\" data-end=\"1406\"><em data-start=\"1377\" data-end=\"1404\">Pr\u00e9sentation de l&rsquo;\u00e9diteur<\/em><\/p>\n<hr data-start=\"1408\" data-end=\"1413\" \/>\n<ul data-start=\"1415\" data-end=\"1752\" data-is-last-node=\"\" data-is-only-node=\"\">\n<li data-start=\"1415\" data-end=\"1444\"><strong data-start=\"1417\" data-end=\"1429\">Auteur :<\/strong> DE COSTER P.<\/li>\n<li data-start=\"1445\" data-end=\"1485\"><strong data-start=\"1447\" data-end=\"1460\">\u00c9diteur :<\/strong> \u00c9ditions Mardaga, 2024<\/li>\n<li data-start=\"1486\" data-end=\"1517\"><strong data-start=\"1488\" data-end=\"1498\">ISBN :<\/strong> 978-280473-457-2<\/li>\n<li data-start=\"1518\" data-end=\"1554\"><strong data-start=\"1520\" data-end=\"1543\">Cote documentaire :<\/strong> 1-20-DEC<\/li>\n<li data-start=\"1555\" data-end=\"1576\"><strong data-start=\"1557\" data-end=\"1568\">Poids :<\/strong> 400 g<\/li>\n<li data-start=\"1577\" data-end=\"1602\"><strong data-start=\"1579\" data-end=\"1590\">Pages :<\/strong> 187 pages<\/li>\n<\/ul>\n<span class=\"et_bloom_bottom_trigger\"><\/span>","protected":false},"excerpt":{"rendered":"<p>Un guide essentiel pour les femmes atteintes de TDAH, avec conseils, t\u00e9moignages et solutions concr\u00e8tes pour mieux g\u00e9rer le quotidien et s\u2019\u00e9panouir.<\/p>\n","protected":false},"featured_media":3125,"comment_status":"closed","ping_status":"closed","template":"","meta":{"_et_pb_use_builder":"","_et_pb_old_content":"","_et_gb_content_width":"","spay_email":""},"class_list":["post-3124","product","type-product","status-publish","has-post-thumbnail","hentry","product_cat-livres","product_tag-adolescence","product_tag-defi","product_tag-diagnostic","product_tag-emotion","product_tag-empathie","product_tag-enfance","product_tag-femme","product_tag-outil","product_tag-procrastination","product_tag-quotidien","product_tag-resilience","product_tag-tdah","product_tag-temoignage"],"jetpack_sharing_enabled":true,"jetpack_likes_enabled":true,"_links":{"self":[{"href":"https:\/\/www.parthages.be\/eboutique\/wp-json\/wp\/v2\/product\/3124","targetHints":{"allow":["GET"]}}],"collection":[{"href":"https:\/\/www.parthages.be\/eboutique\/wp-json\/wp\/v2\/product"}],"about":[{"href":"https:\/\/www.parthages.be\/eboutique\/wp-json\/wp\/v2\/types\/product"}],"replies":[{"embeddable":true,"href":"https:\/\/www.parthages.be\/eboutique\/wp-json\/wp\/v2\/comments?post=3124"}],"wp:featuredmedia":[{"embeddable":true,"href":"https:\/\/www.parthages.be\/eboutique\/wp-json\/wp\/v2\/media\/3125"}],"wp:attachment":[{"href":"https:\/\/www.parthages.be\/eboutique\/wp-json\/wp\/v2\/media?parent=3124"}],"curies":[{"name":"wp","href":"https:\/\/api.w.org\/{rel}","templated":true}]}}