{"id":3131,"date":"2025-03-19T18:12:21","date_gmt":"2025-03-19T17:12:21","guid":{"rendered":"https:\/\/www.parthages.be\/eboutique\/?post_type=product&#038;p=3131"},"modified":"2025-03-19T18:12:22","modified_gmt":"2025-03-19T17:12:22","slug":"la-sante-mentale-de-mon-enfant","status":"publish","type":"product","link":"https:\/\/www.parthages.be\/eboutique\/produit\/la-sante-mentale-de-mon-enfant\/","title":{"rendered":"La sant\u00e9 mentale de mon enfant"},"content":{"rendered":"<p data-start=\"37\" data-end=\"152\"><strong data-start=\"37\" data-end=\"150\">Comment apaiser son anxi\u00e9t\u00e9 et prendre soin de ses \u00e9motions tout au long de son enfance et de son adolescence<\/strong><\/p>\n<p data-start=\"154\" data-end=\"410\">Comment soutenir au mieux votre enfant lorsqu&rsquo;il souffre ? Comment interpr\u00e9ter ses changements de comportement ? Comment g\u00e9rer les hauts et les bas de sa sant\u00e9 mentale ? Comment \u00eatre l\u00e0 pour lui ? Comment \u00eatre suffisamment \u00e0 l&rsquo;\u00e9coute sans \u00eatre intrusif ?<\/p>\n<h3 data-start=\"412\" data-end=\"465\">Un guide pratique pour accompagner votre enfant<\/h3>\n<p data-start=\"467\" data-end=\"866\">Ce guide factuel et pragmatique r\u00e9pond \u00e0 vos questions et \u00e0 vos inqui\u00e9tudes concernant la sant\u00e9 mentale de votre enfant, qu&rsquo;il soit tr\u00e8s jeune, adolescent ou bient\u00f4t adulte. En tant que parent, votre r\u00f4le \u00e9volue jusqu&rsquo;\u00e0 l&rsquo;envol de votre enfant vers l&rsquo;ind\u00e9pendance, et il n&rsquo;est pas toujours facile de communiquer avec lui ou de l&rsquo;aider face \u00e0 son anxi\u00e9t\u00e9, sa tristesse ou une \u00e9ventuelle d\u00e9pression.<\/p>\n<h3 data-start=\"868\" data-end=\"928\">Des outils concrets pour les parents et professionnels<\/h3>\n<p data-start=\"930\" data-end=\"1118\">Cet ouvrage, accessible et tr\u00e8s complet, offre aux parents et aux professionnels de l&rsquo;enfance des outils simples et concrets, adapt\u00e9s \u00e0 l&rsquo;\u00e2ge de l&rsquo;enfant. Il propose des solutions pour :<\/p>\n<ul data-start=\"1119\" data-end=\"1307\">\n<li data-start=\"1119\" data-end=\"1192\">Comprendre ce que traverse votre enfant et les causes de son anxi\u00e9t\u00e9.<\/li>\n<li data-start=\"1193\" data-end=\"1239\">Tisser une relation de confiance avec lui.<\/li>\n<li data-start=\"1240\" data-end=\"1307\">Identifier les signes de d\u00e9tresse et l&rsquo;aider \u00e0 se sentir mieux.<\/li>\n<\/ul>\n<p data-start=\"1309\" data-end=\"1470\">Gr\u00e2ce \u00e0 des exercices et des \u00e9tudes de cas, ce livre vous aidera \u00e0 vous lib\u00e9rer de la pression parentale et \u00e0 appr\u00e9cier pleinement les joies de la parentalit\u00e9.<\/p>\n<p data-start=\"1472\" data-end=\"1595\">Un livre pr\u00e9cieux pour redonner espoir et confiance aux parents, et les accompagner dans l&rsquo;\u00e9panouissement de leur enfant.<\/p>\n<p data-start=\"1597\" data-end=\"1626\"><em data-start=\"1597\" data-end=\"1624\">Pr\u00e9sentation de l&rsquo;\u00e9diteur<\/em><\/p>\n<hr data-start=\"1628\" data-end=\"1633\" \/>\n<ul data-start=\"1635\" data-end=\"2006\" data-is-last-node=\"\" data-is-only-node=\"\">\n<li data-start=\"1635\" data-end=\"1661\"><strong data-start=\"1637\" data-end=\"1649\">Auteur :<\/strong> MOSLEY B.<\/li>\n<li data-start=\"1662\" data-end=\"1694\"><strong data-start=\"1664\" data-end=\"1677\">\u00c9diteur :<\/strong> Eyrolles, 2024<\/li>\n<li data-start=\"1695\" data-end=\"1724\"><strong data-start=\"1697\" data-end=\"1707\">ISBN :<\/strong> 978-2416010996<\/li>\n<li data-start=\"1725\" data-end=\"1763\"><strong data-start=\"1727\" data-end=\"1750\">Cote documentaire :<\/strong> 9-20-MOS-S<\/li>\n<li data-start=\"1764\" data-end=\"1785\"><strong data-start=\"1766\" data-end=\"1777\">Poids :<\/strong> 400 g<\/li>\n<li data-start=\"1786\" data-end=\"1811\"><strong data-start=\"1788\" data-end=\"1799\">Pages :<\/strong> 372 pages<\/li>\n<li data-start=\"1786\" data-end=\"1811\">Uniquement \u00e0 la vente<\/li>\n<\/ul>\n<span class=\"et_bloom_bottom_trigger\"><\/span>","protected":false},"excerpt":{"rendered":"<p>Un guide pratique pour aider son enfant \u00e0 g\u00e9rer son anxi\u00e9t\u00e9, comprendre ses \u00e9motions et renforcer la relation parent-enfant pour un \u00e9panouissement serein.<\/p>\n<p>&nbsp;<\/p>\n","protected":false},"featured_media":3132,"comment_status":"closed","ping_status":"closed","template":"","meta":{"_et_pb_use_builder":"","_et_pb_old_content":"","_et_gb_content_width":"","spay_email":""},"class_list":["post-3131","product","type-product","status-publish","has-post-thumbnail","hentry","product_cat-livres","product_tag-adolescent","product_tag-adulte","product_tag-anxiete","product_tag-communication","product_tag-enfant","product_tag-etude-de-cas","product_tag-outil","product_tag-parentalite","product_tag-relation-parent-enfant","product_tag-sante-mentale","product_tag-therapie"],"jetpack_sharing_enabled":true,"jetpack_likes_enabled":true,"_links":{"self":[{"href":"https:\/\/www.parthages.be\/eboutique\/wp-json\/wp\/v2\/product\/3131","targetHints":{"allow":["GET"]}}],"collection":[{"href":"https:\/\/www.parthages.be\/eboutique\/wp-json\/wp\/v2\/product"}],"about":[{"href":"https:\/\/www.parthages.be\/eboutique\/wp-json\/wp\/v2\/types\/product"}],"replies":[{"embeddable":true,"href":"https:\/\/www.parthages.be\/eboutique\/wp-json\/wp\/v2\/comments?post=3131"}],"wp:featuredmedia":[{"embeddable":true,"href":"https:\/\/www.parthages.be\/eboutique\/wp-json\/wp\/v2\/media\/3132"}],"wp:attachment":[{"href":"https:\/\/www.parthages.be\/eboutique\/wp-json\/wp\/v2\/media?parent=3131"}],"curies":[{"name":"wp","href":"https:\/\/api.w.org\/{rel}","templated":true}]}}