{"id":314,"date":"2013-04-29T14:34:51","date_gmt":"2013-04-29T12:34:51","guid":{"rendered":"https:\/\/www.parthages.be\/wordpress\/produit\/manuel-d-art-therapie\/"},"modified":"2022-04-05T14:25:17","modified_gmt":"2022-04-05T12:25:17","slug":"manuel-d-art-therapie","status":"publish","type":"product","link":"https:\/\/www.parthages.be\/eboutique\/produit\/manuel-d-art-therapie\/","title":{"rendered":"Manuel d&rsquo;art-th\u00e9rapie"},"content":{"rendered":"<p>L\u2019art-th\u00e9rapie est une pratique s\u00e9duisante. Pour l\u2019art-th\u00e9rapeute, elle semble croiser le soin (se rendre utile) et l\u2019art (le beau), d\u2019o\u00f9 son attrait. Mais sans un cadre de travail rigoureux, elle peut vite se perdre dans une multitude de pratiques confuses. Dans cet ouvrage, Annie Boyer-Labrouche expose de fa\u00e7on concr\u00e8te et simple comment l\u2019art entendu comme mode d\u2019expression peut se mettre au service du soin \u00e0 travers la relation th\u00e9rapeutique. Elle d\u00e9montre avec clart\u00e9 combien la stimulation de la cr\u00e9ation et de l\u2019imaginaire ainsi mise en \u0153uvre dans les ateliers d\u2019art-th\u00e9rapie peut aider \u00e0 repousser l\u2019angoisse et permettre la r\u00e9int\u00e9gration du soi. (Pr\u00e9sentation de l&rsquo;auteur)<\/p>\n<p>BOYER-LABROUCHE A.<\/p>\n<p>Editions Dunod<\/p>\n<p>2012 -160 p.-285gr- 22\u20ac<\/p>\n<p>ISBN\u00a0: 978-2-10-057053-9<\/p>\n<p>Cote doc\u00a0: 3-10-BOY-M<\/p>\n<span class=\"et_bloom_bottom_trigger\"><\/span>","protected":false},"excerpt":{"rendered":"<p>L\u2019art-th\u00e9rapie est une pratique s\u00e9duisante. Pour l\u2019art-th\u00e9rapeute, elle semble croiser le soin (se rendre utile) et l\u2019art (le beau), d\u2019o\u00f9 son attrait.<\/p>\n","protected":false},"featured_media":313,"comment_status":"open","ping_status":"closed","template":"","meta":{"_et_pb_use_builder":"","_et_pb_old_content":"","_et_gb_content_width":"","spay_email":""},"class_list":["post-314","product","type-product","status-publish","has-post-thumbnail","hentry","product_cat-livres","product_tag-art","product_tag-musicotherapie","product_tag-therapeutique"],"jetpack_sharing_enabled":true,"jetpack_likes_enabled":true,"_links":{"self":[{"href":"https:\/\/www.parthages.be\/eboutique\/wp-json\/wp\/v2\/product\/314","targetHints":{"allow":["GET"]}}],"collection":[{"href":"https:\/\/www.parthages.be\/eboutique\/wp-json\/wp\/v2\/product"}],"about":[{"href":"https:\/\/www.parthages.be\/eboutique\/wp-json\/wp\/v2\/types\/product"}],"replies":[{"embeddable":true,"href":"https:\/\/www.parthages.be\/eboutique\/wp-json\/wp\/v2\/comments?post=314"}],"wp:featuredmedia":[{"embeddable":true,"href":"https:\/\/www.parthages.be\/eboutique\/wp-json\/wp\/v2\/media\/313"}],"wp:attachment":[{"href":"https:\/\/www.parthages.be\/eboutique\/wp-json\/wp\/v2\/media?parent=314"}],"curies":[{"name":"wp","href":"https:\/\/api.w.org\/{rel}","templated":true}]}}