{"id":3144,"date":"2025-04-29T13:12:44","date_gmt":"2025-04-29T11:12:44","guid":{"rendered":"https:\/\/www.parthages.be\/eboutique\/?post_type=product&#038;p=3144"},"modified":"2025-04-29T13:13:01","modified_gmt":"2025-04-29T11:13:01","slug":"la-legende-oubliee-des-flammes-tome-1-une-drole-denigme","status":"publish","type":"product","link":"https:\/\/www.parthages.be\/eboutique\/produit\/la-legende-oubliee-des-flammes-tome-1-une-drole-denigme\/","title":{"rendered":"La l\u00e9gende oubli\u00e9e des flammes &#8211; Tome 1 : Une dr\u00f4le d\u2019\u00e9nigme"},"content":{"rendered":"<p class=\"\" data-start=\"72\" data-end=\"160\"><em data-start=\"72\" data-end=\"158\">Et si les plus grands h\u00e9ros se cachaient derri\u00e8re les personnes les plus atypiques ?<\/em><\/p>\n<p class=\"\" data-start=\"162\" data-end=\"578\">Jack n\u2019est pas un enfant de huit ans comme les autres. Ce n\u2019est pas \u00e0 cause de son fauteuil roulant, ni m\u00eame de sa fabuleuse cabane, mais plut\u00f4t en raison d\u2019un <strong data-start=\"322\" data-end=\"340\">pouvoir secret<\/strong> qu\u2019il garde bien cach\u00e9. Il a d\u00e9j\u00e0 tent\u00e9 d\u2019en parler, mais cela s\u2019est mal termin\u00e9. Alors cette fois, il n\u2019en dira rien. Seuls ses fid\u00e8les compagnons, <strong data-start=\"490\" data-end=\"508\">Kiwi et Picwic<\/strong>, deux animaux tr\u00e8s loyaux, sont dans la confidence. Enfin\u2026 presque.<\/p>\n<p class=\"\" data-start=\"580\" data-end=\"793\">D\u00e8s le premier jour de la rentr\u00e9e, une <strong data-start=\"619\" data-end=\"641\">\u00e9nigme myst\u00e9rieuse<\/strong> vient chambouler sa vie tranquille. Et si elle lui permettait d\u2019en apprendre plus sur son don ? Pourra-t-il garder son secret ? Rien n\u2019est moins s\u00fbr\u2026<\/p>\n<p class=\"\" data-start=\"795\" data-end=\"824\"><em data-start=\"795\" data-end=\"822\">Pr\u00e9sentation de l&rsquo;\u00e9diteur<\/em><\/p>\n<p data-start=\"795\" data-end=\"824\">\n<ul>\n<li class=\"\" data-start=\"833\" data-end=\"861\">\n<p class=\"\" data-start=\"835\" data-end=\"861\"><strong data-start=\"835\" data-end=\"847\">Auteur :<\/strong> Marie Rozsa<\/p>\n<\/li>\n<li class=\"\" data-start=\"862\" data-end=\"911\">\n<p class=\"\" data-start=\"864\" data-end=\"911\"><strong data-start=\"864\" data-end=\"896\">Illustration et couverture :<\/strong> Audrey Morel<\/p>\n<\/li>\n<li class=\"\" data-start=\"912\" data-end=\"947\">\n<p class=\"\" data-start=\"914\" data-end=\"947\"><strong data-start=\"914\" data-end=\"927\">\u00c9diteur :<\/strong> Marie Rozsa, 2023<\/p>\n<\/li>\n<li class=\"\" data-start=\"948\" data-end=\"980\">\n<p class=\"\" data-start=\"950\" data-end=\"980\"><strong data-start=\"950\" data-end=\"960\">ISBN :<\/strong> 978-2-493293-07-7<\/p>\n<\/li>\n<li class=\"\" data-start=\"981\" data-end=\"1021\">\n<p class=\"\" data-start=\"983\" data-end=\"1021\"><strong data-start=\"983\" data-end=\"1006\">Cote documentaire :<\/strong> 11-ROZ-L (1)<\/p>\n<\/li>\n<li class=\"\" data-start=\"1022\" data-end=\"1043\">\n<p class=\"\" data-start=\"1024\" data-end=\"1043\"><strong data-start=\"1024\" data-end=\"1035\">Poids :<\/strong> 159 g<\/p>\n<\/li>\n<li class=\"\" data-start=\"1044\" data-end=\"1068\">\n<p class=\"\" data-start=\"1046\" data-end=\"1068\"><strong data-start=\"1046\" data-end=\"1057\">Pages :<\/strong> 69 pages<\/p>\n<\/li>\n<\/ul>\n<span class=\"et_bloom_bottom_trigger\"><\/span>","protected":false},"excerpt":{"rendered":"<p class=\"\" data-start=\"159\" data-end=\"319\"><strong data-start=\"159\" data-end=\"317\">Un roman jeunesse inclusif m\u00ealant aventure, magie et amiti\u00e9. D\u00e9couvrez Jack, un h\u00e9ros en fauteuil roulant au pouvoir secret, face \u00e0 une \u00e9nigme inattendue.<\/strong><\/p>\n<h3 class=\"\" data-start=\"321\" data-end=\"346\"><\/h3>\n","protected":false},"featured_media":3145,"comment_status":"closed","ping_status":"closed","template":"","meta":{"_et_pb_use_builder":"","_et_pb_old_content":"","_et_gb_content_width":"","spay_email":""},"class_list":["post-3144","product","type-product","status-publish","has-post-thumbnail","hentry","product_cat-livres","product_cat-livres-jeunesse","product_tag-amitie","product_tag-animaux-fantastiques","product_tag-don","product_tag-enfant","product_tag-enigme","product_tag-inclusion","product_tag-magie","product_tag-mobilite-reduite","product_tag-secret"],"jetpack_sharing_enabled":true,"jetpack_likes_enabled":true,"_links":{"self":[{"href":"https:\/\/www.parthages.be\/eboutique\/wp-json\/wp\/v2\/product\/3144","targetHints":{"allow":["GET"]}}],"collection":[{"href":"https:\/\/www.parthages.be\/eboutique\/wp-json\/wp\/v2\/product"}],"about":[{"href":"https:\/\/www.parthages.be\/eboutique\/wp-json\/wp\/v2\/types\/product"}],"replies":[{"embeddable":true,"href":"https:\/\/www.parthages.be\/eboutique\/wp-json\/wp\/v2\/comments?post=3144"}],"wp:featuredmedia":[{"embeddable":true,"href":"https:\/\/www.parthages.be\/eboutique\/wp-json\/wp\/v2\/media\/3145"}],"wp:attachment":[{"href":"https:\/\/www.parthages.be\/eboutique\/wp-json\/wp\/v2\/media?parent=3144"}],"curies":[{"name":"wp","href":"https:\/\/api.w.org\/{rel}","templated":true}]}}