{"id":3146,"date":"2025-04-29T13:18:51","date_gmt":"2025-04-29T11:18:51","guid":{"rendered":"https:\/\/www.parthages.be\/eboutique\/?post_type=product&#038;p=3146"},"modified":"2025-04-29T13:18:52","modified_gmt":"2025-04-29T11:18:52","slug":"la-legende-oubliee-des-flammes-tome-2-le-defi-de-jack","status":"publish","type":"product","link":"https:\/\/www.parthages.be\/eboutique\/produit\/la-legende-oubliee-des-flammes-tome-2-le-defi-de-jack\/","title":{"rendered":"La l\u00e9gende oubli\u00e9e des flammes &#8211; Tome 2 : Le d\u00e9fi de Jack"},"content":{"rendered":"<p class=\"\" data-start=\"69\" data-end=\"403\">Tout est calme depuis que Jack et Malik ont d\u00e9couvert le livre de <em data-start=\"135\" data-end=\"167\">La l\u00e9gende oubli\u00e9e des flammes<\/em>. Mais \u00e0 l\u2019\u00e9cole, rien ne va plus pour notre h\u00e9ros. <strong data-start=\"219\" data-end=\"231\">Jacinthe<\/strong>, une \u00e9l\u00e8ve de sa classe, devient de plus en plus m\u00e9chante avec lui, et Jack ne sait plus comment r\u00e9agir. Il en vient m\u00eame \u00e0 redouter le d\u00e9but de chaque nouvelle semaine.<\/p>\n<p class=\"\" data-start=\"405\" data-end=\"521\">Quelle mauvaise surprise Jacinthe lui r\u00e9serve-t-elle encore ? Et pourquoi sa <strong data-start=\"482\" data-end=\"492\">flamme<\/strong> semble-t-elle si \u00e9trange ?<\/p>\n<p class=\"\" data-start=\"523\" data-end=\"671\">Un <strong data-start=\"526\" data-end=\"545\">nouveau myst\u00e8re<\/strong> pourrait bien entra\u00eener Jack et ses amis dans une <strong data-start=\"596\" data-end=\"619\">aventure p\u00e9rilleuse<\/strong>, o\u00f9 il devra relever bien plus qu\u2019un simple d\u00e9fi\u2026<\/p>\n<p class=\"\" data-start=\"673\" data-end=\"702\"><em data-start=\"673\" data-end=\"700\">Pr\u00e9sentation de l&rsquo;\u00e9diteur<\/em><\/p>\n<hr class=\"\" data-start=\"704\" data-end=\"709\" \/>\n<ul data-start=\"711\" data-end=\"1099\" data-is-last-node=\"\" data-is-only-node=\"\">\n<li class=\"\" data-start=\"711\" data-end=\"739\">\n<p class=\"\" data-start=\"713\" data-end=\"739\"><strong data-start=\"713\" data-end=\"725\">Auteur :<\/strong> Marie Rozsa<\/p>\n<\/li>\n<li class=\"\" data-start=\"740\" data-end=\"789\">\n<p class=\"\" data-start=\"742\" data-end=\"789\"><strong data-start=\"742\" data-end=\"774\">Illustration et couverture :<\/strong> Audrey Morel<\/p>\n<\/li>\n<li class=\"\" data-start=\"790\" data-end=\"825\">\n<p class=\"\" data-start=\"792\" data-end=\"825\"><strong data-start=\"792\" data-end=\"805\">\u00c9diteur :<\/strong> Marie Rozsa, 2025<\/p>\n<\/li>\n<li class=\"\" data-start=\"826\" data-end=\"858\">\n<p class=\"\" data-start=\"828\" data-end=\"858\"><strong data-start=\"828\" data-end=\"838\">ISBN :<\/strong> 978-2-493293-08-4<\/p>\n<\/li>\n<li class=\"\" data-start=\"859\" data-end=\"899\">\n<p class=\"\" data-start=\"861\" data-end=\"899\"><strong data-start=\"861\" data-end=\"884\">Cote documentaire :<\/strong> 11-ROZ-L (2)<\/p>\n<\/li>\n<li class=\"\" data-start=\"900\" data-end=\"921\">\n<p class=\"\" data-start=\"902\" data-end=\"921\"><strong data-start=\"902\" data-end=\"913\">Poids :<\/strong> 159 g<\/p>\n<\/li>\n<li class=\"\" data-start=\"922\" data-end=\"946\">\n<p class=\"\" data-start=\"924\" data-end=\"946\"><strong data-start=\"924\" data-end=\"935\">Pages :<\/strong> 86 pages<\/p>\n<\/li>\n<\/ul>\n<span class=\"et_bloom_bottom_trigger\"><\/span>","protected":false},"excerpt":{"rendered":"<p class=\"\" data-start=\"1215\" data-end=\"1510\">Deuxi\u00e8me tome de \u00ab\u00a0La l\u00e9gende oubli\u00e9e des flammes\u00a0\u00bb par Marie Rozsa, illustr\u00e9 par Audrey Morel. Le roman aborde des th\u00e8mes comme l\u2019inclusion, le harc\u00e8lement scolaire, la magie et la r\u00e9silience d\u2019un jeune gar\u00e7on en fauteuil roulant entour\u00e9 d\u2019animaux fantastiques.<\/p>\n","protected":false},"featured_media":3147,"comment_status":"closed","ping_status":"closed","template":"","meta":{"_et_pb_use_builder":"","_et_pb_old_content":"","_et_gb_content_width":"","spay_email":""},"class_list":["post-3146","product","type-product","status-publish","has-post-thumbnail","hentry","product_cat-livres","product_cat-livres-jeunesse","product_tag-amitie","product_tag-animaux-fantastiques","product_tag-confiance-en-soi","product_tag-defi","product_tag-enfant","product_tag-enigme","product_tag-harcelement","product_tag-inclusion","product_tag-magie","product_tag-milieu-scolaire","product_tag-mobilite-reduite"],"jetpack_sharing_enabled":true,"jetpack_likes_enabled":true,"_links":{"self":[{"href":"https:\/\/www.parthages.be\/eboutique\/wp-json\/wp\/v2\/product\/3146","targetHints":{"allow":["GET"]}}],"collection":[{"href":"https:\/\/www.parthages.be\/eboutique\/wp-json\/wp\/v2\/product"}],"about":[{"href":"https:\/\/www.parthages.be\/eboutique\/wp-json\/wp\/v2\/types\/product"}],"replies":[{"embeddable":true,"href":"https:\/\/www.parthages.be\/eboutique\/wp-json\/wp\/v2\/comments?post=3146"}],"wp:featuredmedia":[{"embeddable":true,"href":"https:\/\/www.parthages.be\/eboutique\/wp-json\/wp\/v2\/media\/3147"}],"wp:attachment":[{"href":"https:\/\/www.parthages.be\/eboutique\/wp-json\/wp\/v2\/media?parent=3146"}],"curies":[{"name":"wp","href":"https:\/\/api.w.org\/{rel}","templated":true}]}}