{"id":3157,"date":"2025-09-09T11:44:56","date_gmt":"2025-09-09T09:44:56","guid":{"rendered":"https:\/\/www.parthages.be\/eboutique\/?post_type=product&#038;p=3157"},"modified":"2025-09-09T11:44:56","modified_gmt":"2025-09-09T09:44:56","slug":"christophine-a-des-ennuis","status":"publish","type":"product","link":"https:\/\/www.parthages.be\/eboutique\/produit\/christophine-a-des-ennuis\/","title":{"rendered":"Christophine a des ennuis"},"content":{"rendered":"<p data-start=\"31\" data-end=\"261\">Christophine, une nouvelle \u00e9l\u00e8ve, arrive dans la classe de Camille en janvier. Camille se demande pourquoi elle a chang\u00e9 d&rsquo;\u00e9cole en cours d&rsquo;ann\u00e9e. Un \u00e9l\u00e8ve de la classe se moque de son pr\u00e9nom. Camille en parle \u00e0 sa bande de potes.<\/p>\n<p data-start=\"263\" data-end=\"408\">Une histoire pour expliquer et pr\u00e9venir le harc\u00e8lement \u00e0 l\u2019\u00e9cole qu\u2019on en soit victime, t\u00e9moin ou m\u00eame l\u2019origine.<br data-start=\"376\" data-end=\"379\" \/><em data-start=\"379\" data-end=\"408\">(Pr\u00e9sentation de l\u2019\u00e9diteur)<\/em><\/p>\n<hr data-start=\"410\" data-end=\"413\" \/>\n<ul data-start=\"415\" data-end=\"736\">\n<li data-start=\"415\" data-end=\"451\">\n<p data-start=\"417\" data-end=\"451\"><strong data-start=\"417\" data-end=\"429\">Auteur :<\/strong> TABONI MISERAZZI J.<\/p>\n<\/li>\n<li data-start=\"452\" data-end=\"531\">\n<p data-start=\"454\" data-end=\"531\"><strong data-start=\"454\" data-end=\"467\">\u00c9diteur :<\/strong> Editions S-Active \u00ab La pomme qui rit univers jeunesse \u00bb, 2023<\/p>\n<\/li>\n<li data-start=\"532\" data-end=\"563\">\n<p data-start=\"534\" data-end=\"563\"><strong data-start=\"534\" data-end=\"544\">ISBN :<\/strong> 979-1096-70953-3<\/p>\n<\/li>\n<li data-start=\"564\" data-end=\"600\">\n<p data-start=\"566\" data-end=\"600\"><strong data-start=\"566\" data-end=\"589\">Cote documentaire :<\/strong> 11-TAO-C<\/p>\n<\/li>\n<li data-start=\"601\" data-end=\"622\">\n<p data-start=\"603\" data-end=\"622\"><strong data-start=\"603\" data-end=\"614\">Poids :<\/strong> 100 g<\/p>\n<\/li>\n<li data-start=\"623\" data-end=\"647\">\n<p data-start=\"625\" data-end=\"647\"><strong data-start=\"625\" data-end=\"636\">Pages :<\/strong> 60 pages<\/p>\n<\/li>\n<\/ul>\n<span class=\"et_bloom_bottom_trigger\"><\/span>","protected":false},"excerpt":{"rendered":"<p>Histoire illustr\u00e9e jeunesse pour sensibiliser les enfants au harc\u00e8lement scolaire, \u00e0 la diff\u00e9rence et \u00e0 l\u2019inclusion \u00e0 l\u2019\u00e9cole. Outil p\u00e9dagogique pour pr\u00e9venir les moqueries et d\u00e9velopper l\u2019empathie d\u00e8s le primaire.<\/p>\n","protected":false},"featured_media":3158,"comment_status":"closed","ping_status":"closed","template":"","meta":{"_et_pb_use_builder":"","_et_pb_old_content":"","_et_gb_content_width":"","spay_email":""},"class_list":["post-3157","product","type-product","status-publish","has-post-thumbnail","hentry","product_cat-livres-jeunesse","product_tag-difference","product_tag-dyslexie","product_tag-ecole","product_tag-enfant","product_tag-harcelement-scolaire","product_tag-injustice"],"jetpack_sharing_enabled":true,"jetpack_likes_enabled":true,"_links":{"self":[{"href":"https:\/\/www.parthages.be\/eboutique\/wp-json\/wp\/v2\/product\/3157","targetHints":{"allow":["GET"]}}],"collection":[{"href":"https:\/\/www.parthages.be\/eboutique\/wp-json\/wp\/v2\/product"}],"about":[{"href":"https:\/\/www.parthages.be\/eboutique\/wp-json\/wp\/v2\/types\/product"}],"replies":[{"embeddable":true,"href":"https:\/\/www.parthages.be\/eboutique\/wp-json\/wp\/v2\/comments?post=3157"}],"wp:featuredmedia":[{"embeddable":true,"href":"https:\/\/www.parthages.be\/eboutique\/wp-json\/wp\/v2\/media\/3158"}],"wp:attachment":[{"href":"https:\/\/www.parthages.be\/eboutique\/wp-json\/wp\/v2\/media?parent=3157"}],"curies":[{"name":"wp","href":"https:\/\/api.w.org\/{rel}","templated":true}]}}