{"id":316,"date":"2013-04-29T14:44:43","date_gmt":"2013-04-29T12:44:43","guid":{"rendered":"https:\/\/www.parthages.be\/wordpress\/produit\/comment-aider-l-enfant-autiste\/"},"modified":"2022-07-26T08:28:22","modified_gmt":"2022-07-26T06:28:22","slug":"comment-aider-l-enfant-autiste","status":"publish","type":"product","link":"https:\/\/www.parthages.be\/eboutique\/produit\/comment-aider-l-enfant-autiste\/","title":{"rendered":"Comment aider l&rsquo;enfant autiste"},"content":{"rendered":"<p>La prise en charge de l&rsquo;enfant autiste a longtemps \u00e9t\u00e9 le champ clos de conflits entre tenants de l&rsquo;approche \u00e9ducative, et tenants de l&rsquo;approche analytique. Cet ouvage d\u00e9montre le bien fond\u00e9 d&rsquo;une troisi\u00e8me voie : un travail psychoth\u00e9rapique pratiqu\u00e9 en alliance avec les parents et l&rsquo;\u00e9quipe soignante. (Pr\u00e9sentation de l&rsquo;auteur)<\/p>\n<p>AMY M-D.<\/p>\n<p>Editions Dunod<\/p>\n<p>2013- 1240p.-405gr- 23\u20ac<\/p>\n<p>ISBN: 978-2-10-058806-0<\/p>\n<p>Cote doc: 1-70-AMY-C<\/p>\n<span class=\"et_bloom_bottom_trigger\"><\/span>","protected":false},"excerpt":{"rendered":"<p>La prise en charge de l&rsquo;enfant autiste a longtemps \u00e9t\u00e9 le champ clos de conflits entre tenants de l&rsquo;approche \u00e9ducative, et tenants de l&rsquo;approche analytique.<\/p>\n","protected":false},"featured_media":315,"comment_status":"open","ping_status":"closed","template":"","meta":{"_et_pb_use_builder":"","_et_pb_old_content":"","_et_gb_content_width":"","spay_email":""},"class_list":["post-316","product","type-product","status-publish","has-post-thumbnail","hentry","product_cat-livres","product_tag-autisme","product_tag-enfant","product_tag-personne-handicapee","product_tag-prise-en-charge","product_tag-psychotherapie","product_tag-relation-famille-soignant","product_tag-temoignage"],"jetpack_sharing_enabled":true,"jetpack_likes_enabled":true,"_links":{"self":[{"href":"https:\/\/www.parthages.be\/eboutique\/wp-json\/wp\/v2\/product\/316","targetHints":{"allow":["GET"]}}],"collection":[{"href":"https:\/\/www.parthages.be\/eboutique\/wp-json\/wp\/v2\/product"}],"about":[{"href":"https:\/\/www.parthages.be\/eboutique\/wp-json\/wp\/v2\/types\/product"}],"replies":[{"embeddable":true,"href":"https:\/\/www.parthages.be\/eboutique\/wp-json\/wp\/v2\/comments?post=316"}],"wp:featuredmedia":[{"embeddable":true,"href":"https:\/\/www.parthages.be\/eboutique\/wp-json\/wp\/v2\/media\/315"}],"wp:attachment":[{"href":"https:\/\/www.parthages.be\/eboutique\/wp-json\/wp\/v2\/media?parent=316"}],"curies":[{"name":"wp","href":"https:\/\/api.w.org\/{rel}","templated":true}]}}