{"id":3161,"date":"2025-09-09T11:52:10","date_gmt":"2025-09-09T09:52:10","guid":{"rendered":"https:\/\/www.parthages.be\/eboutique\/?post_type=product&#038;p=3161"},"modified":"2025-09-09T11:52:10","modified_gmt":"2025-09-09T09:52:10","slug":"en-finir-avec-les-idees-fausses-sur-le-handicap","status":"publish","type":"product","link":"https:\/\/www.parthages.be\/eboutique\/produit\/en-finir-avec-les-idees-fausses-sur-le-handicap\/","title":{"rendered":"En finir avec les id\u00e9es fausses sur le handicap"},"content":{"rendered":"<blockquote data-start=\"185\" data-end=\"501\">\n<p data-start=\"187\" data-end=\"501\"><em data-start=\"187\" data-end=\"229\">\u00ab S\u2019il \u00e9tait handicap\u00e9, \u00e7a se verrait. \u00bb<\/em><br data-start=\"229\" data-end=\"232\" \/><em data-start=\"234\" data-end=\"307\">\u00ab Elle sera bien mieux dans une classe avec des camarades comme elle. \u00bb<\/em><br data-start=\"307\" data-end=\"310\" \/><em data-start=\"312\" data-end=\"431\">\u00ab Les entreprises classiques ne sont pas adapt\u00e9es, il vaut mieux aller travailler dans des structures sp\u00e9cialis\u00e9es. \u00bb<\/em><br data-start=\"431\" data-end=\"434\" \/><em data-start=\"436\" data-end=\"501\">\u00ab Les normes d\u2019accessibilit\u00e9 sont remplies, il y a une rampe. \u00bb<\/em><\/p>\n<\/blockquote>\n<p data-start=\"503\" data-end=\"908\">Depuis le Ier si\u00e8cle apr\u00e8s J.-C. jusqu\u2019\u00e0 aujourd\u2019hui, les personnes handicap\u00e9es, d\u00e8s lors que leur condition de sant\u00e9 est visible ou reconnue par l\u2019entourage, deviennent un objet de curiosit\u00e9. Par leur simple existence dans une soci\u00e9t\u00e9 qui leur est inadapt\u00e9e et, de fait, qui les exclut socialement, le handicap est \u00e0 l\u2019origine d\u2019une quantit\u00e9 \u00e9difiante de projections erron\u00e9es et d\u2019\u00e9motions inappropri\u00e9es.<\/p>\n<p data-start=\"910\" data-end=\"1215\">Selon une \u00e9tude publi\u00e9e en 2019 par Handicap.fr, 44 \u00e0 56 % des personnes handicap\u00e9es per\u00e7oivent de la g\u00eane lors d\u2019une rencontre. Et pour cause, la piti\u00e9 et la compassion sont les sentiments les plus r\u00e9pandus chez les personnes non concern\u00e9es, qui sont \u00e0 l\u2019origine de remarques du type : \u00ab le\/la pauvre\u2026 \u00bb.<\/p>\n<p data-start=\"1217\" data-end=\"1658\">Ce livre souhaite cerner les complexit\u00e9s et l\u2019engagement n\u00e9cessaires pour atteindre une accessibilit\u00e9 r\u00e9elle et une inclusion des personnes handicap\u00e9es. Il met l\u2019accent sur la distinction aujourd\u2019hui faite entre une personne dite \u00ab valide \u00bb, consid\u00e9r\u00e9e comme la norme, et une personne handicap\u00e9e, pour d\u00e9montrer que cette diff\u00e9renciation constitue pour l\u2019\u00ab invalide \u00bb une prison aussi invisible qu\u2019\u00e9prouvante.<br data-start=\"1626\" data-end=\"1629\" \/><em data-start=\"1629\" data-end=\"1658\">(Pr\u00e9sentation de l\u2019\u00e9diteur)<\/em><\/p>\n<hr data-start=\"1660\" data-end=\"1663\" \/>\n<ul data-start=\"1665\" data-end=\"1991\">\n<li data-start=\"1665\" data-end=\"1694\">\n<p data-start=\"1667\" data-end=\"1694\"><strong data-start=\"1667\" data-end=\"1679\">Auteur :<\/strong> MAUTALENT C.<\/p>\n<\/li>\n<li data-start=\"1695\" data-end=\"1740\">\n<p data-start=\"1697\" data-end=\"1740\"><strong data-start=\"1697\" data-end=\"1710\">\u00c9diteur :<\/strong> \u00c9ditions de l\u2019Atelier, 2024<\/p>\n<\/li>\n<li data-start=\"1741\" data-end=\"1773\">\n<p data-start=\"1743\" data-end=\"1773\"><strong data-start=\"1743\" data-end=\"1753\">ISBN :<\/strong> 978-2-7082-4727-7<\/p>\n<\/li>\n<li data-start=\"1774\" data-end=\"1813\">\n<p data-start=\"1776\" data-end=\"1813\"><strong data-start=\"1776\" data-end=\"1799\">Cote documentaire :<\/strong> 10-10-MAU-F<\/p>\n<\/li>\n<li data-start=\"1814\" data-end=\"1835\">\n<p data-start=\"1816\" data-end=\"1835\"><strong data-start=\"1816\" data-end=\"1827\">Poids :<\/strong> 200 g<\/p>\n<\/li>\n<li data-start=\"1836\" data-end=\"1861\">\n<p data-start=\"1838\" data-end=\"1861\"><strong data-start=\"1838\" data-end=\"1849\">Pages :<\/strong> 176 pages<\/p>\n<\/li>\n<\/ul>\n<span class=\"et_bloom_bottom_trigger\"><\/span>","protected":false},"excerpt":{"rendered":"<p data-start=\"2302\" data-end=\"2558\">Un ouvrage de sensibilisation qui d\u00e9monte les st\u00e9r\u00e9otypes sur le handicap, questionne l\u2019accessibilit\u00e9, et offre un regard critique sur l\u2019exclusion sociale des personnes handicap\u00e9es. Un outil essentiel pour une inclusion r\u00e9elle et durable.<\/p>\n","protected":false},"featured_media":3162,"comment_status":"closed","ping_status":"closed","template":"","meta":{"_et_pb_use_builder":"","_et_pb_old_content":"","_et_gb_content_width":"","spay_email":""},"class_list":["post-3161","product","type-product","status-publish","has-post-thumbnail","hentry","product_cat-livres","product_tag-accessibilite","product_tag-difference","product_tag-guide","product_tag-guide-dautodefense","product_tag-inclusion","product_tag-outil","product_tag-personne-handicapee","product_tag-sensibilisation"],"jetpack_sharing_enabled":true,"jetpack_likes_enabled":true,"_links":{"self":[{"href":"https:\/\/www.parthages.be\/eboutique\/wp-json\/wp\/v2\/product\/3161","targetHints":{"allow":["GET"]}}],"collection":[{"href":"https:\/\/www.parthages.be\/eboutique\/wp-json\/wp\/v2\/product"}],"about":[{"href":"https:\/\/www.parthages.be\/eboutique\/wp-json\/wp\/v2\/types\/product"}],"replies":[{"embeddable":true,"href":"https:\/\/www.parthages.be\/eboutique\/wp-json\/wp\/v2\/comments?post=3161"}],"wp:featuredmedia":[{"embeddable":true,"href":"https:\/\/www.parthages.be\/eboutique\/wp-json\/wp\/v2\/media\/3162"}],"wp:attachment":[{"href":"https:\/\/www.parthages.be\/eboutique\/wp-json\/wp\/v2\/media?parent=3161"}],"curies":[{"name":"wp","href":"https:\/\/api.w.org\/{rel}","templated":true}]}}