{"id":3163,"date":"2025-09-09T11:55:22","date_gmt":"2025-09-09T09:55:22","guid":{"rendered":"https:\/\/www.parthages.be\/eboutique\/?post_type=product&#038;p=3163"},"modified":"2025-09-09T11:55:23","modified_gmt":"2025-09-09T09:55:23","slug":"entre-nous-cest-pas-drole","status":"publish","type":"product","link":"https:\/\/www.parthages.be\/eboutique\/produit\/entre-nous-cest-pas-drole\/","title":{"rendered":"Entre nous, c\u2019est pas d\u2019r\u00f4le"},"content":{"rendered":"<p data-start=\"172\" data-end=\"199\"><strong data-start=\"172\" data-end=\"199\">Les jeux psychologiques<\/strong><\/p>\n<p data-start=\"201\" data-end=\"862\">Nathalie et Pascale signent un nouvel album qui explique aux enfants ce qui se passe entre eux et \u00e0 l&rsquo;int\u00e9rieur d&rsquo;eux quand ils sont en relation. Apr\u00e8s <em data-start=\"353\" data-end=\"419\">Entre nous, des mots qui expliquent les Signes de Reconnaissance<\/em>, ce nouvel opus aidera les enfants \u00e0 donner du sens \u00e0 tous les moments de la vie quotidienne dans lesquels quelque chose semble leur \u00e9chapper et o\u00f9 ils rejouent les m\u00eames r\u00f4les et les m\u00eames sch\u00e9mas relationnels.<br data-start=\"631\" data-end=\"634\" \/>Des situations les plus banales aux plus lourdes, les enfants pourront comprendre ce qui se passe au-del\u00e0 des mots et construire les moyens pour vivre des relations authentiques et bienveillantes.<br data-start=\"830\" data-end=\"833\" \/><em data-start=\"833\" data-end=\"862\">(Pr\u00e9sentation de l\u2019\u00e9diteur)<\/em><\/p>\n<hr data-start=\"864\" data-end=\"867\" \/>\n<ul data-start=\"869\" data-end=\"1210\">\n<li data-start=\"869\" data-end=\"909\">\n<p data-start=\"871\" data-end=\"909\"><strong data-start=\"871\" data-end=\"883\">Auteur :<\/strong> FRANCOLS N. \u2013 FOULON P.<\/p>\n<\/li>\n<li data-start=\"910\" data-end=\"960\">\n<p data-start=\"912\" data-end=\"960\"><strong data-start=\"912\" data-end=\"925\">\u00c9diteur :<\/strong> Editions Chronique Sociale, 2024<\/p>\n<\/li>\n<li data-start=\"961\" data-end=\"992\">\n<p data-start=\"963\" data-end=\"992\"><strong data-start=\"963\" data-end=\"973\">ISBN :<\/strong> 978-2-367179-933<\/p>\n<\/li>\n<li data-start=\"993\" data-end=\"1029\">\n<p data-start=\"995\" data-end=\"1029\"><strong data-start=\"995\" data-end=\"1018\">Cote documentaire :<\/strong> 11-FRA-E<\/p>\n<\/li>\n<li data-start=\"1030\" data-end=\"1051\">\n<p data-start=\"1032\" data-end=\"1051\"><strong data-start=\"1032\" data-end=\"1043\">Poids :<\/strong> 170 g<\/p>\n<\/li>\n<li data-start=\"1052\" data-end=\"1076\">\n<p data-start=\"1054\" data-end=\"1076\"><strong data-start=\"1054\" data-end=\"1065\">Pages :<\/strong> 64 pages<\/p>\n<\/li>\n<\/ul>\n<span class=\"et_bloom_bottom_trigger\"><\/span>","protected":false},"excerpt":{"rendered":"<p>Un livre jeunesse qui aide les enfants \u00e0 comprendre les dynamiques relationnelles du quotidien, les jeux de r\u00f4le inconscients et \u00e0 d\u00e9velopper des relations plus bienveillantes et authentiques \u00e0 l\u2019\u00e9cole ou \u00e0 la maison.<\/p>\n","protected":false},"featured_media":3164,"comment_status":"closed","ping_status":"closed","template":"","meta":{"_et_pb_use_builder":"","_et_pb_old_content":"","_et_gb_content_width":"","spay_email":""},"class_list":["post-3163","product","type-product","status-publish","has-post-thumbnail","hentry","product_cat-livres-jeunesse","product_tag-bienveillance","product_tag-ecole","product_tag-empathie","product_tag-enfant","product_tag-jeu-psychologique","product_tag-relation-entre-enfants","product_tag-role","product_tag-victime","product_tag-vie-quotidienne"],"jetpack_sharing_enabled":true,"jetpack_likes_enabled":true,"_links":{"self":[{"href":"https:\/\/www.parthages.be\/eboutique\/wp-json\/wp\/v2\/product\/3163","targetHints":{"allow":["GET"]}}],"collection":[{"href":"https:\/\/www.parthages.be\/eboutique\/wp-json\/wp\/v2\/product"}],"about":[{"href":"https:\/\/www.parthages.be\/eboutique\/wp-json\/wp\/v2\/types\/product"}],"replies":[{"embeddable":true,"href":"https:\/\/www.parthages.be\/eboutique\/wp-json\/wp\/v2\/comments?post=3163"}],"wp:featuredmedia":[{"embeddable":true,"href":"https:\/\/www.parthages.be\/eboutique\/wp-json\/wp\/v2\/media\/3164"}],"wp:attachment":[{"href":"https:\/\/www.parthages.be\/eboutique\/wp-json\/wp\/v2\/media?parent=3163"}],"curies":[{"name":"wp","href":"https:\/\/api.w.org\/{rel}","templated":true}]}}