{"id":3165,"date":"2025-09-09T11:58:02","date_gmt":"2025-09-09T09:58:02","guid":{"rendered":"https:\/\/www.parthages.be\/eboutique\/?post_type=product&#038;p=3165"},"modified":"2025-09-09T11:58:02","modified_gmt":"2025-09-09T09:58:02","slug":"je-prends-soin-de-mes-relations","status":"publish","type":"product","link":"https:\/\/www.parthages.be\/eboutique\/produit\/je-prends-soin-de-mes-relations\/","title":{"rendered":"Je prends soin de mes relations"},"content":{"rendered":"<p data-start=\"162\" data-end=\"184\"><strong data-start=\"162\" data-end=\"184\">Cahier d\u2019exercices<\/strong><\/p>\n<p data-start=\"186\" data-end=\"522\">En prolongement des livres illustr\u00e9s <em data-start=\"223\" data-end=\"245\">Entre nous, des mots<\/em> et <em data-start=\"249\" data-end=\"279\">Entre nous, c&rsquo;est pas d\u2019r\u00f4le<\/em>, et de l&rsquo;ouvrage p\u00e9dagogique <em data-start=\"309\" data-end=\"357\">Aider les enfants \u00e0 vivre des relations saines<\/em>, ce cahier d&rsquo;exercices propose aux enfants des activit\u00e9s \u00e0 r\u00e9aliser seul ou en dialogue avec un adulte pour mieux se comprendre et mieux comprendre leurs relations.<\/p>\n<p data-start=\"524\" data-end=\"706\">En prenant conscience de l&rsquo;impact des mots et de ce qui engage certaines relations dans une spirale n\u00e9gative et r\u00e9p\u00e9titive, les enfants pourront avec ces exercices, s&rsquo;entra\u00eener \u00e0 :<\/p>\n<ul data-start=\"707\" data-end=\"999\">\n<li data-start=\"707\" data-end=\"775\">\n<p data-start=\"709\" data-end=\"775\">bien conna\u00eetre leur int\u00e9riorit\u00e9 faite de pens\u00e9es et d&rsquo;\u00e9motions ;<\/p>\n<\/li>\n<li data-start=\"776\" data-end=\"853\">\n<p data-start=\"778\" data-end=\"853\">rep\u00e9rer plus facilement les rouages d&rsquo;une spirale relationnelle n\u00e9gative,<\/p>\n<\/li>\n<li data-start=\"854\" data-end=\"999\">\n<p data-start=\"856\" data-end=\"999\">apprendre \u00e0 choisir les mots et les actions qui favorisent leur bien-\u00eatre et la bonne sant\u00e9 de leurs relations.<br data-start=\"967\" data-end=\"970\" \/><em data-start=\"970\" data-end=\"999\">(Pr\u00e9sentation de l\u2019\u00e9diteur)<\/em><\/p>\n<\/li>\n<\/ul>\n<hr data-start=\"1001\" data-end=\"1004\" \/>\n<ul data-start=\"1006\" data-end=\"1308\">\n<li data-start=\"1006\" data-end=\"1034\">\n<p data-start=\"1008\" data-end=\"1034\"><strong data-start=\"1008\" data-end=\"1020\">Auteur :<\/strong> FRANCOLS N.<\/p>\n<\/li>\n<li data-start=\"1035\" data-end=\"1085\">\n<p data-start=\"1037\" data-end=\"1085\"><strong data-start=\"1037\" data-end=\"1050\">\u00c9diteur :<\/strong> Editions Chronique Sociale, 2024<\/p>\n<\/li>\n<li data-start=\"1086\" data-end=\"1118\">\n<p data-start=\"1088\" data-end=\"1118\"><strong data-start=\"1088\" data-end=\"1098\">ISBN :<\/strong> 978-2-36717-994-0<\/p>\n<\/li>\n<li data-start=\"1119\" data-end=\"1155\">\n<p data-start=\"1121\" data-end=\"1155\"><strong data-start=\"1121\" data-end=\"1144\">Cote documentaire :<\/strong> 11-FRA-J<\/p>\n<\/li>\n<li data-start=\"1156\" data-end=\"1177\">\n<p data-start=\"1158\" data-end=\"1177\"><strong data-start=\"1158\" data-end=\"1169\">Poids :<\/strong> 163 g<\/p>\n<\/li>\n<li data-start=\"1178\" data-end=\"1202\">\n<p data-start=\"1180\" data-end=\"1202\"><strong data-start=\"1180\" data-end=\"1191\">Pages :<\/strong> 63 pages<\/p>\n<\/li>\n<\/ul>\n<span class=\"et_bloom_bottom_trigger\"><\/span>","protected":false},"excerpt":{"rendered":"<p>Ce cahier d\u2019activit\u00e9s jeunesse propose des exercices concrets pour accompagner les enfants dans la gestion de leurs \u00e9motions, la communication bienveillante et la compr\u00e9hension des spirales relationnelles n\u00e9gatives.<\/p>\n","protected":false},"featured_media":3166,"comment_status":"closed","ping_status":"closed","template":"","meta":{"_et_pb_use_builder":"","_et_pb_old_content":"","_et_gb_content_width":"","spay_email":""},"class_list":["post-3165","product","type-product","status-publish","has-post-thumbnail","hentry","product_cat-livres-jeunesse","product_tag-activite","product_tag-dialogue","product_tag-exercice","product_tag-gestion-des-emotions","product_tag-reflexion","product_tag-relation-enfant-adulte"],"jetpack_sharing_enabled":true,"jetpack_likes_enabled":true,"_links":{"self":[{"href":"https:\/\/www.parthages.be\/eboutique\/wp-json\/wp\/v2\/product\/3165","targetHints":{"allow":["GET"]}}],"collection":[{"href":"https:\/\/www.parthages.be\/eboutique\/wp-json\/wp\/v2\/product"}],"about":[{"href":"https:\/\/www.parthages.be\/eboutique\/wp-json\/wp\/v2\/types\/product"}],"replies":[{"embeddable":true,"href":"https:\/\/www.parthages.be\/eboutique\/wp-json\/wp\/v2\/comments?post=3165"}],"wp:featuredmedia":[{"embeddable":true,"href":"https:\/\/www.parthages.be\/eboutique\/wp-json\/wp\/v2\/media\/3166"}],"wp:attachment":[{"href":"https:\/\/www.parthages.be\/eboutique\/wp-json\/wp\/v2\/media?parent=3165"}],"curies":[{"name":"wp","href":"https:\/\/api.w.org\/{rel}","templated":true}]}}