{"id":3170,"date":"2025-09-09T12:34:11","date_gmt":"2025-09-09T10:34:11","guid":{"rendered":"https:\/\/www.parthages.be\/eboutique\/?post_type=product&#038;p=3170"},"modified":"2025-09-09T12:34:12","modified_gmt":"2025-09-09T10:34:12","slug":"harry-et-pandouche-padouche-en-cuisine","status":"publish","type":"product","link":"https:\/\/www.parthages.be\/eboutique\/produit\/harry-et-pandouche-padouche-en-cuisine\/","title":{"rendered":"Harry et Pandouche : Padouche en cuisine"},"content":{"rendered":"<p data-start=\"319\" data-end=\"1534\">Quels qu&rsquo;ils soient, les troubles dys ne disparaissent pas avec l&rsquo;\u00e2ge. Pourtant, si la litt\u00e9rature \u00e0 ce sujet est abondante pour l&rsquo;enfant, il manque cruellement d&rsquo;ouvrages de r\u00e9f\u00e9rence concernant les troubles dys chez l&rsquo;adulte. Alors, quels obstacles et difficult\u00e9s les adultes dys ont-ils quotidiennement \u00e0 affronter ? Et quelles sont leurs forces insoup\u00e7onn\u00e9es qui n&rsquo;attendent qu&rsquo;\u00e0 \u00eatre valoris\u00e9es dans un cadre tant priv\u00e9 que professionnel ?<\/p>\n<p data-start=\"319\" data-end=\"1534\"><br data-start=\"763\" data-end=\"766\" \/>Carol Valet, Carol Nelson et Claudine Gard\u00e8res, sp\u00e9cialistes en troubles dys et praticiennes de la m\u00e9thode Davis\u00ae, proposent un ouvrage accessible et adapt\u00e9 qui explore les atouts et les difficult\u00e9s des adultes dys. Par le biais de t\u00e9moignages, d&rsquo;illustrations et de sch\u00e9mas, elles visent \u00e0 redonner confiance en eux aux Dys, \u00e0 les aider \u00e0 appr\u00e9hender tous les aspects de leur trouble, tout en leur permettant de trouver des solutions pour am\u00e9liorer leur bien-\u00eatre.<\/p>\n<p data-start=\"319\" data-end=\"1534\"><br data-start=\"1231\" data-end=\"1234\" \/>Ces pages sont aussi destin\u00e9es \u00e0 l&rsquo;entourage, priv\u00e9 ou professionnel, des Dys pour faire d\u00e9couvrir leur univers et inviter tous les acteurs \u00e0 s&rsquo;ajuster et mettre en place tout ce qui est n\u00e9cessaire pour am\u00e9liorer leur quotidien ! Faites de votre diff\u00e9rence une force !<br data-start=\"1502\" data-end=\"1505\" \/><em data-start=\"1505\" data-end=\"1534\">(Pr\u00e9sentation de l\u2019\u00e9diteur)<\/em><\/p>\n<hr data-start=\"1536\" data-end=\"1539\" \/>\n<ul data-start=\"1541\" data-end=\"1799\">\n<li data-start=\"1541\" data-end=\"1562\">\n<p data-start=\"1543\" data-end=\"1562\"><strong data-start=\"1543\" data-end=\"1555\">Auteur :<\/strong> TINO<\/p>\n<\/li>\n<li data-start=\"1563\" data-end=\"1595\">\n<p data-start=\"1565\" data-end=\"1595\"><strong data-start=\"1565\" data-end=\"1578\">\u00c9diteur :<\/strong> S-Active, 2024<\/p>\n<\/li>\n<li data-start=\"1596\" data-end=\"1628\">\n<p data-start=\"1598\" data-end=\"1628\"><strong data-start=\"1598\" data-end=\"1608\">ISBN :<\/strong> 979-10-96709-56-4<\/p>\n<\/li>\n<li data-start=\"1629\" data-end=\"1665\">\n<p data-start=\"1631\" data-end=\"1665\"><strong data-start=\"1631\" data-end=\"1654\">Cote documentaire :<\/strong> 11-TIN-P<\/p>\n<\/li>\n<li data-start=\"1666\" data-end=\"1687\">\n<p data-start=\"1668\" data-end=\"1687\"><strong data-start=\"1668\" data-end=\"1679\">Poids :<\/strong> 130 g<\/p>\n<\/li>\n<li data-start=\"1688\" data-end=\"1712\">\n<p data-start=\"1690\" data-end=\"1712\"><strong data-start=\"1690\" data-end=\"1701\">Pages :<\/strong> 60 pages<\/p>\n<\/li>\n<\/ul>\n<span class=\"et_bloom_bottom_trigger\"><\/span>","protected":false},"excerpt":{"rendered":"<p data-start=\"2119\" data-end=\"2359\">Une bande dessin\u00e9e jeunesse pens\u00e9e pour les enfants dyslexiques, combinant humour, illustration attrayante et facilit\u00e9 de lecture. Id\u00e9ale pour encourager la lecture adapt\u00e9e et valoriser la diff\u00e9rence d\u00e8s le plus jeune \u00e2ge.<\/p>\n","protected":false},"featured_media":3171,"comment_status":"closed","ping_status":"closed","template":"","meta":{"_et_pb_use_builder":"","_et_pb_old_content":"","_et_gb_content_width":"","spay_email":""},"class_list":["post-3170","product","type-product","status-publish","has-post-thumbnail","hentry","product_cat-livres-jeunesse","product_tag-bande-dessinee","product_tag-dysfonctionnement","product_tag-dyslexie","product_tag-enfant","product_tag-lecture-adaptee"],"jetpack_sharing_enabled":true,"jetpack_likes_enabled":true,"_links":{"self":[{"href":"https:\/\/www.parthages.be\/eboutique\/wp-json\/wp\/v2\/product\/3170","targetHints":{"allow":["GET"]}}],"collection":[{"href":"https:\/\/www.parthages.be\/eboutique\/wp-json\/wp\/v2\/product"}],"about":[{"href":"https:\/\/www.parthages.be\/eboutique\/wp-json\/wp\/v2\/types\/product"}],"replies":[{"embeddable":true,"href":"https:\/\/www.parthages.be\/eboutique\/wp-json\/wp\/v2\/comments?post=3170"}],"wp:featuredmedia":[{"embeddable":true,"href":"https:\/\/www.parthages.be\/eboutique\/wp-json\/wp\/v2\/media\/3171"}],"wp:attachment":[{"href":"https:\/\/www.parthages.be\/eboutique\/wp-json\/wp\/v2\/media?parent=3170"}],"curies":[{"name":"wp","href":"https:\/\/api.w.org\/{rel}","templated":true}]}}