{"id":3174,"date":"2025-09-09T12:42:16","date_gmt":"2025-09-09T10:42:16","guid":{"rendered":"https:\/\/www.parthages.be\/eboutique\/?post_type=product&#038;p=3174"},"modified":"2025-09-09T12:42:16","modified_gmt":"2025-09-09T10:42:16","slug":"douleur-chronique","status":"publish","type":"product","link":"https:\/\/www.parthages.be\/eboutique\/produit\/douleur-chronique\/","title":{"rendered":"Douleur chronique"},"content":{"rendered":"<p data-start=\"286\" data-end=\"352\"><strong data-start=\"286\" data-end=\"352\">Un accompagnement fond\u00e9 sur l\u2019approche centr\u00e9e sur la personne<\/strong><\/p>\n<p data-start=\"354\" data-end=\"1874\">Ce livre propose une conception humaniste de l&rsquo;accompagnement des personnes souffrant de douleur chronique. Centrale y est la reconnaissance par les soignants du v\u00e9cu singulier des patients face aux \u00e9preuves qu&rsquo;engendrent les douleurs difficiles \u00e0 contr\u00f4ler. Centrale y est \u00e9galement la r\u00e9elle ouverture des soignants \u00e0 leur v\u00e9cu personnel pour adopter le plus consciemment possible des attitudes favorisant un espace intersubjectif marqu\u00e9 par l&rsquo;authenticit\u00e9 et stimulant le contact de la personne souffrante avec ses ressources. Cela sera au profit d&rsquo;une remise en mouvement d&rsquo;une existence trop souvent entortill\u00e9e autour de l&rsquo;insoluble persistance de la douleur.<br data-start=\"1019\" data-end=\"1022\" \/>C&rsquo;est donc la question des attitudes des soignants que d\u00e9veloppera ce texte pour en faire entendre toute la richesse, la finesse dans son contenu et dans son pouvoir. Ce livre invite tout soignant \u00e0 d\u00e9couvrir les concepts et les valeurs qui sous-tendent ces attitudes stimulant une relation th\u00e9rapeutique et \u00e0 en d\u00e9passer une compr\u00e9hension intellectuelle pour s&rsquo;ouvrir aux mouvements int\u00e9rieurs qu&rsquo;ils suscitent.<br data-start=\"1434\" data-end=\"1437\" \/>L&rsquo;ouverture \u00e0 soi est la mati\u00e8re premi\u00e8re agissante du processus th\u00e9rapeutique. Le propos s&rsquo;articule autour de l&rsquo;Approche centr\u00e9e sur la personne de Carl Rogers, des apports cliniques de la ph\u00e9nom\u00e9nologie et de la th\u00e9rapie existentielle. Le livre offre \u00e0 d\u00e9couvrir une d\u00e9marche originale nourrie de fortes convictions et d&rsquo;une exp\u00e9rience clinique construite au fil d&rsquo;une pratique personnelle et en \u00e9quipe.<br data-start=\"1842\" data-end=\"1845\" \/><em data-start=\"1845\" data-end=\"1874\">(Pr\u00e9sentation de l\u2019\u00e9diteur)<\/em><\/p>\n<hr data-start=\"1876\" data-end=\"1879\" \/>\n<ul data-start=\"1881\" data-end=\"2234\">\n<li data-start=\"1881\" data-end=\"1908\">\n<p data-start=\"1883\" data-end=\"1908\"><strong data-start=\"1883\" data-end=\"1895\">Auteur :<\/strong> Grisart J.<\/p>\n<\/li>\n<li data-start=\"1909\" data-end=\"1950\">\n<p data-start=\"1911\" data-end=\"1950\"><strong data-start=\"1911\" data-end=\"1924\">\u00c9diteur :<\/strong> Chronique Sociale, 2023<\/p>\n<\/li>\n<li data-start=\"1951\" data-end=\"1983\">\n<p data-start=\"1953\" data-end=\"1983\"><strong data-start=\"1953\" data-end=\"1963\">ISBN :<\/strong> 978-2-36717-893-6<\/p>\n<\/li>\n<li data-start=\"1984\" data-end=\"2022\">\n<p data-start=\"1986\" data-end=\"2022\"><strong data-start=\"1986\" data-end=\"2009\">Cote documentaire :<\/strong> 5-20-GRI-D<\/p>\n<\/li>\n<li data-start=\"2051\" data-end=\"2076\">\n<p data-start=\"2053\" data-end=\"2076\"><strong data-start=\"2053\" data-end=\"2064\">Pages :<\/strong> 152 pages<\/p>\n<\/li>\n<\/ul>\n<span class=\"et_bloom_bottom_trigger\"><\/span>","protected":false},"excerpt":{"rendered":"<p>Ce guide s\u2019adresse aux soignants souhaitant mieux comprendre la douleur chronique \u00e0 travers l\u2019approche de Carl Rogers. Il propose une vision humaniste du soin, centr\u00e9e sur la relation th\u00e9rapeutique et la reconnaissance du v\u00e9cu du patient.<\/p>\n","protected":false},"featured_media":3175,"comment_status":"closed","ping_status":"closed","template":"","meta":{"_et_pb_use_builder":"","_et_pb_old_content":"","_et_gb_content_width":"","spay_email":""},"class_list":["post-3174","product","type-product","status-publish","has-post-thumbnail","hentry","product_cat-livres","product_tag-accompagnement","product_tag-douleur-chronique","product_tag-gestion-de-la-douleur","product_tag-outil-pedagogique","product_tag-relation-soignant-patient","product_tag-relation-therapeutique","product_tag-soin-de-soi"],"jetpack_sharing_enabled":true,"jetpack_likes_enabled":true,"_links":{"self":[{"href":"https:\/\/www.parthages.be\/eboutique\/wp-json\/wp\/v2\/product\/3174","targetHints":{"allow":["GET"]}}],"collection":[{"href":"https:\/\/www.parthages.be\/eboutique\/wp-json\/wp\/v2\/product"}],"about":[{"href":"https:\/\/www.parthages.be\/eboutique\/wp-json\/wp\/v2\/types\/product"}],"replies":[{"embeddable":true,"href":"https:\/\/www.parthages.be\/eboutique\/wp-json\/wp\/v2\/comments?post=3174"}],"wp:featuredmedia":[{"embeddable":true,"href":"https:\/\/www.parthages.be\/eboutique\/wp-json\/wp\/v2\/media\/3175"}],"wp:attachment":[{"href":"https:\/\/www.parthages.be\/eboutique\/wp-json\/wp\/v2\/media?parent=3174"}],"curies":[{"name":"wp","href":"https:\/\/api.w.org\/{rel}","templated":true}]}}