{"id":3185,"date":"2026-01-12T14:11:58","date_gmt":"2026-01-12T13:11:58","guid":{"rendered":"https:\/\/www.parthages.be\/eboutique\/?post_type=product&#038;p=3185"},"modified":"2026-01-12T14:23:39","modified_gmt":"2026-01-12T13:23:39","slug":"bracelet-je-suis-moi-et-cest-tres-bien-comme-ca","status":"publish","type":"product","link":"https:\/\/www.parthages.be\/eboutique\/produit\/bracelet-je-suis-moi-et-cest-tres-bien-comme-ca\/","title":{"rendered":"Bracelet \u00ab\u00a0Je suis moi et c&rsquo;est tr\u00e8s bien comme \u00e7a\u00a0\u00bb"},"content":{"rendered":"<p data-start=\"113\" data-end=\"247\">Porter un bracelet qui affirme<br data-start=\"143\" data-end=\"146\" \/><strong data-start=\"146\" data-end=\"191\">\u201cJe suis moi et c\u2019est tr\u00e8s bien comme \u00e7a\u201d<\/strong>,<br data-start=\"192\" data-end=\"195\" \/>c\u2019est se rappeler chaque jour une chose essentielle.<\/p>\n<p data-start=\"249\" data-end=\"361\">Quelle que soit notre diff\u00e9rence,<br data-start=\"282\" data-end=\"285\" \/>on a le droit d\u2019\u00eatre qui on est<br data-start=\"316\" data-end=\"319\" \/>et de marcher droit dans nos chaussures.<\/p>\n<p data-start=\"363\" data-end=\"508\">C\u2019est un message pour soi,<br data-start=\"389\" data-end=\"392\" \/>les jours o\u00f9 le doute s\u2019installe.<br data-start=\"425\" data-end=\"428\" \/>Quand un regard juge trop fort.<br data-start=\"459\" data-end=\"462\" \/>Quand une remarque touche l\u00e0 o\u00f9 \u00e7a fait mal.<\/p>\n<p data-start=\"510\" data-end=\"659\">C\u2019est aussi un message pour les autres.<br data-start=\"549\" data-end=\"552\" \/>Pour cette personne qui en a peut-\u00eatre besoin<br data-start=\"597\" data-end=\"600\" \/>sans oser le dire.<br data-start=\"618\" data-end=\"621\" \/>Un rappel silencieux, mais puissant.<\/p>\n<p data-start=\"661\" data-end=\"799\">Un cadeau \u00e0 se faire.<br data-start=\"682\" data-end=\"685\" \/>Ou \u00e0 offrir.<br data-start=\"697\" data-end=\"700\" \/>Pour faire circuler une id\u00e9e simple,<br data-start=\"736\" data-end=\"739\" \/>mais fondamentale :<br data-start=\"758\" data-end=\"761\" \/><strong data-start=\"761\" data-end=\"797\">s\u2019accepter, c\u2019est d\u00e9j\u00e0 r\u00e9sister.<\/strong><\/p>\n<p data-start=\"801\" data-end=\"949\">Chez <strong data-start=\"806\" data-end=\"821\">Handipeople<\/strong>,<br data-start=\"822\" data-end=\"825\" \/>c\u2019est exactement ce que l\u2019on d\u00e9fend.<br data-start=\"861\" data-end=\"864\" \/>Aider chacun \u00e0 se sentir l\u00e9gitime,<br data-start=\"898\" data-end=\"901\" \/>\u00e0 sa place,<br data-start=\"912\" data-end=\"915\" \/>sans devoir s\u2019excuser d\u2019exister.<\/p>\n<span class=\"et_bloom_bottom_trigger\"><\/span>","protected":false},"excerpt":{"rendered":"<p>Porter un bracelet qui affirme\u201cJe suis moi et c\u2019est tr\u00e8s bien comme \u00e7a\u201d,c\u2019est se rappeler chaque jour une chose essentielle. Quelle que soit notre diff\u00e9rence,on a le droit d\u2019\u00eatre qui on estet de marcher droit dans nos chaussures. C\u2019est un message pour soi,les jours o\u00f9 le doute s\u2019installe.Quand un regard juge trop fort.Quand une remarque [&hellip;]<\/p>\n","protected":false},"featured_media":3186,"comment_status":"closed","ping_status":"closed","template":"","meta":{"_et_pb_use_builder":"","_et_pb_old_content":"","_et_gb_content_width":"","spay_email":""},"class_list":["post-3185","product","type-product","status-publish","has-post-thumbnail","hentry","product_cat-nouveautes","product_shipping_class-accessoires"],"jetpack_sharing_enabled":true,"jetpack_likes_enabled":true,"_links":{"self":[{"href":"https:\/\/www.parthages.be\/eboutique\/wp-json\/wp\/v2\/product\/3185","targetHints":{"allow":["GET"]}}],"collection":[{"href":"https:\/\/www.parthages.be\/eboutique\/wp-json\/wp\/v2\/product"}],"about":[{"href":"https:\/\/www.parthages.be\/eboutique\/wp-json\/wp\/v2\/types\/product"}],"replies":[{"embeddable":true,"href":"https:\/\/www.parthages.be\/eboutique\/wp-json\/wp\/v2\/comments?post=3185"}],"wp:featuredmedia":[{"embeddable":true,"href":"https:\/\/www.parthages.be\/eboutique\/wp-json\/wp\/v2\/media\/3186"}],"wp:attachment":[{"href":"https:\/\/www.parthages.be\/eboutique\/wp-json\/wp\/v2\/media?parent=3185"}],"curies":[{"name":"wp","href":"https:\/\/api.w.org\/{rel}","templated":true}]}}