{"id":320,"date":"2013-04-29T14:48:19","date_gmt":"2013-04-29T12:48:19","guid":{"rendered":"https:\/\/www.parthages.be\/wordpress\/produit\/malentendus\/"},"modified":"2022-05-16T21:23:09","modified_gmt":"2022-05-16T19:23:09","slug":"malentendus","status":"publish","type":"product","link":"https:\/\/www.parthages.be\/eboutique\/produit\/malentendus\/","title":{"rendered":"Malentendus"},"content":{"rendered":"<p>La vie de Julien Laporte exige d&rsquo;\u00eatre racont\u00e9e, parce qu&rsquo;elle est symptomatique, non seulement de l&rsquo;histoire terrible des sourds au XXe si\u00e8cle, le pire de tous, mais plus encore de la folie ordinaire des hommes, de leur capacit\u00e9 \u00e0 d\u00e9sint\u00e9grer l&rsquo;humain, \u00e0 maudire le vif du vivant, serait-ce avec les meilleures intentions du monde, serait-ce au nom de l&rsquo;amour des autres ou, en l&rsquo;occurrence, de l&rsquo;amour d&rsquo;un fils.<\/p>\n<p>LECLAIR B.<\/p>\n<p>Actes Sud<\/p>\n<p>2013 -260p.-212gr- 21\u20ac<\/p>\n<p>ISBN\u00a0: 978-2-330-01415-5<\/p>\n<p>Cote doc : 2-10-LEC-M<\/p>\n<p><strong><em>Uniquement \u00e0 la location<\/em><\/strong><\/p>\n<span class=\"et_bloom_bottom_trigger\"><\/span>","protected":false},"excerpt":{"rendered":"<p>La vie de Julien Laporte exige d&rsquo;\u00eatre racont\u00e9e, parce qu&rsquo;elle est symptomatique, non seulement de l&rsquo;histoire terrible des sourds au XXe si\u00e8cle, le pire de tous, mais plus encore de la folie ordinaire des hommes<\/p>\n","protected":false},"featured_media":319,"comment_status":"open","ping_status":"closed","template":"","meta":{"_et_pb_use_builder":"","_et_pb_old_content":"","_et_gb_content_width":"","spay_email":""},"class_list":["post-320","product","type-product","status-publish","has-post-thumbnail","hentry","product_cat-livres","product_tag-personne-handicapee","product_tag-relation-adulte-enfant","product_tag-roman","product_tag-surdite"],"jetpack_sharing_enabled":true,"jetpack_likes_enabled":true,"_links":{"self":[{"href":"https:\/\/www.parthages.be\/eboutique\/wp-json\/wp\/v2\/product\/320","targetHints":{"allow":["GET"]}}],"collection":[{"href":"https:\/\/www.parthages.be\/eboutique\/wp-json\/wp\/v2\/product"}],"about":[{"href":"https:\/\/www.parthages.be\/eboutique\/wp-json\/wp\/v2\/types\/product"}],"replies":[{"embeddable":true,"href":"https:\/\/www.parthages.be\/eboutique\/wp-json\/wp\/v2\/comments?post=320"}],"wp:featuredmedia":[{"embeddable":true,"href":"https:\/\/www.parthages.be\/eboutique\/wp-json\/wp\/v2\/media\/319"}],"wp:attachment":[{"href":"https:\/\/www.parthages.be\/eboutique\/wp-json\/wp\/v2\/media?parent=320"}],"curies":[{"name":"wp","href":"https:\/\/api.w.org\/{rel}","templated":true}]}}