{"id":322,"date":"2013-04-29T14:49:55","date_gmt":"2013-04-29T12:49:55","guid":{"rendered":"https:\/\/www.parthages.be\/wordpress\/produit\/acceder-a-son-espace-interieur\/"},"modified":"2022-03-25T10:56:54","modified_gmt":"2022-03-25T09:56:54","slug":"acceder-a-son-espace-interieur","status":"publish","type":"product","link":"https:\/\/www.parthages.be\/eboutique\/produit\/acceder-a-son-espace-interieur\/","title":{"rendered":"Acc\u00e9der \u00e0 son espace int\u00e9rieur"},"content":{"rendered":"<p>Nous nous fions trop \u00e0 la r\u00e9alit\u00e9 ext\u00e9rieure, alors qu\u2019existe une autre r\u00e9alit\u00e9 int\u00e9rieure celle-l\u00e0, et elle nous appartient car elle est le reflet de notre v\u00e9ritable personnalit\u00e9. Pour y acc\u00e9der il est d\u2019abord n\u00e9cessaire de changer notre regard sur le monde et de le tourner \u00e0 l\u2019int\u00e9rieur de notre \u00eatre pour devenir conscient de ce que l\u2019on est vraiment.<\/p>\n<p>Ce chemin passe naturellement par l\u2019application de grands principes :<\/p>\n<p>&#8211; le libre arbitre<\/p>\n<p>&#8211; la pleine conscience<\/p>\n<p>&#8211; l\u2019acceptation, le d\u00e9tachement et le l\u00e2cher-prise<\/p>\n<p>&#8211; la Communication Non Violente<\/p>\n<p>&#8211; le pouvoir de l\u2019amour, du pardon et de l\u2019expression de la gratitude<\/p>\n<p>mais aussi :<\/p>\n<p>&#8211; retrouver son \u00e2me d\u2019enfant<\/p>\n<p>&#8211; regarder le monde avec les yeux du c\u0153ur<\/p>\n<p>&#8211; oser reconsid\u00e9rer nos croyances<\/p>\n<p>&#8211; utiliser la loi universelle de l\u2019attraction pour recr\u00e9er notre vie<\/p>\n<p>La grande force de ce petit livre est que l\u2019auteur a v\u00e9cu r\u00e9ellement ce qu\u2019il nous enseigne ici et ainsi il nous parle avec la force de la conviction interne. Jamais il ne nous donne des recettes faciles, mais nous ouvre des pistes pour que chacun puisse faire son chemin et trouver justement sa r\u00e9alit\u00e9 propre.<\/p>\n<p>Y acc\u00e9der permet de trouver une nouvelle libert\u00e9 et de nouvelles forces car nous y trouverons plus de paix, de joies, d\u2019harmonie. Car c\u2019est trouver en soi ce qui ne peut pas \u00eatre trouv\u00e9 \u00e0 l\u2019ext\u00e9rieur et nous faire acc\u00e9der ainsi \u00e0 plus de bonheur et d\u2019abondance.<\/p>\n<p>DELVOYE Y..<\/p>\n<p>Editions Jouvence<\/p>\n<p>2013- 160p-153g<\/p>\n<p>ISBN\u00a0: 978-2-88911-236-4<\/p>\n<p><strong><em>Ajouter\u00a0 <\/em><\/strong>Cote doc\u00a0: 3-10-DEL-A<\/p>\n<p><strong><em>Uniquement \u00e0 la location<\/em><\/strong><\/p>\n<span class=\"et_bloom_bottom_trigger\"><\/span>","protected":false},"excerpt":{"rendered":"<p>Nous nous fions trop \u00e0 la r\u00e9alit\u00e9 ext\u00e9rieure, alors qu\u2019existe une autre r\u00e9alit\u00e9 int\u00e9rieure celle-l\u00e0, et elle nous appartient car elle est le reflet de notre v\u00e9ritable personnalit\u00e9.<\/p>\n","protected":false},"featured_media":321,"comment_status":"open","ping_status":"closed","template":"","meta":{"_et_pb_use_builder":"","_et_pb_old_content":"","_et_gb_content_width":"","spay_email":""},"class_list":["post-322","product","type-product","status-publish","has-post-thumbnail","hentry","product_cat-livres","product_tag-bien-etre","product_tag-epanouissement-personnel","product_tag-outil","product_tag-psychanalyse","product_tag-psychologie","product_tag-psychotherapie"],"jetpack_sharing_enabled":true,"jetpack_likes_enabled":true,"_links":{"self":[{"href":"https:\/\/www.parthages.be\/eboutique\/wp-json\/wp\/v2\/product\/322","targetHints":{"allow":["GET"]}}],"collection":[{"href":"https:\/\/www.parthages.be\/eboutique\/wp-json\/wp\/v2\/product"}],"about":[{"href":"https:\/\/www.parthages.be\/eboutique\/wp-json\/wp\/v2\/types\/product"}],"replies":[{"embeddable":true,"href":"https:\/\/www.parthages.be\/eboutique\/wp-json\/wp\/v2\/comments?post=322"}],"wp:featuredmedia":[{"embeddable":true,"href":"https:\/\/www.parthages.be\/eboutique\/wp-json\/wp\/v2\/media\/321"}],"wp:attachment":[{"href":"https:\/\/www.parthages.be\/eboutique\/wp-json\/wp\/v2\/media?parent=322"}],"curies":[{"name":"wp","href":"https:\/\/api.w.org\/{rel}","templated":true}]}}