{"id":328,"date":"2013-04-29T15:00:27","date_gmt":"2013-04-29T13:00:27","guid":{"rendered":"https:\/\/www.parthages.be\/wordpress\/produit\/accepter-l-autre-tel-qu-il-est\/"},"modified":"2025-04-29T13:34:07","modified_gmt":"2025-04-29T11:34:07","slug":"accepter-l-autre-tel-qu-il-est","status":"publish","type":"product","link":"https:\/\/www.parthages.be\/eboutique\/produit\/accepter-l-autre-tel-qu-il-est\/","title":{"rendered":"Accepter l&rsquo;autre tel qu&rsquo;il est"},"content":{"rendered":"<p>La route est longue qui conduit de nos faciles rejets et s\u00e9v\u00e8res accusations \u00e0 l&rsquo;encontre de l&rsquo;autre jusqu&rsquo;\u00e0 cette belle d\u00e9couverte qui nous fait sentir tous les bienfaits de son acceptation. Cependant, accepter l&rsquo;autre tel qu&rsquo;il est requiert, en son principe et avant toute consid\u00e9ration, une capacit\u00e9 de progresser. Ainsi un vaste programme attend le sujet d\u00e9sireux d&rsquo;accueillir la diff\u00e9rence, d&rsquo;autant qu&rsquo; \u00ab ensemble \u00bb, le chemin rencontre tout autant de r\u00e9sistance. On pense \u00e0 la c\u00e9l\u00e8bre phrase \u00ab l&rsquo;enfer c&rsquo;est les autres! \u00bb. A l&rsquo;\u00e9vidence, la psychanalyse, d\u00e8s lors qu&rsquo;elle permet d&rsquo;identifier nos r\u00e9els besoins et d&rsquo;authentifier nos vrais d\u00e9sirs, invite \u00e0 comprendre les raisons de nos jugements, de nos intol\u00e9rances, de nos regards suspicieux, de nos phobies, entre autres m\u00e9canismes de d\u00e9fense. L&rsquo;ensemble de ce livre conduit \u00e0 admettre que tout \u00eatre humain a besoin de libert\u00e9. Ne pas comprendre cette \u00e9vidence r\u00e9actualise sans cesse le carcan d&rsquo;un pseudo p\u00e9rim\u00e8tre de s\u00e9curit\u00e9 qui favorise l&rsquo;exclusion. Exclure c&rsquo;est s&rsquo;exclure&#8230; Ce livre, miroir de situations journali\u00e8res, a pour sens de faciliter toutes nos communications.<\/p>\n<p>\u00a0<\/p>\n<p>CALATAYUD C.<\/p>\n<p>Editions Jouvence<\/p>\n<p>2004- 96p -80gr -4,90\u20ac<\/p>\n<p>ISBN\u00a0: 978-2-88353-395-0<\/p>\n<span class=\"et_bloom_bottom_trigger\"><\/span>","protected":false},"excerpt":{"rendered":"<p>La route est longue qui conduit de nos faciles rejets et s\u00e9v\u00e8res accusations \u00e0 l&rsquo;encontre de l&rsquo;autre jusqu&rsquo;\u00e0 cette belle d\u00e9couverte qui nous fait sentir tous les bienfaits de son acceptation.<\/p>\n","protected":false},"featured_media":327,"comment_status":"open","ping_status":"closed","template":"","meta":{"_et_pb_use_builder":"","_et_pb_old_content":"","_et_gb_content_width":"","spay_email":""},"class_list":["post-328","product","type-product","status-publish","has-post-thumbnail","hentry","product_cat-livres","product_tag-bien-etre","product_tag-psychologie-du-developpement","product_tag-technique-de-developpement-perso"],"jetpack_sharing_enabled":true,"jetpack_likes_enabled":true,"_links":{"self":[{"href":"https:\/\/www.parthages.be\/eboutique\/wp-json\/wp\/v2\/product\/328","targetHints":{"allow":["GET"]}}],"collection":[{"href":"https:\/\/www.parthages.be\/eboutique\/wp-json\/wp\/v2\/product"}],"about":[{"href":"https:\/\/www.parthages.be\/eboutique\/wp-json\/wp\/v2\/types\/product"}],"replies":[{"embeddable":true,"href":"https:\/\/www.parthages.be\/eboutique\/wp-json\/wp\/v2\/comments?post=328"}],"wp:featuredmedia":[{"embeddable":true,"href":"https:\/\/www.parthages.be\/eboutique\/wp-json\/wp\/v2\/media\/327"}],"wp:attachment":[{"href":"https:\/\/www.parthages.be\/eboutique\/wp-json\/wp\/v2\/media?parent=328"}],"curies":[{"name":"wp","href":"https:\/\/api.w.org\/{rel}","templated":true}]}}