{"id":332,"date":"2013-06-10T13:36:34","date_gmt":"2013-06-10T11:36:34","guid":{"rendered":"https:\/\/www.parthages.be\/wordpress\/produit\/silence-on-frappe\/"},"modified":"2013-06-10T13:36:34","modified_gmt":"2013-06-10T11:36:34","slug":"silence-on-frappe","status":"publish","type":"product","link":"https:\/\/www.parthages.be\/eboutique\/produit\/silence-on-frappe\/","title":{"rendered":"Silence on frappe&#8230;"},"content":{"rendered":"<p style=\"margin-bottom: 0cm;\">Le silence institutionnel est LA Loi. Ceux qui parlent, prennent des risques, parfois sont m\u00eame victimes de graves pressions.<\/p>\n<p style=\"margin-bottom: 0cm;\">Malgr\u00e9 cela, depuis des ann\u00e9es, les auteurs de ce livre se battent pour que cessent les traitements indignes que vivent nos anciens en institution. A l\u2019oppos\u00e9 de la maltraitance, des \u00e9quipes de soin se sont attel\u00e9es \u00e0 d\u00e9velopper de nouveaux concepts d\u00e9di\u00e9s \u00e0 la<\/p>\n<p style=\"margin-bottom: 0cm;\">\u201cbientraitance\u00a0\u00bb. Yves Gineste a demand\u00e9 \u00e0 quatorze auteurs francophones de t\u00e9moigner librement sur ce double sujet. Tous sont des sp\u00e9cialistes reconnus, engag\u00e9s depuis longtemps dans la lutte contre la maltraitance comme le Professeur HUGONOT, mondialement entendu dans son combat. (Pr\u00e9sentation de l&rsquo;\u00e9diteur)<\/p>\n<p style=\"margin-bottom: 0cm;\"><span lang=\"fr-BE\">GINESTE Y.<\/span><\/p>\n<p style=\"margin-bottom: 0cm;\"><span lang=\"fr-BE\">Petrarque edition<\/span><\/p>\n<p style=\"margin-bottom: 0cm;\"><span lang=\"fr-BE\">2006 &#8211; 262 p.-450gr- 28\u20ac<\/span><\/p>\n<p style=\"margin-bottom: 0cm;\"><span lang=\"fr-BE\">ISBN\u00a0: 2-9520840-7-6<\/span><\/p>\n<span class=\"et_bloom_bottom_trigger\"><\/span>","protected":false},"excerpt":{"rendered":"<p style=\"margin-bottom: 0cm;\">Le silence institutionnel est LA Loi. Ceux qui parlent, prennent des risques, parfois sont m\u00eame victimes de graves pressions.<\/p>\n","protected":false},"featured_media":331,"comment_status":"open","ping_status":"closed","template":"","meta":{"_et_pb_use_builder":"","_et_pb_old_content":"","_et_gb_content_width":"","spay_email":""},"class_list":["post-332","product","type-product","status-publish","has-post-thumbnail","hentry","product_cat-livres","product_tag-institution","product_tag-maltraitance","product_tag-personne-agee"],"jetpack_sharing_enabled":true,"jetpack_likes_enabled":true,"_links":{"self":[{"href":"https:\/\/www.parthages.be\/eboutique\/wp-json\/wp\/v2\/product\/332","targetHints":{"allow":["GET"]}}],"collection":[{"href":"https:\/\/www.parthages.be\/eboutique\/wp-json\/wp\/v2\/product"}],"about":[{"href":"https:\/\/www.parthages.be\/eboutique\/wp-json\/wp\/v2\/types\/product"}],"replies":[{"embeddable":true,"href":"https:\/\/www.parthages.be\/eboutique\/wp-json\/wp\/v2\/comments?post=332"}],"wp:featuredmedia":[{"embeddable":true,"href":"https:\/\/www.parthages.be\/eboutique\/wp-json\/wp\/v2\/media\/331"}],"wp:attachment":[{"href":"https:\/\/www.parthages.be\/eboutique\/wp-json\/wp\/v2\/media?parent=332"}],"curies":[{"name":"wp","href":"https:\/\/api.w.org\/{rel}","templated":true}]}}