{"id":336,"date":"2013-06-10T13:47:38","date_gmt":"2013-06-10T11:47:38","guid":{"rendered":"https:\/\/www.parthages.be\/wordpress\/produit\/la-philosophie-face-au-handicap\/"},"modified":"2021-08-23T09:50:00","modified_gmt":"2021-08-23T07:50:00","slug":"la-philosophie-face-au-handicap","status":"publish","type":"product","link":"https:\/\/www.parthages.be\/eboutique\/produit\/la-philosophie-face-au-handicap\/","title":{"rendered":"La philosophie face au handicap"},"content":{"rendered":"<p style=\"margin-bottom: 0cm;\"><span lang=\"fr-BE\">\u00ab\u00a0Qu&rsquo;est-ce qu&rsquo;un handicap\u00e9 ? Celui qui rassure le badaud de sa normalit\u00e9 propre et de sa solide identit\u00e9. Celui qui voudra d\u00e9passer le regard du badaud pourra se voir en miroir dans la personne en situation de handicap. Notre identit\u00e9 est un acquis plus fragile qu&rsquo;il n&rsquo;y para\u00eet. Soyons donc ouverts \u00e0 la fragilit\u00e9 qui est si proche de nous-m\u00eames. La personne handicap\u00e9e ne fait que r\u00e9v\u00e9ler objectivement une figure possible de l&rsquo;\u00e9tranget\u00e9. Elle offre en m\u00eame temps la possibilit\u00e9 pour chacun de nous de reconna\u00eetre la part d&rsquo;\u00e9tranget\u00e9 qui est la n\u00f4tre. \u00bb B.Q. <\/span><\/p>\n<p style=\"margin-bottom: 0cm;\"><span lang=\"fr-BE\">Le handicap force la philosophie \u00e0 repenser ce qu&rsquo;est un homme. Platon demandait \u00ab si la vie valait la peine d&rsquo;\u00eatre v\u00e9cue avec un corps en loques et en ruines \u00bb. Il nous parlait ainsi d&rsquo;une soci\u00e9t\u00e9 qui n&rsquo;\u00e9tait pas pr\u00eate \u00e0 envisager la situation de handicap. Mais la philosophie n&rsquo;est pas un savoir mort. C&rsquo;est une pratique sans cesse \u00e0 r\u00e9activer. Bertrand Quentin ne se contente pas de donner la parole aux grands philosophes de l&rsquo;histoire, il se risque \u00e0 proposer de nouveaux concepts (l&#8217;empathie \u00e9gocentr\u00e9e, les compensations inopportunes&#8230;) et \u00e0 poser des questions g\u00eanantes : la personne qui ne pense pas est-elle un humain ? La m\u00e9decine a-t-elle \u00e0 r\u00e9soudre les probl\u00e8mes pos\u00e9s par le handicap ? Pourquoi avons-nous davantage peur de la ressemblance avec la personne handicap\u00e9e que de sa diff\u00e9rence ?<\/span><\/p>\n<p style=\"margin-bottom: 0cm;\"><span lang=\"fr-BE\">(Pr\u00e9sentation de l&rsquo;\u00e9diteur)<\/span><\/p>\n<p><span style=\"font-size: large;\">QUENTIN B.<\/span><\/p>\n<p style=\"margin-bottom: 0cm;\"><span lang=\"fr-BE\">Editions Er\u00e8s<\/span><\/p>\n<p style=\"margin-bottom: 0cm;\"><span lang=\"fr-BE\">2013- 179p.-225gr- 20\u20ac<\/span><\/p>\n<p style=\"margin-bottom: 0cm;\"><span lang=\"fr-BE\">ISBN\u00a0:\u00a0978-2-7492-3820-3<\/span><\/p>\n<p>Cote doc\u00a0: 7-10-QUE-P<\/p>\n<span class=\"et_bloom_bottom_trigger\"><\/span>","protected":false},"excerpt":{"rendered":"<p style=\"margin-bottom: 0cm;\"><span lang=\"fr-BE\">\u00ab\u00a0Qu&rsquo;est-ce qu&rsquo;un handicap\u00e9 ? Celui qui rassure le badaud de sa normalit\u00e9 propre et de sa solide identit\u00e9.<\/span><\/p>\n","protected":false},"featured_media":335,"comment_status":"open","ping_status":"closed","template":"","meta":{"_et_pb_use_builder":"","_et_pb_old_content":"","_et_gb_content_width":"","spay_email":""},"class_list":["post-336","product","type-product","status-publish","has-post-thumbnail","hentry","product_cat-livres"],"jetpack_sharing_enabled":true,"jetpack_likes_enabled":true,"_links":{"self":[{"href":"https:\/\/www.parthages.be\/eboutique\/wp-json\/wp\/v2\/product\/336","targetHints":{"allow":["GET"]}}],"collection":[{"href":"https:\/\/www.parthages.be\/eboutique\/wp-json\/wp\/v2\/product"}],"about":[{"href":"https:\/\/www.parthages.be\/eboutique\/wp-json\/wp\/v2\/types\/product"}],"replies":[{"embeddable":true,"href":"https:\/\/www.parthages.be\/eboutique\/wp-json\/wp\/v2\/comments?post=336"}],"wp:featuredmedia":[{"embeddable":true,"href":"https:\/\/www.parthages.be\/eboutique\/wp-json\/wp\/v2\/media\/335"}],"wp:attachment":[{"href":"https:\/\/www.parthages.be\/eboutique\/wp-json\/wp\/v2\/media?parent=336"}],"curies":[{"name":"wp","href":"https:\/\/api.w.org\/{rel}","templated":true}]}}