{"id":34,"date":"2012-09-24T11:37:53","date_gmt":"2012-09-24T09:37:53","guid":{"rendered":"https:\/\/www.parthages.be\/wordpress\/produit\/le-handicap-au-risque-des-cultures\/"},"modified":"2025-04-29T13:34:06","modified_gmt":"2025-04-29T11:34:06","slug":"le-handicap-au-risque-des-cultures","status":"publish","type":"product","link":"https:\/\/www.parthages.be\/eboutique\/produit\/le-handicap-au-risque-des-cultures\/","title":{"rendered":"Le handicap au risque des cultures"},"content":{"rendered":"<p>Partout et toujours, les hommes, fa\u00e7onn\u00e9s par leur culture, ne cessent de chercher des explications au handicap. Cet ouvrage \u00e0 plusieurs voix en explore les repr\u00e9sentations collectives ; il d\u00e9construit ce qui, au sein d&rsquo;une soci\u00e9t\u00e9, finit par appara\u00eetre naturel et il rend intelligible ce qui advient au-del\u00e0 des cultures.<\/p>\n<p>Franchissant les fronti\u00e8res, il propose un voyage sur le continent oc\u00e9anien, en pays kanak et aux \u00eeles Marquises ; en Am\u00e9rique du Nord, chez les Inuit du Grand Nord et au Canada ; en Am\u00e9rique du Sud, au Br\u00e9sil, en pays am\u00e9rindien, au Surinam et en Guyane ; sur le continent asiatique, en Chine et au Liban ; en Afrique, au S\u00e9n\u00e9gal, au Congo-Brazzaville, en Alg\u00e9rie et \u00e0 La R\u00e9union ; sur le continent europ\u00e9en, en Italie, en Norv\u00e8ge, en Allemagne, au Portugal, au Royaume-Uni et en France. Parcourant cette fresque anthropologique, on r\u00e9alise \u00e0 quel point les personnes en situation de handicap restent, ici et l\u00e0-bas, les proies d&rsquo;un monde imaginaire aliment\u00e9 par des croyances imm\u00e9moriales. On mesure combien la chose la mieux partag\u00e9e du monde est le d\u00e9sarroi angoiss\u00e9 des hommes face \u00e0 leur vuln\u00e9rabilit\u00e9. (Pr\u00e9sentation de l\u2019\u00e9diteur)<\/p>\n<p>GARDOU C.<\/p>\n<p>Editions Er\u00e8s<\/p>\n<p>2011- 440p-31\u20ac<\/p>\n<p>530gr<\/p>\n<p>ISBN\u00a0: 978-2-7492-1310-1<\/p>\n<p>Cote doc\u00a0: 7-10-GAR-H1<\/p>\n<span class=\"et_bloom_bottom_trigger\"><\/span>","protected":false},"excerpt":{"rendered":"<p>Partout et toujours, les hommes, fa\u00e7onn\u00e9s par leur culture, ne cessent de chercher des explications au handicap. Cet ouvrage \u00e0 plusieurs voix en explore les repr\u00e9sentations collectives ; il d\u00e9construit ce qui, au sein d&rsquo;une soci\u00e9t\u00e9, finit par appara\u00eetre naturel et il rend intelligible ce qui advient au-del\u00e0 des cultures.<\/p>\n","protected":false},"featured_media":1706,"comment_status":"open","ping_status":"closed","template":"","meta":{"_et_pb_use_builder":"","_et_pb_old_content":"","_et_gb_content_width":"","spay_email":""},"class_list":["post-34","product","type-product","status-publish","has-post-thumbnail","hentry","product_cat-livres","product_tag-anthropologie","product_tag-cecite","product_tag-culture","product_tag-deficience-intellectuelle","product_tag-deficience-motrice","product_tag-personne-handicapee","product_tag-representation-du-handicap","product_tag-surdite","product_tag-vulnerabilite"],"jetpack_sharing_enabled":true,"jetpack_likes_enabled":true,"_links":{"self":[{"href":"https:\/\/www.parthages.be\/eboutique\/wp-json\/wp\/v2\/product\/34","targetHints":{"allow":["GET"]}}],"collection":[{"href":"https:\/\/www.parthages.be\/eboutique\/wp-json\/wp\/v2\/product"}],"about":[{"href":"https:\/\/www.parthages.be\/eboutique\/wp-json\/wp\/v2\/types\/product"}],"replies":[{"embeddable":true,"href":"https:\/\/www.parthages.be\/eboutique\/wp-json\/wp\/v2\/comments?post=34"}],"wp:featuredmedia":[{"embeddable":true,"href":"https:\/\/www.parthages.be\/eboutique\/wp-json\/wp\/v2\/media\/1706"}],"wp:attachment":[{"href":"https:\/\/www.parthages.be\/eboutique\/wp-json\/wp\/v2\/media?parent=34"}],"curies":[{"name":"wp","href":"https:\/\/api.w.org\/{rel}","templated":true}]}}