{"id":346,"date":"2013-08-05T14:18:59","date_gmt":"2013-08-05T12:18:59","guid":{"rendered":"https:\/\/www.parthages.be\/wordpress\/produit\/programmes-eis-evaluation-intervention-et-suivi-aupres-des-jeunes-enfants-de-0-a-6-ans\/"},"modified":"2022-03-23T17:32:10","modified_gmt":"2022-03-23T16:32:10","slug":"programmes-eis-evaluation-intervention-et-suivi-aupres-des-jeunes-enfants-de-0-a-6-ans","status":"publish","type":"product","link":"https:\/\/www.parthages.be\/eboutique\/produit\/programmes-eis-evaluation-intervention-et-suivi-aupres-des-jeunes-enfants-de-0-a-6-ans\/","title":{"rendered":"Programmes EIS : Evaluation Intervention et suivi aupr\u00e8s des jeunes enfants de 0 \u00e0 6 ans"},"content":{"rendered":"<p>Ce programme d\u2019\u00e9valuation EIS, mieux connu dans le monde anglo-saxon sous le nom \u00ab AEPS \u00bb, est plus qu\u2019un instrument d\u2019\u00e9valuation et d\u2019intervention destin\u00e9 aux jeunes enfants pr\u00e9sentant des incapacit\u00e9s ou \u00e0 risque d\u2019en d\u00e9velopper\u00a0: il s\u2019agit d\u2019un syst\u00e8me complet qui permet de recueillir des renseignements pertinents sur le plan fonctionnel et \u00e9ducatif.<\/p>\n<p>Il int\u00e8gre l\u2019\u00e9valuation, les buts et les objectifs d\u2019intervention, le tout r\u00e9parti dans six domaines distincts : social, motricit\u00e9 fine, motricit\u00e9 globale, communication, cognitif et adaptatif. La division par domaines permet aux membres d\u2019une m\u00eame \u00e9quipe de remplir le test efficacement, alors que des points communs et des renvois entre les domaines favorisent la collaboration.<\/p>\n<p>L\u2019ensemble du programme (test et curriculum) forme donc un syst\u00e8me complet et int\u00e9gr\u00e9, de sorte qu\u2019il est possible, \u00e0 partir des r\u00e9sultats du test, de concevoir du mat\u00e9riel d\u2019intervention et de suivre les progr\u00e8s de l\u2019enfant.<\/p>\n<span class=\"et_bloom_bottom_trigger\"><\/span>","protected":false},"excerpt":{"rendered":"<p>Ce programme d\u2019\u00e9valuation EIS, mieux connu dans le monde anglo-saxon sous le nom \u00ab AEPS \u00bb, est plus qu\u2019un instrument d\u2019\u00e9valuation et d\u2019intervention destin\u00e9 aux jeunes enfants pr\u00e9sentant des incapacit\u00e9s ou \u00e0 risque d\u2019en d\u00e9velopper&#8230;<\/p>\n","protected":false},"featured_media":345,"comment_status":"open","ping_status":"closed","template":"","meta":{"_et_pb_use_builder":"","_et_pb_old_content":"","_et_gb_content_width":"","spay_email":""},"class_list":["post-346","product","type-product","status-publish","has-post-thumbnail","hentry","product_cat-livres","product_tag-accompagnement","product_tag-depistage-precoce","product_tag-developpement-psychologique","product_tag-enfant-handicape","product_tag-evaluation","product_tag-intervention-adaptee","product_tag-outil","product_tag-prise-en-charge","product_tag-test"],"jetpack_sharing_enabled":true,"jetpack_likes_enabled":true,"_links":{"self":[{"href":"https:\/\/www.parthages.be\/eboutique\/wp-json\/wp\/v2\/product\/346","targetHints":{"allow":["GET"]}}],"collection":[{"href":"https:\/\/www.parthages.be\/eboutique\/wp-json\/wp\/v2\/product"}],"about":[{"href":"https:\/\/www.parthages.be\/eboutique\/wp-json\/wp\/v2\/types\/product"}],"replies":[{"embeddable":true,"href":"https:\/\/www.parthages.be\/eboutique\/wp-json\/wp\/v2\/comments?post=346"}],"wp:featuredmedia":[{"embeddable":true,"href":"https:\/\/www.parthages.be\/eboutique\/wp-json\/wp\/v2\/media\/345"}],"wp:attachment":[{"href":"https:\/\/www.parthages.be\/eboutique\/wp-json\/wp\/v2\/media?parent=346"}],"curies":[{"name":"wp","href":"https:\/\/api.w.org\/{rel}","templated":true}]}}